{"id":13,"date":"2020-01-20T18:53:37","date_gmt":"2020-01-20T18:53:37","guid":{"rendered":"http:\/\/blogs.sld.cu\/arritmiacardiaca\/?page_id=13"},"modified":"2021-01-12T13:11:44","modified_gmt":"2021-01-12T13:11:44","slug":"acerca-de","status":"publish","type":"page","link":"https:\/\/blogs.sld.cu\/arritmiacardiaca\/acerca-de\/","title":{"rendered":""},"content":{"rendered":"<p><span style=\"font-size: 10pt\"><a href=\"http:\/\/blogs.sld.cu\/arritmiacardiaca\/files\/2020\/01\/alaingutierrezlopez-e1597086443199.jpg\"><img loading=\"lazy\" class=\"  wp-image-298 alignleft\" style=\"margin: 5px\" src=\"http:\/\/blogs.sld.cu\/arritmiacardiaca\/files\/2020\/01\/alaingutierrezlopez-181x300.jpg\" alt=\"alaingutierrezlopez\" width=\"154\" height=\"255\" \/><\/a>Este sitio forma parte del\u00a0Portal de Enfermedades de Infomed,\u00a0red de personas e instituciones que trabajan para que la\u00a0informaci\u00f3n y el conocimiento lleguen a todos. En nuestro sitio usted podr\u00e1 encontrar informaci\u00f3n acerca de la arritmia card\u00edaca (AC).<\/span><\/p>\n<p><span style=\"font-size: 10pt\">\u00bfQu\u00e9 es la AC? \u00bfQu\u00e9 la causa? \u00bfCu\u00e1les son los s\u00edntomas? \u00bfSe puede tratar a la AC con medicamentos? \u00bfQu\u00e9 puede usted hacer para cuidarse? Estas y otras interrogantes ser\u00e1n respondidas a trav\u00e9s de las secciones que integran este espacio.<\/span><\/p>\n<p><span style=\"font-size: 10pt\">La arritmolog\u00eda cl\u00ednica, la estimulaci\u00f3n card\u00edaca y la electrofisiolog\u00eda son subespecialidades de la cardiolog\u00eda que han experimentado un crecimiento vertiginoso en los \u00faltimos a\u00f1os.<\/span><\/p>\n<p><span style=\"font-size: 10pt\">Esto ha sido posible gracias al desarrollo de la ciencia y la t\u00e9cnica, que tienen su expresi\u00f3n en la generaci\u00f3n de nuevas tecnolog\u00edas.<\/span><\/p>\n<p><span style=\"font-size: 10pt\">Las arritmias son peligrosas, por lo que deben ser tratadas, pero haci\u00e9ndolo a tiempo todas las enfermedades tienen mejor\u00eda, lo que repercute en la vida del paciente.<\/span><\/p>\n<p style=\"text-align: left\"><span style=\"font-size: 10pt\">El editor del sitio web es el Dr. Alain Guti\u00e9rrez L\u00f3pez, especialista de Primer Grado en Cardiolog\u00eda, quien de manera educativa e interactiva responder\u00e1\u00a0a las preguntas de los lectores y les explicar\u00e1 lo necesario para conocer este problema de salud.<\/span><\/p>\n<p style=\"text-align: left\"><span style=\"font-size: 10pt\">\u00a0<\/span><\/p>\n","protected":false},"excerpt":{"rendered":"<p>Este sitio forma parte del\u00a0Portal de Enfermedades de Infomed,\u00a0red de personas e instituciones que trabajan para que la\u00a0informaci\u00f3n y el conocimiento lleguen a todos. En nuestro sitio usted podr\u00e1 encontrar informaci\u00f3n acerca de la arritmia card\u00edaca (AC). \u00bfQu\u00e9 es la AC? \u00bfQu\u00e9 la causa? \u00bfCu\u00e1les son los s\u00edntomas? \u00bfSe puede tratar a la AC con [&hellip;]<\/p>\n","protected":false},"author":207,"featured_media":0,"parent":0,"menu_order":0,"comment_status":"closed","ping_status":"closed","template":"","meta":[],"_links":{"self":[{"href":"https:\/\/blogs.sld.cu\/arritmiacardiaca\/wp-json\/wp\/v2\/pages\/13"}],"collection":[{"href":"https:\/\/blogs.sld.cu\/arritmiacardiaca\/wp-json\/wp\/v2\/pages"}],"about":[{"href":"https:\/\/blogs.sld.cu\/arritmiacardiaca\/wp-json\/wp\/v2\/types\/page"}],"author":[{"embeddable":true,"href":"https:\/\/blogs.sld.cu\/arritmiacardiaca\/wp-json\/wp\/v2\/users\/207"}],"replies":[{"embeddable":true,"href":"https:\/\/blogs.sld.cu\/arritmiacardiaca\/wp-json\/wp\/v2\/comments?post=13"}],"version-history":[{"count":25,"href":"https:\/\/blogs.sld.cu\/arritmiacardiaca\/wp-json\/wp\/v2\/pages\/13\/revisions"}],"predecessor-version":[{"id":409,"href":"https:\/\/blogs.sld.cu\/arritmiacardiaca\/wp-json\/wp\/v2\/pages\/13\/revisions\/409"}],"wp:attachment":[{"href":"https:\/\/blogs.sld.cu\/arritmiacardiaca\/wp-json\/wp\/v2\/media?parent=13"}],"curies":[{"name":"wp","href":"https:\/\/api.w.org\/{rel}","templated":true}]}}