{"id":156,"date":"2020-03-18T20:24:02","date_gmt":"2020-03-18T20:24:02","guid":{"rendered":"http:\/\/blogs.sld.cu\/arritmiacardiaca\/?page_id=156"},"modified":"2020-12-15T15:39:54","modified_gmt":"2020-12-15T15:39:54","slug":"resonancia-magnetica-cardiaca","status":"publish","type":"page","link":"https:\/\/blogs.sld.cu\/arritmiacardiaca\/resonancia-magnetica-cardiaca\/","title":{"rendered":"Resonancia magn\u00e9tica card\u00edaca"},"content":{"rendered":"<p><span style=\"font-size: 12pt\">La resonancia magn\u00e9tica card\u00edaca (RMC) es una t\u00e9cnica de imagen de elevada resoluci\u00f3n espacial y temporal, exenta de radiaciones, cuyo empleo se hace cada vez m\u00e1s frecuente en la pr\u00e1ctica cardiol\u00f3gica en el mundo. Sus principales aplicaciones est\u00e1n relacionadas con el estudio de la funci\u00f3n ventricular y la caracterizaci\u00f3n tisular. Es la t\u00e9cnica diagn\u00f3stica m\u00e1s reproducible para la medici\u00f3n de las dimensiones, la masa y los vol\u00famenes ventriculares. Permite describir el miocardio y sus cambios.<\/span><\/p>\n<p><span style=\"font-size: 12pt\"><strong>\u00bb Estudio electrofisiol\u00f3gico (EEF)<\/strong><\/span><\/p>\n<p><span style=\"font-size: 12pt\">Un EEF invasivo implica la introducci\u00f3n de un cat\u00e9ter con electrodos multipolares en el sistema venoso o arterial, que se colocan en distintas posiciones intracard\u00edacas para registrar o estimular la actividad el\u00e9ctrica card\u00edaca.<\/span><\/p>\n<p><span style=\"font-size: 12pt\"><strong>\u00bb Mapeo no fluorosc\u00f3pico<\/strong><\/span><\/p>\n<p><span style=\"font-size: 12pt\">La obtenci\u00f3n del mapa card\u00edaco es un m\u00e9todo por el cual se representan espacialmente los potenciales registrados directamente en el coraz\u00f3n, en funci\u00f3n del tiempo y de forma integrada.<\/span><\/p>\n<p><span style=\"font-size: 12pt\">El mapa card\u00edaco tambi\u00e9n puede utilizarse para perfilar el trayecto anat\u00f3mico del haz de His con el fin de evitar lesiones durante la <a href=\"http:\/\/blogs.sld.cu\/arritmiacardiaca\/256-2\/\">ablaci\u00f3n con cat\u00e9ter<\/a> o la intervenci\u00f3n quir\u00fargica abierta destinada a la reparaci\u00f3n de cardiopat\u00edas cong\u00e9nitas.<\/span><\/p>\n<p><span style=\"font-size: 12pt\">Los actuales sistemas de cartograf\u00eda card\u00edaca son capaces de integrar los estudios de imagen previos (tomograf\u00eda computarizada, resonancia magn\u00e9tica) en la propia t\u00e9cnica, a fin de disponer de mayores referencias.<\/span><\/p>\n","protected":false},"excerpt":{"rendered":"<p>La resonancia magn\u00e9tica card\u00edaca (RMC) es una t\u00e9cnica de imagen de elevada resoluci\u00f3n espacial y temporal, exenta de radiaciones, cuyo empleo se hace cada vez m\u00e1s frecuente en la pr\u00e1ctica cardiol\u00f3gica en el mundo. Sus principales aplicaciones est\u00e1n relacionadas con el estudio de la funci\u00f3n ventricular y la caracterizaci\u00f3n tisular. Es la t\u00e9cnica diagn\u00f3stica m\u00e1s [&hellip;]<\/p>\n","protected":false},"author":208,"featured_media":0,"parent":0,"menu_order":0,"comment_status":"closed","ping_status":"closed","template":"","meta":[],"_links":{"self":[{"href":"https:\/\/blogs.sld.cu\/arritmiacardiaca\/wp-json\/wp\/v2\/pages\/156"}],"collection":[{"href":"https:\/\/blogs.sld.cu\/arritmiacardiaca\/wp-json\/wp\/v2\/pages"}],"about":[{"href":"https:\/\/blogs.sld.cu\/arritmiacardiaca\/wp-json\/wp\/v2\/types\/page"}],"author":[{"embeddable":true,"href":"https:\/\/blogs.sld.cu\/arritmiacardiaca\/wp-json\/wp\/v2\/users\/208"}],"replies":[{"embeddable":true,"href":"https:\/\/blogs.sld.cu\/arritmiacardiaca\/wp-json\/wp\/v2\/comments?post=156"}],"version-history":[{"count":9,"href":"https:\/\/blogs.sld.cu\/arritmiacardiaca\/wp-json\/wp\/v2\/pages\/156\/revisions"}],"predecessor-version":[{"id":388,"href":"https:\/\/blogs.sld.cu\/arritmiacardiaca\/wp-json\/wp\/v2\/pages\/156\/revisions\/388"}],"wp:attachment":[{"href":"https:\/\/blogs.sld.cu\/arritmiacardiaca\/wp-json\/wp\/v2\/media?parent=156"}],"curies":[{"name":"wp","href":"https:\/\/api.w.org\/{rel}","templated":true}]}}