{"id":237,"date":"2020-05-08T19:58:26","date_gmt":"2020-05-08T19:58:26","guid":{"rendered":"http:\/\/blogs.sld.cu\/arritmiacardiaca\/?page_id=237"},"modified":"2020-05-12T03:21:04","modified_gmt":"2020-05-12T03:21:04","slug":"bienvenidos","status":"publish","type":"page","link":"https:\/\/blogs.sld.cu\/arritmiacardiaca\/bienvenidos\/","title":{"rendered":"\u00a1Bienvenidos!"},"content":{"rendered":"<p><a href=\"http:\/\/blogs.sld.cu\/arritmiacardiaca\/files\/2020\/05\/arritmia.png\"><img loading=\"lazy\" class=\"alignnone size-full wp-image-273\" src=\"http:\/\/blogs.sld.cu\/arritmiacardiaca\/files\/2020\/05\/arritmia.png\" alt=\"arritmia\" width=\"530\" height=\"230\" srcset=\"https:\/\/blogs.sld.cu\/arritmiacardiaca\/files\/2020\/05\/arritmia.png 530w, https:\/\/blogs.sld.cu\/arritmiacardiaca\/files\/2020\/05\/arritmia-300x130.png 300w, https:\/\/blogs.sld.cu\/arritmiacardiaca\/files\/2020\/05\/arritmia-250x108.png 250w\" sizes=\"(max-width: 530px) 100vw, 530px\" \/><\/a><\/p>\n<p><span style=\"font-size: 12pt\">Al sitio de <strong>Arritmia card\u00edaca<\/strong>, del Portal de enfermedades de la Red de portales de Infomed.<\/span><\/p>\n<p><span style=\"font-size: 12pt\">En nuestro sitio, encontrar\u00e1s informaci\u00f3n de todo lo relativo a la Arritmia card\u00edaca y sus diferentes tipos, c\u00f3mo tratarlas,\u00a0 tipos de tratamientos y diferentes aspectos que te interesar\u00e1n para mejorar tus condiciones de vida.<\/span><\/p>\n<p><span style=\"font-size: 12pt\">Su editor es el Dr. Alain Guti\u00e9rrez L\u00f3pez, especialista de 1er. grado en Cardiolog\u00eda, que de forma educativa e interactiva responder\u00e1\u00a0 las preguntas que te puedan preocupar sobre\u00a0 la arritmia card\u00edaca.<\/span><\/p>\n","protected":false},"excerpt":{"rendered":"<p>Al sitio de Arritmia card\u00edaca, del Portal de enfermedades de la Red de portales de Infomed. En nuestro sitio, encontrar\u00e1s informaci\u00f3n de todo lo relativo a la Arritmia card\u00edaca y sus diferentes tipos, c\u00f3mo tratarlas,\u00a0 tipos de tratamientos y diferentes aspectos que te interesar\u00e1n para mejorar tus condiciones de vida. Su editor es el Dr. [&hellip;]<\/p>\n","protected":false},"author":208,"featured_media":0,"parent":0,"menu_order":0,"comment_status":"closed","ping_status":"closed","template":"","meta":[],"_links":{"self":[{"href":"https:\/\/blogs.sld.cu\/arritmiacardiaca\/wp-json\/wp\/v2\/pages\/237"}],"collection":[{"href":"https:\/\/blogs.sld.cu\/arritmiacardiaca\/wp-json\/wp\/v2\/pages"}],"about":[{"href":"https:\/\/blogs.sld.cu\/arritmiacardiaca\/wp-json\/wp\/v2\/types\/page"}],"author":[{"embeddable":true,"href":"https:\/\/blogs.sld.cu\/arritmiacardiaca\/wp-json\/wp\/v2\/users\/208"}],"replies":[{"embeddable":true,"href":"https:\/\/blogs.sld.cu\/arritmiacardiaca\/wp-json\/wp\/v2\/comments?post=237"}],"version-history":[{"count":11,"href":"https:\/\/blogs.sld.cu\/arritmiacardiaca\/wp-json\/wp\/v2\/pages\/237\/revisions"}],"predecessor-version":[{"id":293,"href":"https:\/\/blogs.sld.cu\/arritmiacardiaca\/wp-json\/wp\/v2\/pages\/237\/revisions\/293"}],"wp:attachment":[{"href":"https:\/\/blogs.sld.cu\/arritmiacardiaca\/wp-json\/wp\/v2\/media?parent=237"}],"curies":[{"name":"wp","href":"https:\/\/api.w.org\/{rel}","templated":true}]}}