{"id":256,"date":"2020-05-08T21:14:10","date_gmt":"2020-05-08T21:14:10","guid":{"rendered":"http:\/\/blogs.sld.cu\/arritmiacardiaca\/?page_id=256"},"modified":"2020-11-23T19:21:07","modified_gmt":"2020-11-23T19:21:07","slug":"256-2","status":"publish","type":"page","link":"https:\/\/blogs.sld.cu\/arritmiacardiaca\/256-2\/","title":{"rendered":""},"content":{"rendered":"<p>La<strong> ablaci\u00f3n card\u00edaca<\/strong> es un procedimiento que permite solucionar problemas en las arritmias card\u00edacas.<\/p>\n<p>En la ablaci\u00f3n card\u00edaca habitualmente se utilizan cat\u00e9teres (tubos largos y flexibles) que se introducen a trav\u00e9s de una vena o arteria en la ingle y se deslizan hasta el coraz\u00f3n con el fin de aplicar energ\u00eda en forma de calor o fr\u00edo extremo para modificar los tejidos del coraz\u00f3n que provocan una arritmia.<\/p>\n<p>La ablaci\u00f3n card\u00edaca a veces se realiza mediante una cirug\u00eda a coraz\u00f3n abierto.<\/p>\n","protected":false},"excerpt":{"rendered":"<p>La ablaci\u00f3n card\u00edaca es un procedimiento que permite solucionar problemas en las arritmias card\u00edacas. En la ablaci\u00f3n card\u00edaca habitualmente se utilizan cat\u00e9teres (tubos largos y flexibles) que se introducen a trav\u00e9s de una vena o arteria en la ingle y se deslizan hasta el coraz\u00f3n con el fin de aplicar energ\u00eda en forma de calor [&hellip;]<\/p>\n","protected":false},"author":208,"featured_media":0,"parent":0,"menu_order":0,"comment_status":"open","ping_status":"open","template":"","meta":[],"_links":{"self":[{"href":"https:\/\/blogs.sld.cu\/arritmiacardiaca\/wp-json\/wp\/v2\/pages\/256"}],"collection":[{"href":"https:\/\/blogs.sld.cu\/arritmiacardiaca\/wp-json\/wp\/v2\/pages"}],"about":[{"href":"https:\/\/blogs.sld.cu\/arritmiacardiaca\/wp-json\/wp\/v2\/types\/page"}],"author":[{"embeddable":true,"href":"https:\/\/blogs.sld.cu\/arritmiacardiaca\/wp-json\/wp\/v2\/users\/208"}],"replies":[{"embeddable":true,"href":"https:\/\/blogs.sld.cu\/arritmiacardiaca\/wp-json\/wp\/v2\/comments?post=256"}],"version-history":[{"count":4,"href":"https:\/\/blogs.sld.cu\/arritmiacardiaca\/wp-json\/wp\/v2\/pages\/256\/revisions"}],"predecessor-version":[{"id":368,"href":"https:\/\/blogs.sld.cu\/arritmiacardiaca\/wp-json\/wp\/v2\/pages\/256\/revisions\/368"}],"wp:attachment":[{"href":"https:\/\/blogs.sld.cu\/arritmiacardiaca\/wp-json\/wp\/v2\/media?parent=256"}],"curies":[{"name":"wp","href":"https:\/\/api.w.org\/{rel}","templated":true}]}}