{"id":28,"date":"2020-01-22T06:23:29","date_gmt":"2020-01-22T06:23:29","guid":{"rendered":"http:\/\/blogs.sld.cu\/arritmiacardiaca\/?page_id=28"},"modified":"2021-01-12T13:06:09","modified_gmt":"2021-01-12T13:06:09","slug":"tratamientos","status":"publish","type":"page","link":"https:\/\/blogs.sld.cu\/arritmiacardiaca\/tratamientos\/","title":{"rendered":"Tratamientos y estilo de vida"},"content":{"rendered":"<p><span style=\"font-size: 10pt\">Podemos generalizar el tratamiento, tanto de las taquiarritmias como de las bradiarritmias.<\/span><\/p>\n<h4><span style=\"font-size: 10pt\">Taquiarritmias<\/span><\/h4>\n<ul>\n<li><span style=\"font-size: 10pt\">\u00bb Maniobras vagales (est\u00edmulo del parasimp\u00e1tico). Golpe precordial.<\/span><\/li>\n<li><span style=\"font-size: 10pt\">\u00bb F\u00e1rmacos: ATP, verapamil, ajmalina, quinidina, amiodarona, beta-bloqueantes, digoxina, flecainidina, encainida, lidocaina, procainamida, mexiletina, magnesio, propafenona, etc.<\/span><\/li>\n<li><span style=\"font-size: 10pt\">\u00bb Medios el\u00e9ctricos: Cardioversi\u00f3n, desfibrilaci\u00f3n, sobreestimulaci\u00f3n, marcapasos (MP) antitaquicardia, MP desfibrilador implantable, Ablaci\u00f3n por cat\u00e9ter.<\/span><\/li>\n<li><span style=\"font-size: 10pt\">\u00bb Cirug\u00eda.<\/span><\/li>\n<\/ul>\n<h4><span style=\"font-size: 10pt\">\u00a0Bradiarritmias<\/span><\/h4>\n<ul>\n<li><span style=\"font-size: 10pt\">\u00bb F\u00e1rmacos: Atropina e isoprotenerol.<\/span><\/li>\n<li><span style=\"font-size: 10pt\">\u00bb Marcapasos: Provisional y definitivo.<\/span><\/li>\n<\/ul>\n<h3 style=\"text-align: left\"><span style=\"font-size: 10pt\">\u00a0<a title=\"Estilo de vida\" href=\"http:\/\/blogs.sld.cu\/arritmiacardiaca\/262-2\/\">Estilo de vida<\/a><\/span><\/h3>\n","protected":false},"excerpt":{"rendered":"<p>Podemos generalizar el tratamiento, tanto de las taquiarritmias como de las bradiarritmias. Taquiarritmias \u00bb Maniobras vagales (est\u00edmulo del parasimp\u00e1tico). Golpe precordial. \u00bb F\u00e1rmacos: ATP, verapamil, ajmalina, quinidina, amiodarona, beta-bloqueantes, digoxina, flecainidina, encainida, lidocaina, procainamida, mexiletina, magnesio, propafenona, etc. \u00bb Medios el\u00e9ctricos: Cardioversi\u00f3n, desfibrilaci\u00f3n, sobreestimulaci\u00f3n, marcapasos (MP) antitaquicardia, MP desfibrilador implantable, Ablaci\u00f3n por cat\u00e9ter. \u00bb Cirug\u00eda. [&hellip;]<\/p>\n","protected":false},"author":207,"featured_media":0,"parent":0,"menu_order":0,"comment_status":"closed","ping_status":"closed","template":"","meta":[],"_links":{"self":[{"href":"https:\/\/blogs.sld.cu\/arritmiacardiaca\/wp-json\/wp\/v2\/pages\/28"}],"collection":[{"href":"https:\/\/blogs.sld.cu\/arritmiacardiaca\/wp-json\/wp\/v2\/pages"}],"about":[{"href":"https:\/\/blogs.sld.cu\/arritmiacardiaca\/wp-json\/wp\/v2\/types\/page"}],"author":[{"embeddable":true,"href":"https:\/\/blogs.sld.cu\/arritmiacardiaca\/wp-json\/wp\/v2\/users\/207"}],"replies":[{"embeddable":true,"href":"https:\/\/blogs.sld.cu\/arritmiacardiaca\/wp-json\/wp\/v2\/comments?post=28"}],"version-history":[{"count":17,"href":"https:\/\/blogs.sld.cu\/arritmiacardiaca\/wp-json\/wp\/v2\/pages\/28\/revisions"}],"predecessor-version":[{"id":400,"href":"https:\/\/blogs.sld.cu\/arritmiacardiaca\/wp-json\/wp\/v2\/pages\/28\/revisions\/400"}],"wp:attachment":[{"href":"https:\/\/blogs.sld.cu\/arritmiacardiaca\/wp-json\/wp\/v2\/media?parent=28"}],"curies":[{"name":"wp","href":"https:\/\/api.w.org\/{rel}","templated":true}]}}