{"id":31,"date":"2020-01-22T06:31:55","date_gmt":"2020-01-22T06:31:55","guid":{"rendered":"http:\/\/blogs.sld.cu\/arritmiacardiaca\/?page_id=31"},"modified":"2021-01-12T13:06:25","modified_gmt":"2021-01-12T13:06:25","slug":"recursos","status":"publish","type":"page","link":"https:\/\/blogs.sld.cu\/arritmiacardiaca\/recursos\/","title":{"rendered":"Recursos"},"content":{"rendered":"<p><span style=\"font-size: 10pt\"><strong>Sitios donde puedes encontrar informaci\u00f3n sobre Arritmia Card\u00edaca:<\/strong><\/span><\/p>\n<p><span style=\"font-size: 10pt\">Sitios web cubanos<\/span><\/p>\n<p><span style=\"font-size: 10pt\"><a title=\"Instituto de cardiolog\u00eda y cirug\u00eda cardiovascular\" href=\"https:\/\/blogs.sld.cu\/insuficienciacardiaca\/\" target=\"_blank\">Instituto de Cardiolog\u00eda y cirug\u00eda cardiovascular<br \/>\nInsuficiencia card\u00edaca<\/a><\/span><br \/>\n<span style=\"font-size: 10pt\"> <a title=\"Hospital Cl\u00ednico -Quir\u00fargico Hermanos Amejeiras\" href=\"http:\/\/www.hospitalameijeiras.sld.cu\/hha\/index.php\" target=\"_blank\">Hospital Hermanos Amejeiras<\/a><\/span><\/p>\n<p><span style=\"font-size: 10pt\">Sitios web extranjeros<\/span><\/p>\n<ul>\n<li><span style=\"font-size: 10pt\"><a href=\"https:\/\/www.fesemi.org\/informacion-pacientes\/buscar-enfermedad?keys=S%C3%ADndrome+de+Guilleme&amp;field_enfermedad_tid=All&amp;field_especialidad_tid=All\" target=\"_blank\">\u00bb Buscador de Enfermedades<\/a><\/span><\/li>\n<li><span style=\"font-size: 10pt\"><a href=\"https:\/\/medlineplus.gov\/spanish\/ency\/article\/001101.htm\">\u00bb Arritmia card\u00edaca. Medline Plus<\/a><\/span><\/li>\n<li><span style=\"font-size: 10pt\"><a href=\"https:\/\/www.mayoclinic.org\/es-es\/diseases-conditions\/heart-arrhythmia\/symptoms-causes\/...\" target=\"_blank\">\u00bb Arritmia card\u00edaca. Cl\u00ednica Mayo<\/a><\/span><\/li>\n<li><span style=\"font-size: 10pt\"><a href=\"https:\/\/www.webconsultas.com\/categoria\/salud-al-dia\/arritmia\">\u00bb Webconsultas. Arritmias: causas, s\u00edntomas y tratamientos<\/a><\/span><\/li>\n<li><span style=\"font-size: 10pt\"><a href=\"https:\/\/mejorconsalud.com\/arritmia-cardiaca-sintomas-y-consecuencias\" target=\"_blank\">\u00bb Mejor con salud: Arritmia cardiaca<\/a><\/span><\/li>\n<\/ul>\n<p><span style=\"font-size: 10pt\">\u00a0<\/span><\/p>\n","protected":false},"excerpt":{"rendered":"<p>Sitios donde puedes encontrar informaci\u00f3n sobre Arritmia Card\u00edaca: Sitios web cubanos Instituto de Cardiolog\u00eda y cirug\u00eda cardiovascular Insuficiencia card\u00edaca Hospital Hermanos Amejeiras Sitios web extranjeros \u00bb Buscador de Enfermedades \u00bb Arritmia card\u00edaca. Medline Plus \u00bb Arritmia card\u00edaca. Cl\u00ednica Mayo \u00bb Webconsultas. Arritmias: causas, s\u00edntomas y tratamientos \u00bb Mejor con salud: Arritmia cardiaca \u00a0<\/p>\n","protected":false},"author":207,"featured_media":0,"parent":0,"menu_order":0,"comment_status":"closed","ping_status":"closed","template":"","meta":[],"_links":{"self":[{"href":"https:\/\/blogs.sld.cu\/arritmiacardiaca\/wp-json\/wp\/v2\/pages\/31"}],"collection":[{"href":"https:\/\/blogs.sld.cu\/arritmiacardiaca\/wp-json\/wp\/v2\/pages"}],"about":[{"href":"https:\/\/blogs.sld.cu\/arritmiacardiaca\/wp-json\/wp\/v2\/types\/page"}],"author":[{"embeddable":true,"href":"https:\/\/blogs.sld.cu\/arritmiacardiaca\/wp-json\/wp\/v2\/users\/207"}],"replies":[{"embeddable":true,"href":"https:\/\/blogs.sld.cu\/arritmiacardiaca\/wp-json\/wp\/v2\/comments?post=31"}],"version-history":[{"count":12,"href":"https:\/\/blogs.sld.cu\/arritmiacardiaca\/wp-json\/wp\/v2\/pages\/31\/revisions"}],"predecessor-version":[{"id":401,"href":"https:\/\/blogs.sld.cu\/arritmiacardiaca\/wp-json\/wp\/v2\/pages\/31\/revisions\/401"}],"wp:attachment":[{"href":"https:\/\/blogs.sld.cu\/arritmiacardiaca\/wp-json\/wp\/v2\/media?parent=31"}],"curies":[{"name":"wp","href":"https:\/\/api.w.org\/{rel}","templated":true}]}}