{"id":52,"date":"2020-01-24T08:08:08","date_gmt":"2020-01-24T08:08:08","guid":{"rendered":"http:\/\/blogs.sld.cu\/arritmiacardiaca\/?page_id=52"},"modified":"2021-01-12T13:07:24","modified_gmt":"2021-01-12T13:07:24","slug":"preguntas-y-respuestas","status":"publish","type":"page","link":"https:\/\/blogs.sld.cu\/arritmiacardiaca\/preguntas-y-respuestas\/","title":{"rendered":"Preguntas y respuestas"},"content":{"rendered":"<p style=\"text-align: left\"><span style=\"font-size: 10pt\"><strong>\u00bfQu\u00e9 es la fibrilaci\u00f3n auricular?<\/strong><\/span><\/p>\n<p style=\"text-align: left\"><span style=\"font-size: 10pt\">Esta arritmia (la m\u00e1s frecuente) se caracteriza por que, en lugar de una sola onda el\u00e9ctrica para cada latido, la actividad el\u00e9ctrica de la aur\u00edcula se desorganiza,generando m\u00faltiples ondas a un mismo tiempo. La aur\u00edcula pierde la capacidad de contraerse de manera uniforme. Adem\u00e1s, a los ventr\u00edculos llegan las ondas de manera irregular, as\u00ed que su contracci\u00f3n tambi\u00e9n se vuelve irregular.<\/span><\/p>\n<p style=\"text-align: left\"><span style=\"font-size: 10pt\"><strong>\u00bfQu\u00e9 s\u00edntomas se notan cuando aparece la fibrilaci\u00f3n auricular?<\/strong><\/span><\/p>\n<p style=\"text-align: left\"><span style=\"font-size: 10pt\">El s\u00edntoma m\u00e1s frecuente son las palpitaciones, es decir, tambi\u00e9n se puede sentir dificultad respiratoria, mareo y sensaci\u00f3n de opresi\u00f3n en el pecho. Otras veces, la principal molestia es el cansancio, la sensaci\u00f3n de malestar general o la fatiga al realizar la actividades cotidianas.<\/span><\/p>\n<p style=\"text-align: left\"><span style=\"font-size: 10pt\"><strong>\u00bfQu\u00e9 factores de riesgo hay?<\/strong><\/span><\/p>\n<p style=\"text-align: left\"><span style=\"font-size: 10pt\">La edad, la hipertensi\u00f3n arterial y la insuficiencia cardiaca aumentan el riesgo de desarrollar fibrilaci\u00f3n auricular. Ocurre igual en casos de diabetes mellitas, infarto de miocardio, cardiopat\u00edas valvulares, enfermedades tiroideas, enfermedades peric\u00e1rdicas y obesidad.<\/span><\/p>\n<p style=\"text-align: left\"><span style=\"font-size: 10pt\"><strong>\u00bfQu\u00e9 puede provocar una crisis?<\/strong><\/span><\/p>\n<p style=\"text-align: left\"><span style=\"font-size: 10pt\">Algunos desencadenantes conocidos son el alcohol, el caf\u00e9, el t\u00e9 y otros estimulantes. Adem\u00e1s, en muchas personas es habitual que la fibrilaci\u00f3n auricular aparezca despu\u00e9s de las comidas (haciendo la digesti\u00f3n) o durante el sue\u00f1o, pudiendo llegar a despertarse con palpitaciones. La aparici\u00f3n de fibrilaci\u00f3n auricular durante el ejercicio f\u00edsico es menos frecuente.<\/span><\/p>\n<p style=\"text-align: left\"><span style=\"font-size: 10pt\"><strong>\u00bfC\u00f3mo es el pulso en una crisis de fibrilaci\u00f3n auricular?<\/strong><\/span><\/p>\n<p style=\"text-align: left\"><span style=\"font-size: 10pt\">El pulso es irregular (no r\u00edtmico). En la mayor\u00eda de los casos se vuelve m\u00e1s r\u00e1pido; pero tambi\u00e9n puede ser lento o, incluso, mantenerse en el l\u00edmite normal. Tambi\u00e9n es posible que los latidos del pulso sean distintos unos de los otros. Esto se debe a que el coraz\u00f3n est\u00e1 expulsando diferentes cantidades de sangre en cada latido.<\/span><\/p>\n<p style=\"text-align: left\"><span style=\"font-size: 10pt\"><strong>De vez en cuando noto un vuelco y despu\u00e9s como si se parase el coraz\u00f3n. \u00bfTiene algo que ver con la fibrilaci\u00f3n auricular?<\/strong><\/span><\/p>\n<p style=\"text-align: left\"><span style=\"font-size: 10pt\">Lo que notas es, probablemente, una extras\u00edstole, es decir, un latido que pierde la regularidad y se adelanta. No se trata pues de fibrilaci\u00f3n auricular y es de caracter\u00edsticas totalmente benignas. En general, no requiere tratamiento.<\/span><\/p>\n<p style=\"text-align: left\"><span style=\"font-size: 10pt\">\u00a0<\/span><\/p>\n","protected":false},"excerpt":{"rendered":"<p>\u00bfQu\u00e9 es la fibrilaci\u00f3n auricular? Esta arritmia (la m\u00e1s frecuente) se caracteriza por que, en lugar de una sola onda el\u00e9ctrica para cada latido, la actividad el\u00e9ctrica de la aur\u00edcula se desorganiza,generando m\u00faltiples ondas a un mismo tiempo. La aur\u00edcula pierde la capacidad de contraerse de manera uniforme. Adem\u00e1s, a los ventr\u00edculos llegan las ondas [&hellip;]<\/p>\n","protected":false},"author":207,"featured_media":0,"parent":0,"menu_order":0,"comment_status":"closed","ping_status":"closed","template":"","meta":[],"_links":{"self":[{"href":"https:\/\/blogs.sld.cu\/arritmiacardiaca\/wp-json\/wp\/v2\/pages\/52"}],"collection":[{"href":"https:\/\/blogs.sld.cu\/arritmiacardiaca\/wp-json\/wp\/v2\/pages"}],"about":[{"href":"https:\/\/blogs.sld.cu\/arritmiacardiaca\/wp-json\/wp\/v2\/types\/page"}],"author":[{"embeddable":true,"href":"https:\/\/blogs.sld.cu\/arritmiacardiaca\/wp-json\/wp\/v2\/users\/207"}],"replies":[{"embeddable":true,"href":"https:\/\/blogs.sld.cu\/arritmiacardiaca\/wp-json\/wp\/v2\/comments?post=52"}],"version-history":[{"count":6,"href":"https:\/\/blogs.sld.cu\/arritmiacardiaca\/wp-json\/wp\/v2\/pages\/52\/revisions"}],"predecessor-version":[{"id":404,"href":"https:\/\/blogs.sld.cu\/arritmiacardiaca\/wp-json\/wp\/v2\/pages\/52\/revisions\/404"}],"wp:attachment":[{"href":"https:\/\/blogs.sld.cu\/arritmiacardiaca\/wp-json\/wp\/v2\/media?parent=52"}],"curies":[{"name":"wp","href":"https:\/\/api.w.org\/{rel}","templated":true}]}}