{"id":60,"date":"2020-02-09T19:16:35","date_gmt":"2020-02-09T19:16:35","guid":{"rendered":"http:\/\/blogs.sld.cu\/arritmiacardiaca\/?page_id=60"},"modified":"2021-10-26T18:26:50","modified_gmt":"2021-10-26T18:26:50","slug":"glosario-2","status":"publish","type":"page","link":"https:\/\/blogs.sld.cu\/arritmiacardiaca\/glosario-2\/","title":{"rendered":"Glosario"},"content":{"rendered":"<ul>\n<li><span style=\"font-size: 10pt;\"><strong>ritmo sinusal:<\/strong> ritmo normal de los latidos del coraz\u00f3n<\/span><\/li>\n<li><span style=\"font-size: 10pt;\"><strong>aur\u00edculas:<\/strong> cavidades superiores del coraz\u00f3n- Son dos derecha e izquierda.<\/span><\/li>\n<li><span style=\"font-size: 10pt;\"><strong>ventr\u00edculos: <\/strong>cavidades inferiores del coraz\u00f3n<\/span><\/li>\n<li><span style=\"font-size: 10pt;\"><strong>supraventriculares:<\/strong> por encima de los ventriculos<\/span><\/li>\n<li><span style=\"font-size: 10pt;\"><strong>ventriculares:<\/strong> en los ventr\u00edculos<\/span><\/li>\n<li><span style=\"font-size: 10pt;\"><strong>taquicardia: <\/strong>Frecuencia excesiva del ritmo de las contracciones card\u00edacas.<\/span><\/li>\n<li><span style=\"font-size: 10pt;\"><strong>taquiarritmia: <\/strong>latidos rapidos del coraz\u00f3n, m\u00e1s de 100 latidos por minuto (lpm)<\/span><\/li>\n<li><span style=\"font-size: 10pt;\"><strong>bradiarritmia: <\/strong>latidos lentos del coraz\u00f3n, menos de 60 lpm<\/span><\/li>\n<li><span style=\"font-size: 10pt;\"><strong>palpitaciones: <\/strong>sensaci\u00f3n desagradable de r\u00e1pidos golpeteos en el pecho.<\/span><\/li>\n<li><span style=\"font-size: 10pt;\"><strong>disnea:<\/strong> sensaci\u00f3n de falta de aire y malestar general.<\/span><\/li>\n<li><span style=\"font-size: 10pt;\"><strong>hipotensi\u00f3n: <\/strong>tensi\u00f3n arterial (presi\u00f3n arterial)baja (por debajo de lo normal)<\/span><\/li>\n<li><span style=\"font-size: 10pt;\"><strong>hipertensi\u00f3n: <\/strong>tensi\u00f3n arterial elevada.<\/span><\/li>\n<li><span style=\"font-size: 10pt;\"><strong>tensi\u00f3n arterial<\/strong><\/span><\/li>\n<li><span style=\"font-size: 10pt;\"><strong>s\u00edncope: <\/strong>p\u00e9rdida repentina del conocimiento y de la sensibilidad, debida a la suspensi\u00f3n s\u00fabita y moment\u00e1nea de la acci\u00f3n del coraz\u00f3n.<\/span><\/li>\n<li><span style=\"font-size: 10pt;\"><strong>isquem\u00eda: <\/strong>Disminuci\u00f3n transitoria o permanente del riego sangu\u00edneo de una parte del cuerpo, producida por una alteraci\u00f3n normal o patol\u00f3gica de la arteria o arterias aferentes a ella. (Que se detiene la sangre).<\/span><\/li>\n<li><span style=\"font-size: 10pt;\"><strong>cardiopat\u00eda: <\/strong>enfermedad del coraz\u00f3n<\/span><\/li>\n<li><span style=\"font-size: 10pt;\"><strong>antidepresivos: <\/strong>medicamentos para combatir la depresi\u00f3n nerviosa.<\/span><\/li>\n<li><span style=\"font-size: 10pt;\"><strong>electrocardi\u00f3grafo:<\/strong> aparato que registra las corrientes el\u00e9ctricas del m\u00fasculo card\u00edaco<\/span><\/li>\n<li><span style=\"font-size: 10pt;\"><strong>hipopotasem\u00eda: <\/strong>bajos niveles de potasio<\/span><\/li>\n<li><span style=\"font-size: 10pt;\"><strong>hipoxemia: <\/strong>bajos n\u00edveles de ox\u00edgeno<\/span><\/li>\n<li><span style=\"font-size: 10pt;\"><strong>valvulopat\u00eda: <\/strong>enfermedades de las v\u00e1lvulas del coraz\u00f3n<\/span><\/li>\n<li><span style=\"font-size: 10pt;\"><strong>flutter: <\/strong>aleteo<\/span><\/li>\n<li><span style=\"font-size: 10pt;\"><strong>maniobras vagales: <\/strong>est\u00edmulo del nervio vago (sistema nervioso parasimp\u00e1tico que inerva las visceras)<\/span><\/li>\n<\/ul>\n<h3><span style=\"font-size: 10pt; color: #000000;\"><a style=\"color: #000000;\" href=\"http:\/\/glosario.sld.cu\/multilingue\/\" target=\"_blank\" rel=\"noopener\">Fuente: Glosario Multiling\u00fce de T\u00e9rminos M\u00e9dicos <\/a><\/span><\/h3>\n<p><span style=\"font-size: 10pt;\">\u00a0<\/span><\/p>\n","protected":false},"excerpt":{"rendered":"<p>ritmo sinusal: ritmo normal de los latidos del coraz\u00f3n aur\u00edculas: cavidades superiores del coraz\u00f3n- Son dos derecha e izquierda. ventr\u00edculos: cavidades inferiores del coraz\u00f3n supraventriculares: por encima de los ventriculos ventriculares: en los ventr\u00edculos taquicardia: Frecuencia excesiva del ritmo de las contracciones card\u00edacas. taquiarritmia: latidos rapidos del coraz\u00f3n, m\u00e1s de 100 latidos por minuto (lpm) [&hellip;]<\/p>\n","protected":false},"author":207,"featured_media":0,"parent":0,"menu_order":0,"comment_status":"closed","ping_status":"open","template":"","meta":[],"_links":{"self":[{"href":"https:\/\/blogs.sld.cu\/arritmiacardiaca\/wp-json\/wp\/v2\/pages\/60"}],"collection":[{"href":"https:\/\/blogs.sld.cu\/arritmiacardiaca\/wp-json\/wp\/v2\/pages"}],"about":[{"href":"https:\/\/blogs.sld.cu\/arritmiacardiaca\/wp-json\/wp\/v2\/types\/page"}],"author":[{"embeddable":true,"href":"https:\/\/blogs.sld.cu\/arritmiacardiaca\/wp-json\/wp\/v2\/users\/207"}],"replies":[{"embeddable":true,"href":"https:\/\/blogs.sld.cu\/arritmiacardiaca\/wp-json\/wp\/v2\/comments?post=60"}],"version-history":[{"count":8,"href":"https:\/\/blogs.sld.cu\/arritmiacardiaca\/wp-json\/wp\/v2\/pages\/60\/revisions"}],"predecessor-version":[{"id":415,"href":"https:\/\/blogs.sld.cu\/arritmiacardiaca\/wp-json\/wp\/v2\/pages\/60\/revisions\/415"}],"wp:attachment":[{"href":"https:\/\/blogs.sld.cu\/arritmiacardiaca\/wp-json\/wp\/v2\/media?parent=60"}],"curies":[{"name":"wp","href":"https:\/\/api.w.org\/{rel}","templated":true}]}}