{"id":11,"date":"2021-01-23T20:07:34","date_gmt":"2021-01-23T20:07:34","guid":{"rendered":"http:\/\/blogs.sld.cu\/artritisreumatoide\/?page_id=11"},"modified":"2021-12-01T21:15:55","modified_gmt":"2021-12-01T21:15:55","slug":"artritis-reumatoide","status":"publish","type":"page","link":"https:\/\/blogs.sld.cu\/artritisreumatoide\/artritis-reumatoide\/","title":{"rendered":"Artritis reumatoide"},"content":{"rendered":"<p><a href=\"http:\/\/blogs.sld.cu\/artritisreumatoide\/files\/2021\/12\/19712.jpg\"><img loading=\"lazy\" class=\"size-medium wp-image-110 alignleft\" src=\"http:\/\/blogs.sld.cu\/artritisreumatoide\/files\/2021\/12\/19712-300x240.jpg\" alt=\"\" width=\"300\" height=\"240\" srcset=\"https:\/\/blogs.sld.cu\/artritisreumatoide\/files\/2021\/12\/19712-300x240.jpg 300w, https:\/\/blogs.sld.cu\/artritisreumatoide\/files\/2021\/12\/19712-250x200.jpg 250w, https:\/\/blogs.sld.cu\/artritisreumatoide\/files\/2021\/12\/19712.jpg 400w\" sizes=\"(max-width: 300px) 100vw, 300px\" \/><\/a>La artritis reumatoide es un trastorno inflamatorio cr\u00f3nico que puede afectar m\u00e1s que solo las articulaciones. En algunas personas, la afecci\u00f3n puede da\u00f1ar distintos sistemas corporales, incluida la piel, los ojos, los pulmones, el coraz\u00f3n y los vasos sangu\u00edneos.<\/p>\n<p>La artritis reumatoide es un trastorno autoinmunitario que ocurre cuando el sistema inmunitario ataca por error los tejidos del cuerpo.<\/p>\n<p>Es m\u00e1s frecuente en mujeres, pero tambi\u00e9n afecta a varones. Suele comenzar en la edad mediana y es m\u00e1s com\u00fan entre los adultos mayores. Usted puede padecer la enfermedad por un corto per\u00edodo o los s\u00edntomas pueden aparecer y desaparecer. La forma severa puede durar toda la vida. Asimismo, una forma muy similar de artritis puede afectar a los ni\u00f1os.<\/p>\n<p>Mientras que en la artrosis existe un proceso lento de desgaste del cart\u00edlago articular (el tejido que recubre el hueso y act\u00faa de amortiguador), en la artritis se produce una inflamaci\u00f3n cr\u00f3nica de la membrana sinovial (la \u201cbolsa\u201d que recubre la articulaci\u00f3n) que da lugar a dolor y dificultad para el movimiento y acaba da\u00f1ando muy r\u00e1pidamente el cart\u00edlago, el hueso, los ligamentos y los tendones.<\/p>\n<p>La inflamaci\u00f3n asociada a la artritis reumatoide es lo que tambi\u00e9n puede da\u00f1ar otras partes del cuerpo. Si bien los medicamentos nuevos han mejorado las opciones de tratamiento en gran medida, la artritis reumatoide grave a\u00fan puede causar discapacidades f\u00edsicas.<\/p>\n<p>&nbsp;<\/p>\n","protected":false},"excerpt":{"rendered":"<p>La artritis reumatoide es un trastorno inflamatorio cr\u00f3nico que puede afectar m\u00e1s que solo las articulaciones. En algunas personas, la afecci\u00f3n puede da\u00f1ar distintos sistemas corporales, incluida la piel, los ojos, los pulmones, el coraz\u00f3n y los vasos sangu\u00edneos. La artritis reumatoide es un trastorno autoinmunitario que ocurre cuando el sistema inmunitario ataca por error [&hellip;]<\/p>\n","protected":false},"author":208,"featured_media":0,"parent":0,"menu_order":0,"comment_status":"closed","ping_status":"closed","template":"","meta":[],"_links":{"self":[{"href":"https:\/\/blogs.sld.cu\/artritisreumatoide\/wp-json\/wp\/v2\/pages\/11"}],"collection":[{"href":"https:\/\/blogs.sld.cu\/artritisreumatoide\/wp-json\/wp\/v2\/pages"}],"about":[{"href":"https:\/\/blogs.sld.cu\/artritisreumatoide\/wp-json\/wp\/v2\/types\/page"}],"author":[{"embeddable":true,"href":"https:\/\/blogs.sld.cu\/artritisreumatoide\/wp-json\/wp\/v2\/users\/208"}],"replies":[{"embeddable":true,"href":"https:\/\/blogs.sld.cu\/artritisreumatoide\/wp-json\/wp\/v2\/comments?post=11"}],"version-history":[{"count":6,"href":"https:\/\/blogs.sld.cu\/artritisreumatoide\/wp-json\/wp\/v2\/pages\/11\/revisions"}],"predecessor-version":[{"id":111,"href":"https:\/\/blogs.sld.cu\/artritisreumatoide\/wp-json\/wp\/v2\/pages\/11\/revisions\/111"}],"wp:attachment":[{"href":"https:\/\/blogs.sld.cu\/artritisreumatoide\/wp-json\/wp\/v2\/media?parent=11"}],"curies":[{"name":"wp","href":"https:\/\/api.w.org\/{rel}","templated":true}]}}