{"id":13,"date":"2021-01-23T20:20:29","date_gmt":"2021-01-23T20:20:29","guid":{"rendered":"http:\/\/blogs.sld.cu\/artritisreumatoide\/?page_id=13"},"modified":"2021-12-01T21:12:37","modified_gmt":"2021-12-01T21:12:37","slug":"causasintomas","status":"publish","type":"page","link":"https:\/\/blogs.sld.cu\/artritisreumatoide\/causasintomas\/","title":{"rendered":"Causas\/S\u00edntomas"},"content":{"rendered":"<p><strong>No se conoce la causa de la artritis reumatoide<\/strong>. Los genes, el ambiente y las hormonas pueden tener un rol.<\/p>\n<p>La artritis reumatoide se clasifica como una enfermedad autoinmune, que se desarrolla debido a que determinadas c\u00e9lulas del sistema inmunol\u00f3gico no funcionan correctamente y comienzan a atacar a las articulaciones sanas. Generalmente, el sistema inmunitario ayuda a proteger el cuerpo de una infecci\u00f3n o de una enfermedad. En la artritis reumatoide, el sistema inmunitario ataca el tejido sano en las articulaciones. Tambi\u00e9n puede causar problemas m\u00e9dicos en el coraz\u00f3n, los pulmones, los nervios, los ojos y la piel.<\/p>\n<h2>Factores de riesgo<\/h2>\n<p>Los factores que pueden aumentar el riesgo de padecer artritis reumatoide incluyen:<\/p>\n<ul>\n<li><strong>El sexo.<\/strong> Las mujeres son m\u00e1s propensas que los hombres a desarrollar artritis reumatoide.<\/li>\n<li><strong>Edad.<\/strong> La artritis reumatoide se puede producir a cualquier edad, pero m\u00e1s frecuentemente comienza a mediana edad.<\/li>\n<li><strong>Antecedentes familiares.<\/strong> Si un familiar padece artritis reumatoide, el riesgo de que padezcas la enfermedad puede ser mayor.<\/li>\n<li><strong>Tabaquismo.<\/strong> Fumar cigarrillos aumenta el riesgo de desarrollar artritis reumatoide, especialmente si tienes una predisposici\u00f3n gen\u00e9tica a desarrollar la enfermedad. Fumar tambi\u00e9n parece estar asociado a una gravedad mayor de la enfermedad.<\/li>\n<li><strong>Sobrepeso.<\/strong> Las personas que tienen sobrepeso parecen presentar un mayor riesgo de desarrollar artritis reumatoide.<\/li>\n<\/ul>\n<h2><a href=\"http:\/\/blogs.sld.cu\/artritisreumatoide\/files\/2021\/12\/2017061314343248038-700x415-1.jpg\"><img loading=\"lazy\" class=\"size-medium wp-image-83 alignleft\" src=\"http:\/\/blogs.sld.cu\/artritisreumatoide\/files\/2021\/12\/2017061314343248038-700x415-1-300x178.jpg\" alt=\"\" width=\"300\" height=\"178\" srcset=\"https:\/\/blogs.sld.cu\/artritisreumatoide\/files\/2021\/12\/2017061314343248038-700x415-1-300x178.jpg 300w, https:\/\/blogs.sld.cu\/artritisreumatoide\/files\/2021\/12\/2017061314343248038-700x415-1-250x148.jpg 250w, https:\/\/blogs.sld.cu\/artritisreumatoide\/files\/2021\/12\/2017061314343248038-700x415-1.jpg 700w\" sizes=\"(max-width: 300px) 100vw, 300px\" \/><\/a>Los signos y los s\u00edntomas de la enfermedad pueden incluir los siguientes:<\/h2>\n<p>&#8211; Articulaciones sensibles, calientes e hinchadas<\/p>\n<p>&#8211; Rigidez articular que generalmente empeora por las ma\u00f1anas y despu\u00e9s de la inactividad<\/p>\n<p>&#8211; Cansancio, fiebre y p\u00e9rdida del apetito<\/p>\n<p>En sus inicios, la artritis reumatoide tiende a afectar primero las articulaciones m\u00e1s peque\u00f1as, especialmente las que unen los dedos de las manos con las manos y los dedos de los pies con los pies.<\/p>\n<p>A medida que avanza la enfermedad, los s\u00edntomas suelen extenderse a las mu\u00f1ecas, las rodillas, los tobillos, los codos, la cadera y los hombros. En la mayor\u00eda de los casos, los s\u00edntomas se producen en las mismas articulaciones en ambos lados del cuerpo.<\/p>\n<p>Alrededor del 40\u00a0% de las personas que padecen artritis reumatoide tambi\u00e9n presentan signos y s\u00edntomas que no impliquen a las articulaciones. Las zonas que pueden estar afectadas incluyen las siguientes:<\/p>\n<ul>\n<li>Piel<\/li>\n<li>Ojos<\/li>\n<li>Pulmones<\/li>\n<li>Coraz\u00f3n<\/li>\n<li>Ri\u00f1ones<\/li>\n<li>Gl\u00e1ndulas salivales<\/li>\n<li>Tejido nervioso<\/li>\n<li>M\u00e9dula \u00f3sea<\/li>\n<li>Vasos sangu\u00edneos<\/li>\n<\/ul>\n<p><strong>Otros s\u00edntomas menos frecuentes son:<\/strong> fiebre inexplicable, cansancio f\u00e1cil, dolor de cuello, hormigueos en manos o pies, dolor en el pecho o en los costados, sequedad de la boca, enrojecimiento o sensaci\u00f3n de arenilla en los ojos y manchas o bultos en la piel.<\/p>\n<p><strong>Los signos y los s\u00edntomas de la artritis reumatoide pueden variar en intensidad e incluso pueden aparecer y desaparecer.<\/strong> Los per\u00edodos de mayor actividad de la enfermedad, denominados brotes, se alternan entre per\u00edodos de remisi\u00f3n relativa, cuando la hinchaz\u00f3n y el dolor se disipan o desaparecen. Con el paso del tiempo, la artritis reumatoide puede provocar que las articulaciones se deformen y salgan de lugar.<\/p>\n<h2>\u00bfCu\u00e1ndo debe consultar con un m\u00e9dico?<\/h2>\n<p>Solicite una consulta con el m\u00e9dico si tiene molestias persistentes e hinchaz\u00f3n en las articulaciones.<\/p>\n","protected":false},"excerpt":{"rendered":"<p>No se conoce la causa de la artritis reumatoide. Los genes, el ambiente y las hormonas pueden tener un rol. La artritis reumatoide se clasifica como una enfermedad autoinmune, que se desarrolla debido a que determinadas c\u00e9lulas del sistema inmunol\u00f3gico no funcionan correctamente y comienzan a atacar a las articulaciones sanas. Generalmente, el sistema inmunitario [&hellip;]<\/p>\n","protected":false},"author":208,"featured_media":0,"parent":0,"menu_order":0,"comment_status":"closed","ping_status":"closed","template":"","meta":[],"_links":{"self":[{"href":"https:\/\/blogs.sld.cu\/artritisreumatoide\/wp-json\/wp\/v2\/pages\/13"}],"collection":[{"href":"https:\/\/blogs.sld.cu\/artritisreumatoide\/wp-json\/wp\/v2\/pages"}],"about":[{"href":"https:\/\/blogs.sld.cu\/artritisreumatoide\/wp-json\/wp\/v2\/types\/page"}],"author":[{"embeddable":true,"href":"https:\/\/blogs.sld.cu\/artritisreumatoide\/wp-json\/wp\/v2\/users\/208"}],"replies":[{"embeddable":true,"href":"https:\/\/blogs.sld.cu\/artritisreumatoide\/wp-json\/wp\/v2\/comments?post=13"}],"version-history":[{"count":15,"href":"https:\/\/blogs.sld.cu\/artritisreumatoide\/wp-json\/wp\/v2\/pages\/13\/revisions"}],"predecessor-version":[{"id":107,"href":"https:\/\/blogs.sld.cu\/artritisreumatoide\/wp-json\/wp\/v2\/pages\/13\/revisions\/107"}],"wp:attachment":[{"href":"https:\/\/blogs.sld.cu\/artritisreumatoide\/wp-json\/wp\/v2\/media?parent=13"}],"curies":[{"name":"wp","href":"https:\/\/api.w.org\/{rel}","templated":true}]}}