{"id":17,"date":"2021-01-23T20:25:17","date_gmt":"2021-01-23T20:25:17","guid":{"rendered":"http:\/\/blogs.sld.cu\/artritisreumatoide\/?page_id=17"},"modified":"2021-12-01T21:04:22","modified_gmt":"2021-12-01T21:04:22","slug":"mito-y-realidad","status":"publish","type":"page","link":"https:\/\/blogs.sld.cu\/artritisreumatoide\/mito-y-realidad\/","title":{"rendered":"Complicaciones"},"content":{"rendered":"<p>La artritis reumatoide aumenta el riesgo de desarrollar:<\/p>\n<ul>\n<li><strong>Osteoporosis.<\/strong> La artritis reumatoide en s\u00ed, junto con algunos medicamentos utilizados para tratar la artritis reumatoide, pueden aumentar tu riesgo de osteoporosis, una afecci\u00f3n que debilita los huesos y los hace m\u00e1s propensos a las fracturas.<\/li>\n<li><strong>N\u00f3dulos reumatoides.<\/strong> Estos bultos firmes de tejido se forman con mayor frecuencia alrededor de los puntos de presi\u00f3n, como los codos. Sin embargo, estos n\u00f3dulos pueden formarse en cualquier parte del cuerpo, incluidos el coraz\u00f3n y los pulmones.<\/li>\n<li><strong>Sequedad en los ojos y la boca.<\/strong> Las personas que tienen artritis reumatoide son mucho m\u00e1s propensas a desarrollar el s\u00edndrome de Sjogren, un trastorno que disminuye la cantidad de humedad en los ojos y la boca.<\/li>\n<li><strong>Infecciones.<\/strong> La artritis reumatoide en s\u00ed y muchos de los medicamentos utilizados para combatirla pueden da\u00f1ar el sistema inmunitario y provocar un aumento de las infecciones. Prot\u00e9gete con vacunas para prevenir enfermedades como la gripe, la neumon\u00eda, la culebrilla y la COVID-19.<\/li>\n<li><strong>Composici\u00f3n anormal del cuerpo.<\/strong> La proporci\u00f3n de grasa en relaci\u00f3n con la masa magra a menudo es mayor en las personas que tienen artritis reumatoide, incluso en aquellas personas que tienen un \u00edndice de masa corporal normal.<\/li>\n<li><strong>S\u00edndrome del t\u00fanel carpiano.<\/strong> Si la artritis reumatoide te afecta las mu\u00f1ecas, la inflamaci\u00f3n puede comprimir el nervio que irriga la mayor parte de la mano y los dedos.<\/li>\n<li><strong>Problemas card\u00edacos.<\/strong> La artritis reumatoide puede aumentar el riesgo de endurecimiento y obstrucci\u00f3n de las arterias, as\u00ed como la inflamaci\u00f3n del saco que rodea el coraz\u00f3n.<\/li>\n<li><strong>Enfermedad pulmonar.<\/strong> Las personas con artritis reumatoide tienen un mayor riesgo de inflamaci\u00f3n y proceso de cicatrizaci\u00f3n de los tejidos pulmonares, lo que puede provocar una falta de aire progresiva.<\/li>\n<li><strong>Linfoma.<\/strong> La artritis reumatoide aumenta el riesgo de linfoma, un grupo de c\u00e1nceres de la sangre que se desarrollan en el sistema linf\u00e1tico.<\/li>\n<\/ul>\n","protected":false},"excerpt":{"rendered":"<p>La artritis reumatoide aumenta el riesgo de desarrollar: Osteoporosis. La artritis reumatoide en s\u00ed, junto con algunos medicamentos utilizados para tratar la artritis reumatoide, pueden aumentar tu riesgo de osteoporosis, una afecci\u00f3n que debilita los huesos y los hace m\u00e1s propensos a las fracturas. N\u00f3dulos reumatoides. Estos bultos firmes de tejido se forman con mayor [&hellip;]<\/p>\n","protected":false},"author":208,"featured_media":0,"parent":0,"menu_order":0,"comment_status":"closed","ping_status":"closed","template":"","meta":[],"_links":{"self":[{"href":"https:\/\/blogs.sld.cu\/artritisreumatoide\/wp-json\/wp\/v2\/pages\/17"}],"collection":[{"href":"https:\/\/blogs.sld.cu\/artritisreumatoide\/wp-json\/wp\/v2\/pages"}],"about":[{"href":"https:\/\/blogs.sld.cu\/artritisreumatoide\/wp-json\/wp\/v2\/types\/page"}],"author":[{"embeddable":true,"href":"https:\/\/blogs.sld.cu\/artritisreumatoide\/wp-json\/wp\/v2\/users\/208"}],"replies":[{"embeddable":true,"href":"https:\/\/blogs.sld.cu\/artritisreumatoide\/wp-json\/wp\/v2\/comments?post=17"}],"version-history":[{"count":3,"href":"https:\/\/blogs.sld.cu\/artritisreumatoide\/wp-json\/wp\/v2\/pages\/17\/revisions"}],"predecessor-version":[{"id":95,"href":"https:\/\/blogs.sld.cu\/artritisreumatoide\/wp-json\/wp\/v2\/pages\/17\/revisions\/95"}],"wp:attachment":[{"href":"https:\/\/blogs.sld.cu\/artritisreumatoide\/wp-json\/wp\/v2\/media?parent=17"}],"curies":[{"name":"wp","href":"https:\/\/api.w.org\/{rel}","templated":true}]}}