{"id":19,"date":"2021-01-23T20:26:04","date_gmt":"2021-01-23T20:26:04","guid":{"rendered":"http:\/\/blogs.sld.cu\/artritisreumatoide\/?page_id=19"},"modified":"2021-12-01T22:06:54","modified_gmt":"2021-12-01T22:06:54","slug":"recursos","status":"publish","type":"page","link":"https:\/\/blogs.sld.cu\/artritisreumatoide\/recursos\/","title":{"rendered":"Recursos"},"content":{"rendered":"<p>&nbsp;<\/p>\n<p class=\"topic__header__headermodify--title topic__header__headermodify--title--animate\" style=\"text-align: left;\"><a href=\"https:\/\/www.msdmanuals.com\/es\/hogar\/breve-informaci%C3%B3n-trastornos-de-los-huesos,-las-articulaciones-y-los-m%C3%BAsculos\/enfermedades-articulares\/artritis-reumatoide\" target=\"_blank\" rel=\"noopener\">&#8211; Artritis reumatoide.\u00a0 Manual Msd. Versi\u00f3n para p\u00fablico general.<\/a><br \/>\n<a href=\"https:\/\/www.niams.nih.gov\/es\/informacion-de-salud\/artritis-reumatoide\" target=\"_blank\" rel=\"noopener\">&#8211; Artritis reumatoide. Instituto Nacional de Artritis y Enfermedades Musculoesquel\u00e9ticas y de la Piel.<\/a><br \/>\n<a href=\"https:\/\/www.ser.es\/wp-content\/uploads\/2019\/03\/Informacion_pacientes_AR.pdf\" target=\"_blank\" rel=\"noopener\">&#8211; <span dir=\"ltr\" role=\"presentation\">Aprendiendo a <\/span><span dir=\"ltr\" role=\"presentation\">convivir <\/span><span dir=\"ltr\" role=\"presentation\">con la <\/span><span dir=\"ltr\" role=\"presentation\">Artritis <\/span><span dir=\"ltr\" role=\"presentation\">Reumatoide. Preguntas y respuestas para las personas que tienen artritis reumatoide, sus familiares y cuidadores.<\/span><\/a><\/p>\n<div id=\"block-niamslogoblock\" class=\"header-logo block block-block-content block-block-content837ebe3f-b582-4729-bd86-e68f72fb130a\"><\/div>\n<nav id=\"block-spanishnavigation\" class=\"header-mainnav spanish navbar block block-menu navigation menu--spanish-menu\" role=\"navigation\" aria-labelledby=\"block-spanishnavigation-menu\">\n<div class=\"menu-wrapper\"><\/div>\n<\/nav>\n","protected":false},"excerpt":{"rendered":"<p>&nbsp; &#8211; Artritis reumatoide.\u00a0 Manual Msd. Versi\u00f3n para p\u00fablico general. &#8211; Artritis reumatoide. Instituto Nacional de Artritis y Enfermedades Musculoesquel\u00e9ticas y de la Piel. &#8211; Aprendiendo a convivir con la Artritis Reumatoide. Preguntas y respuestas para las personas que tienen artritis reumatoide, sus familiares y cuidadores.<\/p>\n","protected":false},"author":208,"featured_media":0,"parent":0,"menu_order":0,"comment_status":"closed","ping_status":"closed","template":"","meta":[],"_links":{"self":[{"href":"https:\/\/blogs.sld.cu\/artritisreumatoide\/wp-json\/wp\/v2\/pages\/19"}],"collection":[{"href":"https:\/\/blogs.sld.cu\/artritisreumatoide\/wp-json\/wp\/v2\/pages"}],"about":[{"href":"https:\/\/blogs.sld.cu\/artritisreumatoide\/wp-json\/wp\/v2\/types\/page"}],"author":[{"embeddable":true,"href":"https:\/\/blogs.sld.cu\/artritisreumatoide\/wp-json\/wp\/v2\/users\/208"}],"replies":[{"embeddable":true,"href":"https:\/\/blogs.sld.cu\/artritisreumatoide\/wp-json\/wp\/v2\/comments?post=19"}],"version-history":[{"count":3,"href":"https:\/\/blogs.sld.cu\/artritisreumatoide\/wp-json\/wp\/v2\/pages\/19\/revisions"}],"predecessor-version":[{"id":125,"href":"https:\/\/blogs.sld.cu\/artritisreumatoide\/wp-json\/wp\/v2\/pages\/19\/revisions\/125"}],"wp:attachment":[{"href":"https:\/\/blogs.sld.cu\/artritisreumatoide\/wp-json\/wp\/v2\/media?parent=19"}],"curies":[{"name":"wp","href":"https:\/\/api.w.org\/{rel}","templated":true}]}}