{"id":110,"date":"2019-04-30T19:42:13","date_gmt":"2019-04-30T19:42:13","guid":{"rendered":"http:\/\/blogs.sld.cu\/aseguramientoweb\/?page_id=110"},"modified":"2019-04-30T19:44:36","modified_gmt":"2019-04-30T19:44:36","slug":"que-diferencia-hay-entre-entrada-y-pagina","status":"publish","type":"page","link":"https:\/\/blogs.sld.cu\/aseguramientoweb\/que-diferencia-hay-entre-entrada-y-pagina\/","title":{"rendered":"Qu\u00e9 diferencia hay entre entrada y p\u00e1gina"},"content":{"rendered":"<article class=\"post-3683 page type-page status-publish has-post-thumbnail entry\">\n<div class=\"entry-content\">\n<p>La principal diferencia radica en que las p\u00e1ginas son est\u00e1ticas. El contenido de las p\u00e1ginas no var\u00eda. Son secciones fijas como \u201ccontacto\u201d, \u201cquien soy\u201d, \u201chome\u201d\u2026<\/p>\n<p>Las entradas, sin embargo, se utilizan para ir alimentando a tu blog de contenido fresco. Las entradas muestran una versi\u00f3n m\u00e1s din\u00e1mica de tu blog, mostr\u00e1ndose (a prioridad) las \u00faltimas entradas que se han ido publicando.<\/p>\n<p>Las entradas se clasifican dentro de categor\u00edas y se marcan con etiquetas. Las p\u00e1ginas no permiten esta configuraci\u00f3n, aunque se pueden agrupar dentro de otra p\u00e1gina<\/p>\n<\/div>\n<\/article>\n","protected":false},"excerpt":{"rendered":"<p>La principal diferencia radica en que las p\u00e1ginas son est\u00e1ticas. El contenido de las p\u00e1ginas no var\u00eda. Son secciones fijas como \u201ccontacto\u201d, \u201cquien soy\u201d, \u201chome\u201d\u2026 Las entradas, sin embargo, se utilizan para ir alimentando a tu blog de contenido fresco. Las entradas muestran una versi\u00f3n m\u00e1s din\u00e1mica de tu blog, mostr\u00e1ndose (a prioridad) las \u00faltimas [&hellip;]<\/p>\n","protected":false},"author":189,"featured_media":0,"parent":0,"menu_order":0,"comment_status":"open","ping_status":"open","template":"","meta":[],"_links":{"self":[{"href":"https:\/\/blogs.sld.cu\/aseguramientoweb\/wp-json\/wp\/v2\/pages\/110"}],"collection":[{"href":"https:\/\/blogs.sld.cu\/aseguramientoweb\/wp-json\/wp\/v2\/pages"}],"about":[{"href":"https:\/\/blogs.sld.cu\/aseguramientoweb\/wp-json\/wp\/v2\/types\/page"}],"author":[{"embeddable":true,"href":"https:\/\/blogs.sld.cu\/aseguramientoweb\/wp-json\/wp\/v2\/users\/189"}],"replies":[{"embeddable":true,"href":"https:\/\/blogs.sld.cu\/aseguramientoweb\/wp-json\/wp\/v2\/comments?post=110"}],"version-history":[{"count":2,"href":"https:\/\/blogs.sld.cu\/aseguramientoweb\/wp-json\/wp\/v2\/pages\/110\/revisions"}],"predecessor-version":[{"id":113,"href":"https:\/\/blogs.sld.cu\/aseguramientoweb\/wp-json\/wp\/v2\/pages\/110\/revisions\/113"}],"wp:attachment":[{"href":"https:\/\/blogs.sld.cu\/aseguramientoweb\/wp-json\/wp\/v2\/media?parent=110"}],"curies":[{"name":"wp","href":"https:\/\/api.w.org\/{rel}","templated":true}]}}