{"id":123,"date":"2019-05-02T16:18:57","date_gmt":"2019-05-02T16:18:57","guid":{"rendered":"http:\/\/blogs.sld.cu\/aseguramientoweb\/?page_id=123"},"modified":"2019-05-02T16:18:57","modified_gmt":"2019-05-02T16:18:57","slug":"que-son-y-para-que-sirven-los-widgets","status":"publish","type":"page","link":"https:\/\/blogs.sld.cu\/aseguramientoweb\/que-son-y-para-que-sirven-los-widgets\/","title":{"rendered":"Qu\u00e9 son y para que sirven los Widgets"},"content":{"rendered":"<p>Los widgets son peque\u00f1as cajas de contenido, normalmente din\u00e1mico, que se utilizan para mostrar recursos de navegaci\u00f3n, textos, banners, enlaces, etc. en las zonas definidas por el tema activo como \u00e1reas de widgets. Dependiendo del tema utilizado puede tener una o varias \u00e1reas de widgets o barras laterales, que se a\u00f1aden simplemente arrastrando y soltando el widget sobre el \u00e1rea de widgets donde quieras que se muestre.<\/p>\n<p>Ver\u00e1s los widgets en las zonas laterales de cualquier web o blog, mostrando, textos de bienvenida, entradas recientes, enlaces a otras paginas de salud, noticias, etc.<\/p>\n","protected":false},"excerpt":{"rendered":"<p>Los widgets son peque\u00f1as cajas de contenido, normalmente din\u00e1mico, que se utilizan para mostrar recursos de navegaci\u00f3n, textos, banners, enlaces, etc. en las zonas definidas por el tema activo como \u00e1reas de widgets. Dependiendo del tema utilizado puede tener una o varias \u00e1reas de widgets o barras laterales, que se a\u00f1aden simplemente arrastrando y soltando [&hellip;]<\/p>\n","protected":false},"author":189,"featured_media":0,"parent":0,"menu_order":0,"comment_status":"open","ping_status":"open","template":"","meta":[],"_links":{"self":[{"href":"https:\/\/blogs.sld.cu\/aseguramientoweb\/wp-json\/wp\/v2\/pages\/123"}],"collection":[{"href":"https:\/\/blogs.sld.cu\/aseguramientoweb\/wp-json\/wp\/v2\/pages"}],"about":[{"href":"https:\/\/blogs.sld.cu\/aseguramientoweb\/wp-json\/wp\/v2\/types\/page"}],"author":[{"embeddable":true,"href":"https:\/\/blogs.sld.cu\/aseguramientoweb\/wp-json\/wp\/v2\/users\/189"}],"replies":[{"embeddable":true,"href":"https:\/\/blogs.sld.cu\/aseguramientoweb\/wp-json\/wp\/v2\/comments?post=123"}],"version-history":[{"count":1,"href":"https:\/\/blogs.sld.cu\/aseguramientoweb\/wp-json\/wp\/v2\/pages\/123\/revisions"}],"predecessor-version":[{"id":124,"href":"https:\/\/blogs.sld.cu\/aseguramientoweb\/wp-json\/wp\/v2\/pages\/123\/revisions\/124"}],"wp:attachment":[{"href":"https:\/\/blogs.sld.cu\/aseguramientoweb\/wp-json\/wp\/v2\/media?parent=123"}],"curies":[{"name":"wp","href":"https:\/\/api.w.org\/{rel}","templated":true}]}}