{"id":103,"date":"2020-05-08T00:37:39","date_gmt":"2020-05-08T00:37:39","guid":{"rendered":"http:\/\/blogs.sld.cu\/asma\/?page_id=103"},"modified":"2021-01-03T21:48:55","modified_gmt":"2021-01-03T21:48:55","slug":"asma-y-situaciones-especiales","status":"publish","type":"page","link":"https:\/\/blogs.sld.cu\/asma\/asma\/asma-y-situaciones-especiales\/","title":{"rendered":"Asma y situaciones especiales"},"content":{"rendered":"<p><span style=\"font-size: 14pt;font-family: verdana, geneva\">Asma y embarazo<\/span><\/p>\n<p><a href=\"http:\/\/blogs.sld.cu\/asma\/files\/2020\/05\/embarazada-asmatica.jpg\"><img loading=\"lazy\" class=\"alignnone size-full wp-image-107\" src=\"http:\/\/blogs.sld.cu\/asma\/files\/2020\/05\/embarazada-asmatica.jpg\" alt=\"embarazada asmatica\" width=\"455\" height=\"296\" srcset=\"https:\/\/blogs.sld.cu\/asma\/files\/2020\/05\/embarazada-asmatica.jpg 455w, https:\/\/blogs.sld.cu\/asma\/files\/2020\/05\/embarazada-asmatica-300x195.jpg 300w\" sizes=\"(max-width: 455px) 100vw, 455px\" \/><\/a><\/p>\n<p><span style=\"font-size: 12pt\">El asma es la enfermedad respiratoria m\u00e1s prevalente durante el\u00a0embarazo.\u00a0El embarazo causa un efecto variable sobre el asma y pueden ocurrir exacerbaciones. Mantener el tratamiento preventivo de sus crisis es crucial en esta etapa. Usted puede junto a su m\u00e9dico preparar su automanejo; el adecuado uso de inhaladores y el reconocimiento temprano de la crisis. Sus consultas ser\u00e1n m\u00e1s frecuentes durante el embarazo.<\/span><\/p>\n<p><span style=\"font-size: 12pt\">Debe conocer que:<\/span><br \/>\n<span style=\"font-size: 12pt\"> \u2022 El tabaquismo pasivo y activo es un factor de riesgo para desarrollar complicaciones en el feto, as\u00ed como de mal control del asma.<\/span><br \/>\n<span style=\"font-size: 12pt\"> \u2022 Su m\u00e9dico indicar\u00e1 el tratamiento que usted requiera seg\u00fan el control de su asma. No se automedique. Prepare su plan de tratamiento con su m\u00e9dico. Una preparaci\u00f3n adecuada de la embarazada asm\u00e1tica, comienza antes de su embarazo.<\/span><\/p>\n<p><span style=\"font-family: verdana, geneva\"><strong><a title=\"Asma inducida por el ejercicio\" href=\"http:\/\/blogs.sld.cu\/asma\/asma\/asma-y-situaciones-especiales\/asma-inducida-por-el-ejercicio\/\"><span style=\"font-size: 14pt\">Asma y ejercicio<\/span><\/a><\/strong><\/span><\/p>\n","protected":false},"excerpt":{"rendered":"<p>Asma y embarazo El asma es la enfermedad respiratoria m\u00e1s prevalente durante el\u00a0embarazo.\u00a0El embarazo causa un efecto variable sobre el asma y pueden ocurrir exacerbaciones. Mantener el tratamiento preventivo de sus crisis es crucial en esta etapa. Usted puede junto a su m\u00e9dico preparar su automanejo; el adecuado uso de inhaladores y el reconocimiento temprano [&hellip;]<\/p>\n","protected":false},"author":208,"featured_media":0,"parent":14,"menu_order":0,"comment_status":"closed","ping_status":"closed","template":"","meta":[],"_links":{"self":[{"href":"https:\/\/blogs.sld.cu\/asma\/wp-json\/wp\/v2\/pages\/103"}],"collection":[{"href":"https:\/\/blogs.sld.cu\/asma\/wp-json\/wp\/v2\/pages"}],"about":[{"href":"https:\/\/blogs.sld.cu\/asma\/wp-json\/wp\/v2\/types\/page"}],"author":[{"embeddable":true,"href":"https:\/\/blogs.sld.cu\/asma\/wp-json\/wp\/v2\/users\/208"}],"replies":[{"embeddable":true,"href":"https:\/\/blogs.sld.cu\/asma\/wp-json\/wp\/v2\/comments?post=103"}],"version-history":[{"count":17,"href":"https:\/\/blogs.sld.cu\/asma\/wp-json\/wp\/v2\/pages\/103\/revisions"}],"predecessor-version":[{"id":259,"href":"https:\/\/blogs.sld.cu\/asma\/wp-json\/wp\/v2\/pages\/103\/revisions\/259"}],"up":[{"embeddable":true,"href":"https:\/\/blogs.sld.cu\/asma\/wp-json\/wp\/v2\/pages\/14"}],"wp:attachment":[{"href":"https:\/\/blogs.sld.cu\/asma\/wp-json\/wp\/v2\/media?parent=103"}],"curies":[{"name":"wp","href":"https:\/\/api.w.org\/{rel}","templated":true}]}}