{"id":119,"date":"2020-05-12T15:01:56","date_gmt":"2020-05-12T15:01:56","guid":{"rendered":"http:\/\/blogs.sld.cu\/asma\/?page_id=119"},"modified":"2021-01-03T22:17:17","modified_gmt":"2021-01-03T22:17:17","slug":"tratamiento","status":"publish","type":"page","link":"https:\/\/blogs.sld.cu\/asma\/tratamiento\/","title":{"rendered":"Tratamiento"},"content":{"rendered":"<p><span style=\"font-size: 12pt\">Consiste en el uso de medicamentos y de medidas para evitar o minimizar el contacto con los al\u00e9rgenos.<\/span><\/p>\n<p><span style=\"font-size: 12pt\">Su objetivo es suprimir los s\u00edntomas, restaurar y mantener una funci\u00f3n pulmonar normal, disminuir el uso de medicamentos y la necesidad de acudir a servicios de urgencia para permitir a los pacientes llevar una vida activa y plena.<\/span><\/p>\n<p><span style=\"font-size: 12pt\">Hay dos\u00a0grupos de medicamentos para tratar el asma, que pueden encontrarse solos o en diferentes combinaciones.<\/span><\/p>\n<ol>\n<li><span style=\"font-size: 12pt\">Los que se utilizan para aliviar los s\u00edntomas, o tratamiento de las crisis, tambi\u00e9n conocido como de rescate: ej. broncodilatadores como el salbutamol, la teofilina y los anticolin\u00e9rgicos.<\/span><\/li>\n<li><span style=\"font-size: 12pt\">Los de uso regular, controladores, o de tratamiento intercrisis: ej.\u00a0 esteroides inhalados como el becloasma, la fluticasona y la budes\u00f3nida y los antileucotrienos como el Montelukast.<\/span><\/li>\n<\/ol>\n<p><span style=\"font-size: 12pt\">Los medicamentos inhalados son los m\u00e1s utilizados en el asma y los m\u00e1s recomendados. Es importante que con su m\u00e9dico eval\u00fae la t\u00e9cnica de uso del inhalador, pues si no se usa de forma correcta se limita la efectividad del tratamiento y, por tanto, del control del asma.<\/span><\/p>\n<p><span style=\"font-size: 12pt\">Los medicamentos de uso regular deben mantenerse, aunque el paciente se encuentre bien, pues su objetivo es evitar o disminuir la aparici\u00f3n de exacerbaciones.<\/span><\/p>\n<p><span style=\"font-size: 12pt\">Este tratamiento debe acompa\u00f1arse de algunas medidas generales de control ambiental que pueden evitar los s\u00edntomas sobre todo en los ni\u00f1os. Estas orientaciones pueden ser modificadas por el m\u00e9dico que las adecuar\u00e1 a cada paciente<\/span><\/p>\n<ol>\n<li><span style=\"font-size: 12pt\">Mantener una adecuada higiene del hogar.<\/span><\/li>\n<li><span style=\"font-size: 12pt\">No tener cortinas, alfombras, libreros dentro de la habitaci\u00f3n.<\/span><\/li>\n<li><span style=\"font-size: 12pt\">Ventilar adecuadamente las habitaciones, evitar las humedades y permitir la entrada del sol.<\/span><\/li>\n<li><span style=\"font-size: 12pt\">Pasar pa\u00f1o h\u00famedo, baldear y no barrer ni sacudir.<\/span><\/li>\n<li><span style=\"font-size: 12pt\">No fumar ni exponerse al humo de tabaco ambiental.<\/span><\/li>\n<li><span style=\"font-size: 12pt\">Los juguetes de peluche deben lavarse, solearse, y al terminar de jugar, guardarlos en el nylon hasta su nuevo uso.<\/span><\/li>\n<li><span style=\"font-size: 12pt\">Se evitar\u00e1 la presencia en el aire de irritantes como aerosoles insecticidas, qu\u00edmicos como limpiadores, ambientadores, y humos.<\/span><\/li>\n<li><span style=\"font-size: 12pt\">Dormitorios sin muebles y adornos en exceso.<\/span><\/li>\n<li><span style=\"font-size: 12pt\">Colch\u00f3n y almohadas forradas con coberturas que puedan lavarse f\u00e1cilmente y con regularidad<\/span><\/li>\n<\/ol>\n<p><span style=\"font-size: 12pt\">Usted puede tambi\u00e9n ser seleccionado,\u00a0atendiendo al factor causal de su enfermedad, para llevar tratamiento con vacunas para la alergia, que ser\u00e1n indicadas por un especialista en alergias. Cuba cuenta con tres vacunas para el tratamiento del asma inducida por \u00e1caros, conocidas como Valergen.<\/span><\/p>\n<p><span style=\"font-size: 12pt\">\u00a0<\/span><\/p>\n","protected":false},"excerpt":{"rendered":"<p>Consiste en el uso de medicamentos y de medidas para evitar o minimizar el contacto con los al\u00e9rgenos. Su objetivo es suprimir los s\u00edntomas, restaurar y mantener una funci\u00f3n pulmonar normal, disminuir el uso de medicamentos y la necesidad de acudir a servicios de urgencia para permitir a los pacientes llevar una vida activa y [&hellip;]<\/p>\n","protected":false},"author":208,"featured_media":0,"parent":0,"menu_order":0,"comment_status":"closed","ping_status":"closed","template":"","meta":[],"_links":{"self":[{"href":"https:\/\/blogs.sld.cu\/asma\/wp-json\/wp\/v2\/pages\/119"}],"collection":[{"href":"https:\/\/blogs.sld.cu\/asma\/wp-json\/wp\/v2\/pages"}],"about":[{"href":"https:\/\/blogs.sld.cu\/asma\/wp-json\/wp\/v2\/types\/page"}],"author":[{"embeddable":true,"href":"https:\/\/blogs.sld.cu\/asma\/wp-json\/wp\/v2\/users\/208"}],"replies":[{"embeddable":true,"href":"https:\/\/blogs.sld.cu\/asma\/wp-json\/wp\/v2\/comments?post=119"}],"version-history":[{"count":17,"href":"https:\/\/blogs.sld.cu\/asma\/wp-json\/wp\/v2\/pages\/119\/revisions"}],"predecessor-version":[{"id":268,"href":"https:\/\/blogs.sld.cu\/asma\/wp-json\/wp\/v2\/pages\/119\/revisions\/268"}],"wp:attachment":[{"href":"https:\/\/blogs.sld.cu\/asma\/wp-json\/wp\/v2\/media?parent=119"}],"curies":[{"name":"wp","href":"https:\/\/api.w.org\/{rel}","templated":true}]}}