{"id":12,"date":"2020-05-04T14:56:12","date_gmt":"2020-05-04T14:56:12","guid":{"rendered":"http:\/\/blogs.sld.cu\/asma\/?page_id=12"},"modified":"2021-01-03T21:45:53","modified_gmt":"2021-01-03T21:45:53","slug":"acerca-de","status":"publish","type":"page","link":"https:\/\/blogs.sld.cu\/asma\/acerca-de\/","title":{"rendered":"Acerca de"},"content":{"rendered":"<div id=\"attachment_188\" style=\"width: 234px\" class=\"wp-caption alignleft\"><a href=\"http:\/\/blogs.sld.cu\/asma\/files\/2020\/05\/mirertaalvarezcastello-e1604885040114.jpg\"><img aria-describedby=\"caption-attachment-188\" loading=\"lazy\" class=\"wp-image-188 size-full\" src=\"http:\/\/blogs.sld.cu\/asma\/files\/2020\/05\/mirertaalvarezcastello-e1604885040114.jpg\" alt=\"mirertaalvarezcastello\" width=\"224\" height=\"225\" \/><\/a><p id=\"caption-attachment-188\" class=\"wp-caption-text\">Dra. CM Mirta \u00c1lvarez Castell\u00f3<\/p><\/div>\n<p><span style=\"font-size: 12pt\">El asma es una afecci\u00f3n cr\u00f3nica de inicio generalmente en la infancia, aunque puede presentarse a cualquier edad. Se identifica por dificultad para respirar, silbidos, opresi\u00f3n en el pecho y tos, y es el resultado de complejas interacciones entre factores gen\u00e9ticos del individuo y el medio ambiente.<\/span><\/p>\n<p><span style=\"font-size: 12pt\">En este sitio encontrar\u00e1s informaci\u00f3n sobre sus caracter\u00edsticas cl\u00ednicas, los factores predisponentes y agravantes de este trastorno, su tratamiento en las distintas etapas de la vida, y, c\u00f3mo prevenir las agudizaciones para llevar una vida sin limitaciones.<\/span><\/p>\n<p><span style=\"font-size: 12pt\">Es importante que usted participe en la selecci\u00f3n de contenidos y colabore con el env\u00edo de preguntas y comentarios de su inter\u00e9s. Esta web est\u00e1 dise\u00f1ada para la poblaci\u00f3n en general, el paciente asm\u00e1tico y su familia.<\/span><\/p>\n<p><span style=\"font-size: 12pt\">Su\u00a0editora\u00a0es\u00a0la\u00a0<strong>Dra. Mirta \u00c1lvarez Castell\u00f3<\/strong>, Doctora en Ciencias, especialista de 2<sup>do.<\/sup>\u00a0grado en Alergolog\u00eda, profesora e investigadora auxiliar,\u00a0presidenta de la Sociedad cubana de Alergia, que de forma educativa e interactiva los llevar\u00e1 a encontrar respuestas a sus interrogantes sobre esta enfermedad.<\/span><\/p>\n","protected":false},"excerpt":{"rendered":"<p>El asma es una afecci\u00f3n cr\u00f3nica de inicio generalmente en la infancia, aunque puede presentarse a cualquier edad. Se identifica por dificultad para respirar, silbidos, opresi\u00f3n en el pecho y tos, y es el resultado de complejas interacciones entre factores gen\u00e9ticos del individuo y el medio ambiente. En este sitio encontrar\u00e1s informaci\u00f3n sobre sus caracter\u00edsticas [&hellip;]<\/p>\n","protected":false},"author":208,"featured_media":0,"parent":0,"menu_order":0,"comment_status":"closed","ping_status":"closed","template":"","meta":[],"_links":{"self":[{"href":"https:\/\/blogs.sld.cu\/asma\/wp-json\/wp\/v2\/pages\/12"}],"collection":[{"href":"https:\/\/blogs.sld.cu\/asma\/wp-json\/wp\/v2\/pages"}],"about":[{"href":"https:\/\/blogs.sld.cu\/asma\/wp-json\/wp\/v2\/types\/page"}],"author":[{"embeddable":true,"href":"https:\/\/blogs.sld.cu\/asma\/wp-json\/wp\/v2\/users\/208"}],"replies":[{"embeddable":true,"href":"https:\/\/blogs.sld.cu\/asma\/wp-json\/wp\/v2\/comments?post=12"}],"version-history":[{"count":12,"href":"https:\/\/blogs.sld.cu\/asma\/wp-json\/wp\/v2\/pages\/12\/revisions"}],"predecessor-version":[{"id":255,"href":"https:\/\/blogs.sld.cu\/asma\/wp-json\/wp\/v2\/pages\/12\/revisions\/255"}],"wp:attachment":[{"href":"https:\/\/blogs.sld.cu\/asma\/wp-json\/wp\/v2\/media?parent=12"}],"curies":[{"name":"wp","href":"https:\/\/api.w.org\/{rel}","templated":true}]}}