{"id":17,"date":"2020-05-04T14:59:48","date_gmt":"2020-05-04T14:59:48","guid":{"rendered":"http:\/\/blogs.sld.cu\/asma\/?page_id=17"},"modified":"2021-01-03T22:10:05","modified_gmt":"2021-01-03T22:10:05","slug":"sintomas","status":"publish","type":"page","link":"https:\/\/blogs.sld.cu\/asma\/sintomas\/","title":{"rendered":"S\u00edntomas"},"content":{"rendered":"<h2><span style=\"font-size: 14pt;font-family: verdana, geneva\">S\u00edntomas y factores que influyen en el asma<\/span><\/h2>\n<p><span style=\"font-size: 12pt\">Los signos y s\u00edntomas del asma son:<\/span><\/p>\n<ul>\n<li><span style=\"font-size: 12pt\">Episodios recurrentes de falta de aire.<\/span><\/li>\n<li><span style=\"font-size: 12pt\">Silbidos en el pecho (signo m\u00e1s caracter\u00edstico).<\/span><\/li>\n<li><span style=\"font-size: 12pt\">Tos y opresi\u00f3n tor\u00e1cica.<\/span><\/li>\n<li><span style=\"font-size: 12pt\">Cansancio y dificultad para dormir, debido a la falta de aire.<\/span><\/li>\n<\/ul>\n<p><span style=\"font-size: 12pt\">En ocasiones la tos puede ser el \u00fanico s\u00edntoma sobre todo en los ni\u00f1os. El examen f\u00edsico puede ser normal, dado que los s\u00edntomas suelen ser variables y epis\u00f3dicos.<\/span><\/p>\n<h2><span style=\"font-size: 14pt\"><strong>Factores<\/strong><\/span><\/h2>\n<p><span style=\"font-size: 12pt\">Existen\u00a0diversidad de factores, mecanismos y manifestaciones cl\u00ednicas que pueden existir en los pacientes con asma. Mientras m\u00e1s puedan identificarse se\u00a0podr\u00e1n dise\u00f1ar tratamientos\u00a0con mayor probabilidad de resultados satisfactorios a corto y largo plazo. Recordar que son enfermedades complejas que involucran varios factores.<\/span><\/p>\n<h3><span style=\"font-size: 14pt\"><strong>Factores predisponentes<\/strong><\/span><\/h3>\n<ol>\n<li><span style=\"font-size: 12pt\">Antecedentes familiares o personales de alguna enfermedad al\u00e9rgica (ej. rinitis, dermatitis, conjuntivitis, etc\u00e9tera).<\/span><\/li>\n<li><span style=\"font-size: 12pt\">Exposici\u00f3n al humo de tabaco.<\/span><\/li>\n<li><span style=\"font-size: 12pt\">Infecciones respiratorias virales en la infancia (ej. bronquiolitis).<\/span><\/li>\n<li><span style=\"font-size: 12pt\">Exposici\u00f3n a sustancias presentes en el ambiente conocidas como al\u00e9rgenos (ej. polvo de casa, mohos, insectos y animales dom\u00e9sticos).<\/span><\/li>\n<li><span style=\"font-size: 12pt\">Exposici\u00f3n en el trabajo o intradomiciliaria a sensibilizantes (ej. qu\u00edmicos, polvos org\u00e1nicos e inorg\u00e1nicos).<\/span><\/li>\n<li><span style=\"font-size: 12pt\">Uso frecuente de antibi\u00f3ticos en los primeros a\u00f1os de vida, el nacimiento por ces\u00e1rea y la obesidad.<\/span><\/li>\n<\/ol>\n<h3><span style=\"font-size: 14pt\"><strong>Factores desencadenantes<\/strong><\/span><\/h3>\n<ol>\n<li><span style=\"font-size: 12pt\">Al\u00e9rgenos<\/span><\/li>\n<li><span style=\"font-size: 12pt\">Esfuerzo f\u00edsico como el ejercicio<\/span><\/li>\n<li><span style=\"font-size: 12pt\">Medicamentos (Ej. Antiinflamatorios no esteroideos como aspirina, betabloqueadores como atenolol)<\/span><\/li>\n<li><span style=\"font-size: 12pt\">Algunos alimentos y aditivos<\/span><\/li>\n<li><span style=\"font-size: 12pt\">Contaminantes ambientales inhalados<\/span><\/li>\n<li><span style=\"font-size: 12pt\">Infecciones respiratorias<\/span><\/li>\n<li><span style=\"font-size: 12pt\">Cambios atmosf\u00e9ricos<\/span><\/li>\n<li><span style=\"font-size: 12pt\">Estr\u00e9s, ansiedad, trastornos emocionales<\/span><\/li>\n<li><span style=\"font-size: 12pt\">Consumo de tabaco o bebidas alcoh\u00f3licas<\/span><\/li>\n<\/ol>\n<p><span style=\"font-size: 12pt\">\u00a0<\/span><\/p>\n","protected":false},"excerpt":{"rendered":"<p>S\u00edntomas y factores que influyen en el asma Los signos y s\u00edntomas del asma son: Episodios recurrentes de falta de aire. Silbidos en el pecho (signo m\u00e1s caracter\u00edstico). Tos y opresi\u00f3n tor\u00e1cica. Cansancio y dificultad para dormir, debido a la falta de aire. En ocasiones la tos puede ser el \u00fanico s\u00edntoma sobre todo en [&hellip;]<\/p>\n","protected":false},"author":208,"featured_media":0,"parent":0,"menu_order":0,"comment_status":"closed","ping_status":"closed","template":"","meta":[],"_links":{"self":[{"href":"https:\/\/blogs.sld.cu\/asma\/wp-json\/wp\/v2\/pages\/17"}],"collection":[{"href":"https:\/\/blogs.sld.cu\/asma\/wp-json\/wp\/v2\/pages"}],"about":[{"href":"https:\/\/blogs.sld.cu\/asma\/wp-json\/wp\/v2\/types\/page"}],"author":[{"embeddable":true,"href":"https:\/\/blogs.sld.cu\/asma\/wp-json\/wp\/v2\/users\/208"}],"replies":[{"embeddable":true,"href":"https:\/\/blogs.sld.cu\/asma\/wp-json\/wp\/v2\/comments?post=17"}],"version-history":[{"count":20,"href":"https:\/\/blogs.sld.cu\/asma\/wp-json\/wp\/v2\/pages\/17\/revisions"}],"predecessor-version":[{"id":266,"href":"https:\/\/blogs.sld.cu\/asma\/wp-json\/wp\/v2\/pages\/17\/revisions\/266"}],"wp:attachment":[{"href":"https:\/\/blogs.sld.cu\/asma\/wp-json\/wp\/v2\/media?parent=17"}],"curies":[{"name":"wp","href":"https:\/\/api.w.org\/{rel}","templated":true}]}}