{"id":25,"date":"2020-05-04T15:19:18","date_gmt":"2020-05-04T15:19:18","guid":{"rendered":"http:\/\/blogs.sld.cu\/asma\/?page_id=25"},"modified":"2021-01-03T22:14:35","modified_gmt":"2021-01-03T22:14:35","slug":"diagnostico-y","status":"publish","type":"page","link":"https:\/\/blogs.sld.cu\/asma\/diagnostico-y\/","title":{"rendered":"Diagn\u00f3stico\/Tratamiento"},"content":{"rendered":"<p><span style=\"font-size: 14pt\">Diagn\u00f3stico<\/span><\/p>\n<p><span style=\"font-size: 12pt\">El diagn\u00f3stico del asma es fundamentalmente cl\u00ednico y junto al tratamiento, buscan limitar la frecuencia y gravedad de las exacerbaciones; impedir el deterioro de la funci\u00f3n pulmonar y la afectaci\u00f3n de la calidad de vida del paciente.<\/span><\/p>\n<p><span style=\"font-size: 12pt\">\u00bfQu\u00e9 debe conocer sobre la enfermedad y tratar con su m\u00e9dico?<\/span><\/p>\n<ol>\n<li><span style=\"font-size: 12pt\">El asma es una enfermedad cr\u00f3nica y necesita tratamiento continuo, aunque no tenga s\u00edntomas.<\/span><\/li>\n<li><span style=\"font-size: 12pt\">\u00bfQu\u00e9 pasa en el asma?, \u00bfqu\u00e9 es broncoespasmo e\u00a0inflamaci\u00f3n?.<\/span><\/li>\n<li><span style=\"font-size: 12pt\">Identificar los f\u00e1rmacos controladores de la inflamaci\u00f3n y los aliviadores de la obstrucci\u00f3n bronquial.<\/span><\/li>\n<li><span style=\"font-size: 12pt\">Reconocer los s\u00edntomas de la enfermedad y actuar ante una exacerbaci\u00f3n.<\/span><\/li>\n<li><span style=\"font-size: 12pt\">Usar correctamente los inhaladores<\/span><\/li>\n<li><span style=\"font-size: 12pt\">Identificar los desencadenantes y c\u00f3mo evitarlos.<\/span><\/li>\n<\/ol>\n<p><span style=\"font-size: 14pt\"><a href=\"http:\/\/blogs.sld.cu\/asma\/tratamiento\/\">Tratamiento<\/a><\/span><\/p>\n","protected":false},"excerpt":{"rendered":"<p>Diagn\u00f3stico El diagn\u00f3stico del asma es fundamentalmente cl\u00ednico y junto al tratamiento, buscan limitar la frecuencia y gravedad de las exacerbaciones; impedir el deterioro de la funci\u00f3n pulmonar y la afectaci\u00f3n de la calidad de vida del paciente. \u00bfQu\u00e9 debe conocer sobre la enfermedad y tratar con su m\u00e9dico? El asma es una enfermedad cr\u00f3nica [&hellip;]<\/p>\n","protected":false},"author":208,"featured_media":0,"parent":0,"menu_order":0,"comment_status":"closed","ping_status":"closed","template":"","meta":[],"_links":{"self":[{"href":"https:\/\/blogs.sld.cu\/asma\/wp-json\/wp\/v2\/pages\/25"}],"collection":[{"href":"https:\/\/blogs.sld.cu\/asma\/wp-json\/wp\/v2\/pages"}],"about":[{"href":"https:\/\/blogs.sld.cu\/asma\/wp-json\/wp\/v2\/types\/page"}],"author":[{"embeddable":true,"href":"https:\/\/blogs.sld.cu\/asma\/wp-json\/wp\/v2\/users\/208"}],"replies":[{"embeddable":true,"href":"https:\/\/blogs.sld.cu\/asma\/wp-json\/wp\/v2\/comments?post=25"}],"version-history":[{"count":14,"href":"https:\/\/blogs.sld.cu\/asma\/wp-json\/wp\/v2\/pages\/25\/revisions"}],"predecessor-version":[{"id":267,"href":"https:\/\/blogs.sld.cu\/asma\/wp-json\/wp\/v2\/pages\/25\/revisions\/267"}],"wp:attachment":[{"href":"https:\/\/blogs.sld.cu\/asma\/wp-json\/wp\/v2\/media?parent=25"}],"curies":[{"name":"wp","href":"https:\/\/api.w.org\/{rel}","templated":true}]}}