{"id":27,"date":"2020-05-04T15:22:04","date_gmt":"2020-05-04T15:22:04","guid":{"rendered":"http:\/\/blogs.sld.cu\/asma\/?page_id=27"},"modified":"2021-01-03T21:41:27","modified_gmt":"2021-01-03T21:41:27","slug":"preguntas-frecuentes","status":"publish","type":"page","link":"https:\/\/blogs.sld.cu\/asma\/preguntas-frecuentes\/","title":{"rendered":"Preguntas frecuentes"},"content":{"rendered":"<p><span style=\"font-size: 12pt\">En este espacio encontrar\u00e1s preguntas frecuentes y sus respuestas sobre el asma. Las mismas se podr\u00e1n incrementar con las preguntas que los pacientes o sus familiares formulen en Consulta con el m\u00e9dico.<\/span><\/p>\n<p><span style=\"font-size: 12pt\"><strong>\u00bfC\u00f3mo sabemos que una persona tiene un ataque de asma?<\/strong><\/span><\/p>\n<p><span style=\"font-size: 12pt\">Si una persona padece asma, hay signos que pueden orientarle que est\u00e1 padeciendo un ataque de asma o agudizaci\u00f3n de su proceso respiratorio.<\/span><\/p>\n<p><span style=\"font-size: 12pt\">Los signos son: sensaci\u00f3n de opresi\u00f3n en el pecho, dificultad para respirar, tos y\/o silbidos en el pecho que pueden acompa\u00f1arse de ansiedad, intranquilidad y miedo.<\/span><\/p>\n<p><span style=\"font-size: 12pt\">Es probable que un paciente asm\u00e1tico presente un ataque de asma frente a una exposici\u00f3n ambiental (a sustancias a las que son sensibles, como los \u00e1caros del polvo dom\u00e9stico, polen, mohos,etc.),y tambi\u00e9n durante una infecci\u00f3n viral o a factores externos como el humo del tabaco o la contaminaci\u00f3n ambiental, que pueden precipitarla. Se debe usar la medicaci\u00f3n indicada por su m\u00e9dico para casos de agudizaci\u00f3n de la enfermedad.<\/span><br \/>\n<span style=\"font-size: 12pt\"> Si a los signos anteriores se a\u00f1ade dificultad para caminar o completar frases cuando habla, confusi\u00f3n mental\u00a0o se reacciona menos de lo habitual,\u00a0se deber\u00e1 usar el medicamento broncodilatador de acci\u00f3n r\u00e1pida (salbutamol) y\u00a0buscar atenci\u00f3n m\u00e9dica de inmediato.<\/span><\/p>\n<p><span style=\"font-size: 12pt\">Si los s\u00edntomas de asma no mejoran despu\u00e9s del tratamiento en un servicio de urgencia, el m\u00e9dico puede indicarle permanecer en el hospital para\u00a0administrarle otros medicamentos y vigilarle de manera m\u00e1s estrecha. En los casos\u00a0de asma es com\u00fan indicar tratamiento de ox\u00edgeno. En algunos casos, un ataque de asma grave y persistente requiere ingreso en una unidad de cuidados intensivos.<\/span><\/p>\n<p><span style=\"font-size: 12pt\">Es importante saber que esa persona\u00a0suele estar libre de s\u00edntomas de asma la mayor parte del tiempo si usa su medicaci\u00f3n habitual y cumple con las medidas orientadas por el m\u00e9dico.<\/span><\/p>\n<p><span style=\"font-size: 12pt\"><strong>\u00bfC\u00f3mo ayudar a un asm\u00e1tico durante un ataque?<\/strong><\/span><\/p>\n<ol>\n<li><span style=\"font-size: 12pt\">Infundir tranquilidad.<\/span><\/li>\n<li><span style=\"font-size: 12pt\">Sacarlo del medio donde se encuentra, mantenerlo\u00a0en reposo, sentado si es posible, en un ambiente tranquilo y sin humo.<\/span><\/li>\n<li><span style=\"font-size: 12pt\">Se debe iniciar el tratamiento con medicamentos broncodilatadores como el salbutamol. Se recomienda la asistencia a un servicio de urgencias en caso de no mejora o signos de gravedad para lograr su control.<\/span><\/li>\n<\/ol>\n<p><span style=\"font-size: 12pt\">Las crisis asm\u00e1ticas se pueden controlar, pero es mucho mejor que no lleguen a ocurrir. El ataque de asma es mejor prevenirlo que tener que controlarlo.<\/span><\/p>\n<p><span style=\"font-size: 12pt\">En un ataque de asma sus factores causales pueden ser muy distintos para cada paciente. Identificar en lo posible cu\u00e1les son sus desencadenantes y c\u00f3mo evitarlos es una medida de prevenci\u00f3n de los mismos. Seguir las instrucciones orientadas por su m\u00e9dico, usar de forma regular los medicamentos de control como los corticosteroides inhalados, incluso aquellos d\u00edas en que se encuentre bien, son medidas esenciales para evitar los ataques de asma.<\/span><\/p>\n<p><span style=\"font-size: 12pt\">\u00a0<\/span><\/p>\n","protected":false},"excerpt":{"rendered":"<p>En este espacio encontrar\u00e1s preguntas frecuentes y sus respuestas sobre el asma. Las mismas se podr\u00e1n incrementar con las preguntas que los pacientes o sus familiares formulen en Consulta con el m\u00e9dico. \u00bfC\u00f3mo sabemos que una persona tiene un ataque de asma? Si una persona padece asma, hay signos que pueden orientarle que est\u00e1 padeciendo [&hellip;]<\/p>\n","protected":false},"author":208,"featured_media":0,"parent":0,"menu_order":0,"comment_status":"closed","ping_status":"closed","template":"","meta":[],"_links":{"self":[{"href":"https:\/\/blogs.sld.cu\/asma\/wp-json\/wp\/v2\/pages\/27"}],"collection":[{"href":"https:\/\/blogs.sld.cu\/asma\/wp-json\/wp\/v2\/pages"}],"about":[{"href":"https:\/\/blogs.sld.cu\/asma\/wp-json\/wp\/v2\/types\/page"}],"author":[{"embeddable":true,"href":"https:\/\/blogs.sld.cu\/asma\/wp-json\/wp\/v2\/users\/208"}],"replies":[{"embeddable":true,"href":"https:\/\/blogs.sld.cu\/asma\/wp-json\/wp\/v2\/comments?post=27"}],"version-history":[{"count":15,"href":"https:\/\/blogs.sld.cu\/asma\/wp-json\/wp\/v2\/pages\/27\/revisions"}],"predecessor-version":[{"id":252,"href":"https:\/\/blogs.sld.cu\/asma\/wp-json\/wp\/v2\/pages\/27\/revisions\/252"}],"wp:attachment":[{"href":"https:\/\/blogs.sld.cu\/asma\/wp-json\/wp\/v2\/media?parent=27"}],"curies":[{"name":"wp","href":"https:\/\/api.w.org\/{rel}","templated":true}]}}