{"id":3,"date":"2020-05-04T15:14:18","date_gmt":"2020-05-04T15:14:18","guid":{"rendered":"http:\/\/blogs.sld.cu\/asma\/?page_id=3"},"modified":"2020-05-04T15:16:38","modified_gmt":"2020-05-04T15:16:38","slug":"contacto","status":"publish","type":"page","link":"https:\/\/blogs.sld.cu\/asma\/contacto\/","title":{"rendered":"Contacto"},"content":{"rendered":"<p>Dra. Mirta \u00c1lvarez Castell\u00f3<\/p>\n<p>Presidenta de la Sociedad cubana de Alerg\u00eda. Dra en Ciencias M\u00e9dicas. Especialista de 2do grado en Alergolog\u00eda. Profesor e investigador auxiliar.<\/p>\n<p>Hospital docente cl\u00ednico.quir\u00fargico Calixto Garc\u00eda<\/p>\n","protected":false},"excerpt":{"rendered":"<p>Dra. Mirta \u00c1lvarez Castell\u00f3 Presidenta de la Sociedad cubana de Alerg\u00eda. Dra en Ciencias M\u00e9dicas. Especialista de 2do grado en Alergolog\u00eda. Profesor e investigador auxiliar. Hospital docente cl\u00ednico.quir\u00fargico Calixto Garc\u00eda<\/p>\n","protected":false},"author":124,"featured_media":0,"parent":0,"menu_order":0,"comment_status":"open","ping_status":"open","template":"","meta":[],"_links":{"self":[{"href":"https:\/\/blogs.sld.cu\/asma\/wp-json\/wp\/v2\/pages\/3"}],"collection":[{"href":"https:\/\/blogs.sld.cu\/asma\/wp-json\/wp\/v2\/pages"}],"about":[{"href":"https:\/\/blogs.sld.cu\/asma\/wp-json\/wp\/v2\/types\/page"}],"author":[{"embeddable":true,"href":"https:\/\/blogs.sld.cu\/asma\/wp-json\/wp\/v2\/users\/124"}],"replies":[{"embeddable":true,"href":"https:\/\/blogs.sld.cu\/asma\/wp-json\/wp\/v2\/comments?post=3"}],"version-history":[{"count":2,"href":"https:\/\/blogs.sld.cu\/asma\/wp-json\/wp\/v2\/pages\/3\/revisions"}],"predecessor-version":[{"id":21,"href":"https:\/\/blogs.sld.cu\/asma\/wp-json\/wp\/v2\/pages\/3\/revisions\/21"}],"wp:attachment":[{"href":"https:\/\/blogs.sld.cu\/asma\/wp-json\/wp\/v2\/media?parent=3"}],"curies":[{"name":"wp","href":"https:\/\/api.w.org\/{rel}","templated":true}]}}