{"id":40,"date":"2020-05-04T17:20:32","date_gmt":"2020-05-04T17:20:32","guid":{"rendered":"http:\/\/blogs.sld.cu\/asma\/?page_id=40"},"modified":"2021-01-03T22:18:37","modified_gmt":"2021-01-03T22:18:37","slug":"prevencion","status":"publish","type":"page","link":"https:\/\/blogs.sld.cu\/asma\/prevencion\/","title":{"rendered":"Prevenci\u00f3n"},"content":{"rendered":"<p><span style=\"font-size: 12pt\">Cuando se trata de prevenir o evitar la aparici\u00f3n del asma, hay que recordar que es una enfermedad compleja en la que intervienen m\u00faltiples factores.<\/span><\/p>\n<p><span style=\"font-size: 12pt\">Puede hablarse de una prevenci\u00f3n primaria, donde las intervenciones se realizan antes de que el individuo se sensibilice a los al\u00e9rgenos y as\u00ed no se desarrolla la enfermedad. Son de gran importancia en la infancia temprana y en el embarazo, sobre todo en aquellos individuos con antecedentes familiares de enfermedad al\u00e9rgica.<\/span><\/p>\n<ol>\n<li><span style=\"font-size: 12pt\">Eliminar el tabaquismo.<\/span><\/li>\n<li><span style=\"font-size: 12pt\">Eliminar en lo posible la humedad en el hogar y reducir los contaminantes y al\u00e9rgenos en el interior de las viviendas.<\/span><\/li>\n<li><span style=\"font-size: 12pt\">Brindar a los lactantes leche materna hasta los 6 meses de edad.<\/span><\/li>\n<\/ol>\n<p><span style=\"font-size: 12pt\">La prevenci\u00f3n secundaria es aquella que incluye las medidas para evitar la aparici\u00f3n de la enfermedad en un individuo ya sensibilizado y\/o con alguna enfermedad al\u00e9rgica que suele preceder al asma como la dermatitis at\u00f3pica o la rinitis.<\/span><\/p>\n<ol>\n<li><span style=\"font-size: 12pt\">Tratamiento de la dermatitis at\u00f3pica y de la rinitis al\u00e9rgica para reducir el riesgo de desarrollo de asma.<\/span><\/li>\n<li><span style=\"font-size: 12pt\">En ni\u00f1os peque\u00f1os ya sensibilizados a los al\u00e9rgenos (ej. \u00e1caros del polvo de la casa, mascotas y cucarachas), la exposici\u00f3n deber\u00e1 reducirse o evitarse para prevenir el inicio de una enfermedad respiratoria. (Ver medidas de control ambiental).<\/span><\/li>\n<\/ol>\n<p><span style=\"font-size: 12pt\">Y la prevenci\u00f3n terciaria, cuando ya el individuo es asm\u00e1tico, pero se busca disminuir el impacto de la enfermedad en el paciente, evitando la aparici\u00f3n de exacerbaciones.<\/span><\/p>\n<ol>\n<li><span style=\"font-size: 12pt\">Lactantes con alergia alimentaria deben evitar las prote\u00ednas causantes de la enfermedad.<\/span><\/li>\n<li><span style=\"font-size: 12pt\">En pacientes con asma al\u00e9rgico, sensibilizados a al\u00e9rgenos intradomiciliarios (\u00e1caros del polvo, cucarachas, caspas de animales), la exposici\u00f3n debe eliminarse o disminuirse con el fin de obtener el control de los s\u00edntomas y prevenir exacerbaciones.<\/span><\/li>\n<li><span style=\"font-size: 12pt\">Los pacientes sensibles al \u00e1cido acetilsalic\u00edlico y a antiinflamatorios no esteroideos (AINES), deben evitarlos<\/span><\/li>\n<\/ol>\n<p><span style=\"font-size: 12pt\">En general, reducir el tabaquismo y la exposici\u00f3n ambiental al humo de tabaco; la contaminaci\u00f3n del aire interior y exterior y las exposiciones ocupacionales; reducir la obesidad infantil y fomentar una dieta rica en verduras y frutas; mejora la salud maternofetal. Estimular la lactancia materna; promover el uso de vacunas infantiles; y reducir las desigualdades sociales, son medidas encaminadas a mejorar la salud pulmonar y general, la calidad de vida de los pacientes y, por tanto, disminuir las probabilidades de aparici\u00f3n del asma y\/o lograr su control.<\/span><\/p>\n<p>&nbsp;<\/p>\n","protected":false},"excerpt":{"rendered":"<p>Cuando se trata de prevenir o evitar la aparici\u00f3n del asma, hay que recordar que es una enfermedad compleja en la que intervienen m\u00faltiples factores. Puede hablarse de una prevenci\u00f3n primaria, donde las intervenciones se realizan antes de que el individuo se sensibilice a los al\u00e9rgenos y as\u00ed no se desarrolla la enfermedad. Son de [&hellip;]<\/p>\n","protected":false},"author":208,"featured_media":0,"parent":0,"menu_order":0,"comment_status":"closed","ping_status":"closed","template":"","meta":[],"_links":{"self":[{"href":"https:\/\/blogs.sld.cu\/asma\/wp-json\/wp\/v2\/pages\/40"}],"collection":[{"href":"https:\/\/blogs.sld.cu\/asma\/wp-json\/wp\/v2\/pages"}],"about":[{"href":"https:\/\/blogs.sld.cu\/asma\/wp-json\/wp\/v2\/types\/page"}],"author":[{"embeddable":true,"href":"https:\/\/blogs.sld.cu\/asma\/wp-json\/wp\/v2\/users\/208"}],"replies":[{"embeddable":true,"href":"https:\/\/blogs.sld.cu\/asma\/wp-json\/wp\/v2\/comments?post=40"}],"version-history":[{"count":12,"href":"https:\/\/blogs.sld.cu\/asma\/wp-json\/wp\/v2\/pages\/40\/revisions"}],"predecessor-version":[{"id":269,"href":"https:\/\/blogs.sld.cu\/asma\/wp-json\/wp\/v2\/pages\/40\/revisions\/269"}],"wp:attachment":[{"href":"https:\/\/blogs.sld.cu\/asma\/wp-json\/wp\/v2\/media?parent=40"}],"curies":[{"name":"wp","href":"https:\/\/api.w.org\/{rel}","templated":true}]}}