{"id":132,"date":"2025-03-04T16:52:14","date_gmt":"2025-03-04T16:52:14","guid":{"rendered":"https:\/\/blogs.sld.cu\/bibliocncma\/?page_id=132"},"modified":"2025-03-04T17:01:03","modified_gmt":"2025-03-04T17:01:03","slug":"revision-y-correccion-dereferencias-bibliograficas","status":"publish","type":"page","link":"https:\/\/blogs.sld.cu\/bibliocncma\/servicios\/revision-y-correccion-dereferencias-bibliograficas\/","title":{"rendered":"Revisi\u00f3n y correcci\u00f3n"},"content":{"rendered":"<p>Revisi\u00f3n y correcci\u00f3n de referencias bibliogr\u00e1ficas<\/p>\n","protected":false},"excerpt":{"rendered":"<p>Revisi\u00f3n y correcci\u00f3n de referencias bibliogr\u00e1ficas<\/p>\n","protected":false},"author":202,"featured_media":0,"parent":104,"menu_order":0,"comment_status":"closed","ping_status":"closed","template":"","meta":[],"_links":{"self":[{"href":"https:\/\/blogs.sld.cu\/bibliocncma\/wp-json\/wp\/v2\/pages\/132"}],"collection":[{"href":"https:\/\/blogs.sld.cu\/bibliocncma\/wp-json\/wp\/v2\/pages"}],"about":[{"href":"https:\/\/blogs.sld.cu\/bibliocncma\/wp-json\/wp\/v2\/types\/page"}],"author":[{"embeddable":true,"href":"https:\/\/blogs.sld.cu\/bibliocncma\/wp-json\/wp\/v2\/users\/202"}],"replies":[{"embeddable":true,"href":"https:\/\/blogs.sld.cu\/bibliocncma\/wp-json\/wp\/v2\/comments?post=132"}],"version-history":[{"count":3,"href":"https:\/\/blogs.sld.cu\/bibliocncma\/wp-json\/wp\/v2\/pages\/132\/revisions"}],"predecessor-version":[{"id":135,"href":"https:\/\/blogs.sld.cu\/bibliocncma\/wp-json\/wp\/v2\/pages\/132\/revisions\/135"}],"up":[{"embeddable":true,"href":"https:\/\/blogs.sld.cu\/bibliocncma\/wp-json\/wp\/v2\/pages\/104"}],"wp:attachment":[{"href":"https:\/\/blogs.sld.cu\/bibliocncma\/wp-json\/wp\/v2\/media?parent=132"}],"curies":[{"name":"wp","href":"https:\/\/api.w.org\/{rel}","templated":true}]}}