{"id":18,"date":"2020-02-12T19:34:26","date_gmt":"2020-02-12T19:34:26","guid":{"rendered":"http:\/\/blogs.sld.cu\/bibliocncma\/?page_id=18"},"modified":"2024-08-01T16:13:22","modified_gmt":"2024-08-01T16:13:22","slug":"quienes-somos","status":"publish","type":"page","link":"https:\/\/blogs.sld.cu\/bibliocncma\/quienes-somos\/","title":{"rendered":"\u00bfQui\u00e9nes somos?"},"content":{"rendered":"<p>La Biblioteca del Centro Nacional Cirug\u00eda de M\u00ednimo Acceso es parte integrante de la red de bibliotecas del Centro Nacional de Informaci\u00f3n de Ciencias M\u00e9dicas (CNICM) ahora identificado con la marca comercial INFOMED.<\/p>\n<p>En sus inicios se conoci\u00f3 como \u201cComputaci\u00f3n\u201d, un departamento suscrito a la Vice-direcci\u00f3n de Docencia, que ofrec\u00eda servicios b\u00e1sicos de conectividad a Infomed e internet y b\u00fasqueda de informaci\u00f3n.<\/p>\n<p>En enero de 2013 comenz\u00f3 un proceso de transformaci\u00f3n en su concepto y prestaci\u00f3n de servicios, evolucionando primeramente a un \u00c1rea de Gesti\u00f3n de Informaci\u00f3n y Conocimiento que trabaj\u00f3 a diario por superarse, desarrollando productos y servicios para garantizar la informaci\u00f3n cient\u00edfico-tecnol\u00f3gica a su comunidad de profesionales, dando as\u00ed los primeros pasos para ser declarada en el a\u00f1o 2017 Biblioteca.<\/p>\n","protected":false},"excerpt":{"rendered":"<p>La Biblioteca del Centro Nacional Cirug\u00eda de M\u00ednimo Acceso es parte integrante de la red de bibliotecas del Centro Nacional de Informaci\u00f3n de Ciencias M\u00e9dicas (CNICM) ahora identificado con la marca comercial INFOMED. En sus inicios se conoci\u00f3 como \u201cComputaci\u00f3n\u201d, un departamento suscrito a la Vice-direcci\u00f3n de Docencia, que ofrec\u00eda servicios b\u00e1sicos de conectividad a [&hellip;]<\/p>\n","protected":false},"author":202,"featured_media":0,"parent":0,"menu_order":1,"comment_status":"open","ping_status":"open","template":"","meta":[],"_links":{"self":[{"href":"https:\/\/blogs.sld.cu\/bibliocncma\/wp-json\/wp\/v2\/pages\/18"}],"collection":[{"href":"https:\/\/blogs.sld.cu\/bibliocncma\/wp-json\/wp\/v2\/pages"}],"about":[{"href":"https:\/\/blogs.sld.cu\/bibliocncma\/wp-json\/wp\/v2\/types\/page"}],"author":[{"embeddable":true,"href":"https:\/\/blogs.sld.cu\/bibliocncma\/wp-json\/wp\/v2\/users\/202"}],"replies":[{"embeddable":true,"href":"https:\/\/blogs.sld.cu\/bibliocncma\/wp-json\/wp\/v2\/comments?post=18"}],"version-history":[{"count":3,"href":"https:\/\/blogs.sld.cu\/bibliocncma\/wp-json\/wp\/v2\/pages\/18\/revisions"}],"predecessor-version":[{"id":57,"href":"https:\/\/blogs.sld.cu\/bibliocncma\/wp-json\/wp\/v2\/pages\/18\/revisions\/57"}],"wp:attachment":[{"href":"https:\/\/blogs.sld.cu\/bibliocncma\/wp-json\/wp\/v2\/media?parent=18"}],"curies":[{"name":"wp","href":"https:\/\/api.w.org\/{rel}","templated":true}]}}