{"id":21,"date":"2020-02-12T19:34:45","date_gmt":"2020-02-12T19:34:45","guid":{"rendered":"http:\/\/blogs.sld.cu\/bibliocncma\/?page_id=21"},"modified":"2024-08-01T16:13:32","modified_gmt":"2024-08-01T16:13:32","slug":"mision","status":"publish","type":"page","link":"https:\/\/blogs.sld.cu\/bibliocncma\/mision\/","title":{"rendered":"Misi\u00f3n:"},"content":{"rendered":"<p>La Biblioteca del Centro Nacional de Cirug\u00eda de M\u00ednimo Acceso es parte integral del Sistema Nacional de Salud Cubano, trabaja y se capacita para garantizar la prestaci\u00f3n de servicios de informaci\u00f3n cient\u00edfico &#8211; t\u00e9cnica a la comunidad de profesionales que laboran en este perfil con el fin de elevar la calidad de la asistencia, la investigaci\u00f3n y la docencia, propiciando el hallazgo de soluciones que posibiliten enfrentar los problemas de salud de nuestra poblaci\u00f3n y otros pueblos.<\/p>\n","protected":false},"excerpt":{"rendered":"<p>La Biblioteca del Centro Nacional de Cirug\u00eda de M\u00ednimo Acceso es parte integral del Sistema Nacional de Salud Cubano, trabaja y se capacita para garantizar la prestaci\u00f3n de servicios de informaci\u00f3n cient\u00edfico &#8211; t\u00e9cnica a la comunidad de profesionales que laboran en este perfil con el fin de elevar la calidad de la asistencia, la [&hellip;]<\/p>\n","protected":false},"author":202,"featured_media":0,"parent":0,"menu_order":2,"comment_status":"open","ping_status":"open","template":"","meta":[],"_links":{"self":[{"href":"https:\/\/blogs.sld.cu\/bibliocncma\/wp-json\/wp\/v2\/pages\/21"}],"collection":[{"href":"https:\/\/blogs.sld.cu\/bibliocncma\/wp-json\/wp\/v2\/pages"}],"about":[{"href":"https:\/\/blogs.sld.cu\/bibliocncma\/wp-json\/wp\/v2\/types\/page"}],"author":[{"embeddable":true,"href":"https:\/\/blogs.sld.cu\/bibliocncma\/wp-json\/wp\/v2\/users\/202"}],"replies":[{"embeddable":true,"href":"https:\/\/blogs.sld.cu\/bibliocncma\/wp-json\/wp\/v2\/comments?post=21"}],"version-history":[{"count":3,"href":"https:\/\/blogs.sld.cu\/bibliocncma\/wp-json\/wp\/v2\/pages\/21\/revisions"}],"predecessor-version":[{"id":61,"href":"https:\/\/blogs.sld.cu\/bibliocncma\/wp-json\/wp\/v2\/pages\/21\/revisions\/61"}],"wp:attachment":[{"href":"https:\/\/blogs.sld.cu\/bibliocncma\/wp-json\/wp\/v2\/media?parent=21"}],"curies":[{"name":"wp","href":"https:\/\/api.w.org\/{rel}","templated":true}]}}