{"id":62,"date":"2024-08-01T16:07:15","date_gmt":"2024-08-01T16:07:15","guid":{"rendered":"https:\/\/blogs.sld.cu\/bibliocncma\/?page_id=62"},"modified":"2024-08-01T16:13:08","modified_gmt":"2024-08-01T16:13:08","slug":"vision","status":"publish","type":"page","link":"https:\/\/blogs.sld.cu\/bibliocncma\/vision\/","title":{"rendered":"Visi\u00f3n:"},"content":{"rendered":"<p>Liderar la actividad cient\u00edfico informativa a nivel nacional en Procedimientos M\u00ednimamente Invasivos, dise\u00f1ando e implementando servicios informativos de valor agregado<\/p>\n","protected":false},"excerpt":{"rendered":"<p>Liderar la actividad cient\u00edfico informativa a nivel nacional en Procedimientos M\u00ednimamente Invasivos, dise\u00f1ando e implementando servicios informativos de valor agregado<\/p>\n","protected":false},"author":202,"featured_media":0,"parent":0,"menu_order":3,"comment_status":"closed","ping_status":"closed","template":"","meta":[],"_links":{"self":[{"href":"https:\/\/blogs.sld.cu\/bibliocncma\/wp-json\/wp\/v2\/pages\/62"}],"collection":[{"href":"https:\/\/blogs.sld.cu\/bibliocncma\/wp-json\/wp\/v2\/pages"}],"about":[{"href":"https:\/\/blogs.sld.cu\/bibliocncma\/wp-json\/wp\/v2\/types\/page"}],"author":[{"embeddable":true,"href":"https:\/\/blogs.sld.cu\/bibliocncma\/wp-json\/wp\/v2\/users\/202"}],"replies":[{"embeddable":true,"href":"https:\/\/blogs.sld.cu\/bibliocncma\/wp-json\/wp\/v2\/comments?post=62"}],"version-history":[{"count":1,"href":"https:\/\/blogs.sld.cu\/bibliocncma\/wp-json\/wp\/v2\/pages\/62\/revisions"}],"predecessor-version":[{"id":63,"href":"https:\/\/blogs.sld.cu\/bibliocncma\/wp-json\/wp\/v2\/pages\/62\/revisions\/63"}],"wp:attachment":[{"href":"https:\/\/blogs.sld.cu\/bibliocncma\/wp-json\/wp\/v2\/media?parent=62"}],"curies":[{"name":"wp","href":"https:\/\/api.w.org\/{rel}","templated":true}]}}