{"id":24,"date":"2021-05-10T18:24:30","date_gmt":"2021-05-10T18:24:30","guid":{"rendered":"http:\/\/blogs.sld.cu\/bronquiectasias\/?page_id=24"},"modified":"2021-11-17T22:09:01","modified_gmt":"2021-11-17T22:09:01","slug":"causassintomas","status":"publish","type":"page","link":"https:\/\/blogs.sld.cu\/bronquiectasias\/causassintomas\/","title":{"rendered":"Causas\/S\u00edntomas"},"content":{"rendered":"<p><span style=\"font-family: verdana, geneva; font-size: 10pt;\">Son m\u00faltiples las causas de las bronquiectasias, aunque hasta en un 50% de los casos no se puede identificar el factor causal.<\/span><\/p>\n<p><span style=\"font-size: 10pt;\"><strong><span style=\"font-family: verdana, geneva;\">Causas m\u00e1s frecuentes:<\/span><\/strong><\/span><\/p>\n<ol>\n<li><span style=\"font-family: verdana, geneva; font-size: 10pt;\"><strong>Infecciones:<\/strong> Sarampi\u00f3n, Tos Ferina, infecci\u00f3n v\u00edrica, neumon\u00eda necrotizante.<\/span><\/li>\n<li><span style=\"font-family: verdana, geneva; font-size: 10pt;\"><strong>Obstrucci\u00f3n bronquial:<\/strong> Tumores, cuerpos extra\u00f1os dentro de un bronquio (por aspiraci\u00f3n), secuelas despu\u00e9s de una tuberculosis.<\/span><\/li>\n<li><span style=\"font-family: verdana, geneva; font-size: 10pt;\"><strong>Neumonitis inflamatoria:<\/strong> por aspiraci\u00f3n del contenido g\u00e1strico, de c\u00e1usticos; por inhalaci\u00f3n de gases calientes, drogas.<\/span><\/li>\n<li><span style=\"font-family: verdana, geneva; font-size: 10pt;\">Despu\u00e9s de un <strong>trasplante pulmonar.<\/strong><\/span><\/li>\n<li><span style=\"font-family: verdana, geneva; font-size: 10pt;\"><strong>Malformaciones cong\u00e9nitas<\/strong>.<\/span><\/li>\n<li><span style=\"font-family: verdana, geneva; font-size: 10pt;\"><strong>Inmunodeficiencias:<\/strong> d\u00e9ficit de anticuerpos, VIH.<\/span><\/li>\n<li><span style=\"font-family: verdana, geneva; font-size: 10pt;\"><strong>Enfermedades gen\u00e9ticas:<\/strong> Fibrosis Qu\u00edstica.<\/span><\/li>\n<\/ol>\n<h3><span style=\"font-size: 12pt;\"><a title=\"S\u00edntomas\" href=\"http:\/\/blogs.sld.cu\/bronquiectasias\/sintomas\/\"><strong><span style=\"font-family: verdana, geneva;\">S\u00edntomas<\/span><\/strong><\/a><\/span><\/h3>\n<p>&nbsp;<\/p>\n<p>&nbsp;<\/p>\n<p>&nbsp;<\/p>\n","protected":false},"excerpt":{"rendered":"<p>Son m\u00faltiples las causas de las bronquiectasias, aunque hasta en un 50% de los casos no se puede identificar el factor causal. Causas m\u00e1s frecuentes: Infecciones: Sarampi\u00f3n, Tos Ferina, infecci\u00f3n v\u00edrica, neumon\u00eda necrotizante. Obstrucci\u00f3n bronquial: Tumores, cuerpos extra\u00f1os dentro de un bronquio (por aspiraci\u00f3n), secuelas despu\u00e9s de una tuberculosis. Neumonitis inflamatoria: por aspiraci\u00f3n del contenido [&hellip;]<\/p>\n","protected":false},"author":208,"featured_media":0,"parent":0,"menu_order":0,"comment_status":"closed","ping_status":"open","template":"","meta":[],"_links":{"self":[{"href":"https:\/\/blogs.sld.cu\/bronquiectasias\/wp-json\/wp\/v2\/pages\/24"}],"collection":[{"href":"https:\/\/blogs.sld.cu\/bronquiectasias\/wp-json\/wp\/v2\/pages"}],"about":[{"href":"https:\/\/blogs.sld.cu\/bronquiectasias\/wp-json\/wp\/v2\/types\/page"}],"author":[{"embeddable":true,"href":"https:\/\/blogs.sld.cu\/bronquiectasias\/wp-json\/wp\/v2\/users\/208"}],"replies":[{"embeddable":true,"href":"https:\/\/blogs.sld.cu\/bronquiectasias\/wp-json\/wp\/v2\/comments?post=24"}],"version-history":[{"count":9,"href":"https:\/\/blogs.sld.cu\/bronquiectasias\/wp-json\/wp\/v2\/pages\/24\/revisions"}],"predecessor-version":[{"id":147,"href":"https:\/\/blogs.sld.cu\/bronquiectasias\/wp-json\/wp\/v2\/pages\/24\/revisions\/147"}],"wp:attachment":[{"href":"https:\/\/blogs.sld.cu\/bronquiectasias\/wp-json\/wp\/v2\/media?parent=24"}],"curies":[{"name":"wp","href":"https:\/\/api.w.org\/{rel}","templated":true}]}}