{"id":29,"date":"2021-05-10T18:29:31","date_gmt":"2021-05-10T18:29:31","guid":{"rendered":"http:\/\/blogs.sld.cu\/bronquiectasias\/?page_id=29"},"modified":"2021-11-17T22:14:04","modified_gmt":"2021-11-17T22:14:04","slug":"sintomas","status":"publish","type":"page","link":"https:\/\/blogs.sld.cu\/bronquiectasias\/sintomas\/","title":{"rendered":"S\u00edntomas"},"content":{"rendered":"<h3><span style=\"font-family: verdana, geneva; font-size: 12pt;\"><strong>Manifestaciones cl\u00ednicas de la enfermedad:<\/strong><\/span><\/h3>\n<p><a href=\"http:\/\/blogs.sld.cu\/bronquiectasias\/files\/2021\/05\/sintomas-bronquiectasias.jpg\"><img loading=\"lazy\" class=\"alignnone  wp-image-67\" src=\"http:\/\/blogs.sld.cu\/bronquiectasias\/files\/2021\/05\/sintomas-bronquiectasias.jpg\" alt=\"La tos, es uno de los s\u00edntomas\" width=\"496\" height=\"231\" srcset=\"https:\/\/blogs.sld.cu\/bronquiectasias\/files\/2021\/05\/sintomas-bronquiectasias.jpg 750w, https:\/\/blogs.sld.cu\/bronquiectasias\/files\/2021\/05\/sintomas-bronquiectasias-300x140.jpg 300w, https:\/\/blogs.sld.cu\/bronquiectasias\/files\/2021\/05\/sintomas-bronquiectasias-250x117.jpg 250w\" sizes=\"(max-width: 496px) 100vw, 496px\" \/><\/a><\/p>\n<p><span style=\"font-family: verdana, geneva; font-size: 10pt;\">Los s\u00edntomas incluyen: <strong>tos<\/strong> y <strong>la expulsi\u00f3n de flemas<\/strong> abundantes y amarillentas son los s\u00edntomas principales. La tos suele ser persistente y las flemas (expectoraci\u00f3n) de predominio matutino.<\/span><\/p>\n<p><span style=\"font-family: verdana, geneva; font-size: 10pt;\">Son frecuentes las infecciones respiratorias, se caracterizan por un incremento de la tos y las flemas, estas se tornan verdosas y f\u00e9tidas, en ocasiones con sangre. Puede aparecer falta de aire,\u00a0 fiebre, p\u00e9rdida de peso y escaso apetito.<\/span><\/p>\n<p><span style=\"font-family: verdana, geneva; font-size: 10pt;\">En \u00a0algunos pacientes con bronquiectasias pueden estar ausentes los s\u00edntomas (asintom\u00e1ticos)<\/span><\/p>\n","protected":false},"excerpt":{"rendered":"<p>Manifestaciones cl\u00ednicas de la enfermedad: Los s\u00edntomas incluyen: tos y la expulsi\u00f3n de flemas abundantes y amarillentas son los s\u00edntomas principales. La tos suele ser persistente y las flemas (expectoraci\u00f3n) de predominio matutino. Son frecuentes las infecciones respiratorias, se caracterizan por un incremento de la tos y las flemas, estas se tornan verdosas y f\u00e9tidas, [&hellip;]<\/p>\n","protected":false},"author":208,"featured_media":0,"parent":0,"menu_order":0,"comment_status":"closed","ping_status":"open","template":"","meta":[],"_links":{"self":[{"href":"https:\/\/blogs.sld.cu\/bronquiectasias\/wp-json\/wp\/v2\/pages\/29"}],"collection":[{"href":"https:\/\/blogs.sld.cu\/bronquiectasias\/wp-json\/wp\/v2\/pages"}],"about":[{"href":"https:\/\/blogs.sld.cu\/bronquiectasias\/wp-json\/wp\/v2\/types\/page"}],"author":[{"embeddable":true,"href":"https:\/\/blogs.sld.cu\/bronquiectasias\/wp-json\/wp\/v2\/users\/208"}],"replies":[{"embeddable":true,"href":"https:\/\/blogs.sld.cu\/bronquiectasias\/wp-json\/wp\/v2\/comments?post=29"}],"version-history":[{"count":7,"href":"https:\/\/blogs.sld.cu\/bronquiectasias\/wp-json\/wp\/v2\/pages\/29\/revisions"}],"predecessor-version":[{"id":148,"href":"https:\/\/blogs.sld.cu\/bronquiectasias\/wp-json\/wp\/v2\/pages\/29\/revisions\/148"}],"wp:attachment":[{"href":"https:\/\/blogs.sld.cu\/bronquiectasias\/wp-json\/wp\/v2\/media?parent=29"}],"curies":[{"name":"wp","href":"https:\/\/api.w.org\/{rel}","templated":true}]}}