{"id":34,"date":"2021-05-10T18:54:17","date_gmt":"2021-05-10T18:54:17","guid":{"rendered":"http:\/\/blogs.sld.cu\/bronquiectasias\/?page_id=34"},"modified":"2021-05-27T23:49:37","modified_gmt":"2021-05-27T23:49:37","slug":"diagnosticotratamiento","status":"publish","type":"page","link":"https:\/\/blogs.sld.cu\/bronquiectasias\/diagnosticotratamiento\/","title":{"rendered":"Diagn\u00f3stico\/Tratamiento"},"content":{"rendered":"<p><span style=\"font-family: verdana, geneva; font-size: 12pt;\">Diagn\u00f3stico:<\/span><\/p>\n<p><span style=\"font-family: verdana, geneva; font-size: 10pt;\">Para confirmar el <strong>diagn\u00f3stico de bronquiectasias<\/strong>, antiguamente se utilizaba una t\u00e9cnica de imagen llamada <strong>broncografia<\/strong>, la cual fue sustituida por otra poco cruenta y sin efectos adversos, <strong>la tomograf\u00eda axial computarizada<\/strong> de alta resoluci\u00f3n. Seg\u00fan la apariencia tomogr\u00e1fica las bronquiectasias pueden ser de tres tipos: cil\u00edndricas, en cuentas de rosario o qu\u00edsticas.<\/span><\/p>\n<p><span style=\"font-family: verdana, geneva; font-size: 10pt;\">La radiograf\u00eda de t\u00f3rax aporta escasa informaci\u00f3n sobre su extensi\u00f3n y las im\u00e1genes son inespec\u00edficas.<\/span><\/p>\n<p><span style=\"font-family: verdana, geneva; font-size: 10pt;\">Es importante estudiar la funci\u00f3n pulmonar, ya que es una enfermedad que la afecta con frecuencia. En todo paciente que se diagnostique de bronquiectasias se le debe indicar una prueba de funci\u00f3n respiratoria.<\/span><\/p>\n<p><span style=\"font-family: verdana, geneva; font-size: 10pt;\">El estudio microbiol\u00f3gico de las secreciones respiratorias sobre todo durante los procesos infecciosos es primordial, as\u00ed podemos identificar el agente infeccioso que lo est\u00e1 provocando e indicar el tratamiento antibi\u00f3tico especifico.<\/span><\/p>\n<p><span style=\"font-family: verdana, geneva; font-size: 10pt;\">Adem\u00e1s se indican estudios de laboratorio, conteo de leucocitos, determinaci\u00f3n de anticuerpos en sangre.<\/span><\/p>\n<p><span style=\"font-size: 12pt;\"><a title=\"Tratamiento\" href=\"http:\/\/blogs.sld.cu\/bronquiectasias\/tratamientos\/\"><span style=\"font-family: verdana, geneva;\">Tratamiento<\/span><\/a><\/span><\/p>\n","protected":false},"excerpt":{"rendered":"<p>Diagn\u00f3stico: Para confirmar el diagn\u00f3stico de bronquiectasias, antiguamente se utilizaba una t\u00e9cnica de imagen llamada broncografia, la cual fue sustituida por otra poco cruenta y sin efectos adversos, la tomograf\u00eda axial computarizada de alta resoluci\u00f3n. Seg\u00fan la apariencia tomogr\u00e1fica las bronquiectasias pueden ser de tres tipos: cil\u00edndricas, en cuentas de rosario o qu\u00edsticas. La radiograf\u00eda [&hellip;]<\/p>\n","protected":false},"author":208,"featured_media":0,"parent":0,"menu_order":0,"comment_status":"closed","ping_status":"open","template":"","meta":[],"_links":{"self":[{"href":"https:\/\/blogs.sld.cu\/bronquiectasias\/wp-json\/wp\/v2\/pages\/34"}],"collection":[{"href":"https:\/\/blogs.sld.cu\/bronquiectasias\/wp-json\/wp\/v2\/pages"}],"about":[{"href":"https:\/\/blogs.sld.cu\/bronquiectasias\/wp-json\/wp\/v2\/types\/page"}],"author":[{"embeddable":true,"href":"https:\/\/blogs.sld.cu\/bronquiectasias\/wp-json\/wp\/v2\/users\/208"}],"replies":[{"embeddable":true,"href":"https:\/\/blogs.sld.cu\/bronquiectasias\/wp-json\/wp\/v2\/comments?post=34"}],"version-history":[{"count":4,"href":"https:\/\/blogs.sld.cu\/bronquiectasias\/wp-json\/wp\/v2\/pages\/34\/revisions"}],"predecessor-version":[{"id":111,"href":"https:\/\/blogs.sld.cu\/bronquiectasias\/wp-json\/wp\/v2\/pages\/34\/revisions\/111"}],"wp:attachment":[{"href":"https:\/\/blogs.sld.cu\/bronquiectasias\/wp-json\/wp\/v2\/media?parent=34"}],"curies":[{"name":"wp","href":"https:\/\/api.w.org\/{rel}","templated":true}]}}