{"id":35,"date":"2021-05-10T18:50:15","date_gmt":"2021-05-10T18:50:15","guid":{"rendered":"http:\/\/blogs.sld.cu\/bronquiectasias\/?page_id=35"},"modified":"2021-05-28T00:27:16","modified_gmt":"2021-05-28T00:27:16","slug":"tratamientos","status":"publish","type":"page","link":"https:\/\/blogs.sld.cu\/bronquiectasias\/tratamientos\/","title":{"rendered":"Tratamiento"},"content":{"rendered":"<p><span style=\"font-family: verdana, geneva; font-size: 10pt;\">El objetivo del tratamiento es controlar los s\u00edntomas y evitar la progresi\u00f3n del da\u00f1o bronquial y pulmonar.<\/span><\/p>\n<h3><span style=\"font-family: verdana, geneva; font-size: 10pt;\"><strong>Tratamiento de la inflamaci\u00f3n bronquial.\u00a0\u00a0\u00a0 <\/strong><\/span><\/h3>\n<p><span style=\"font-family: verdana, geneva; font-size: 10pt;\">Deben de recibirlo los pacientes con s\u00edntomas y \/o que demuestren un deterioro progresivo de la funci\u00f3n pulmonar.<\/span><\/p>\n<p><span style=\"font-family: verdana, geneva; font-size: 10pt;\">Broncodilatadores y antiinflamatorios de las v\u00edas a\u00e9reas (bronquios) utilizando medicamentos por v\u00eda inhalatoria (spray). El broncodilatador m\u00e1s empleado es el salbutamol y antiinflamatorios la fluticasona o beclometasona.<\/span><\/p>\n<p><span style=\"font-family: verdana, geneva; font-size: 10pt;\">Es muy importante que el paciente aprenda correctamente\u00a0 la <strong>t\u00e9cnica inhalatoria <\/strong>para el aprovechamiento \u00f3ptimo de estos medicamentos en spray.<\/span><\/p>\n<h3><span style=\"font-family: verdana, geneva; font-size: 10pt;\"><strong>Tratamiento con antibi\u00f3ticos.<\/strong><\/span><\/h3>\n<p><span style=\"font-family: verdana, geneva; font-size: 10pt;\">El objetivo fundamental es combatir la infecci\u00f3n aguda e intentar mantener libre de g\u00e9rmenes las v\u00edas a\u00e9reas o en su defecto, disminuir al m\u00e1ximo el n\u00famero de colonias de microorganismos y reducir la respuesta inflamatoria.<\/span><\/p>\n<p><span style=\"font-family: verdana, geneva; font-size: 10pt;\">Los antibi\u00f3ticos ser\u00e1n administrados por v\u00eda oral o intravenosa seg\u00fan la gravedad\u00a0 de la infecci\u00f3n. El tipo de antibi\u00f3tico se escoger\u00e1 seg\u00fan el resultado del cultivo de las secreciones respiratorias.<\/span><\/p>\n<p><span style=\"font-family: verdana, geneva; font-size: 10pt;\">En la infecci\u00f3n bronquial persistente o cr\u00f3nica la administraci\u00f3n prolongada de antibi\u00f3ticos por v\u00eda oral, mejora los s\u00edntomas cl\u00ednicos, disminuye la mortalidad y el deterioro progresivo de la funci\u00f3n pulmonar. Cuando no es posible el control de la enfermedad de esta\u00a0 forma, el tratamiento antibi\u00f3tico por v\u00eda inhalatoria es una alternativa v\u00e1lida, muy ventajosa, pues ha demostrado una reducci\u00f3n en el n\u00famero de agudizaciones infecciosas y de ingresos hospitalarios<\/span><\/p>\n<p>&nbsp;<\/p>\n","protected":false},"excerpt":{"rendered":"<p>El objetivo del tratamiento es controlar los s\u00edntomas y evitar la progresi\u00f3n del da\u00f1o bronquial y pulmonar. Tratamiento de la inflamaci\u00f3n bronquial.\u00a0\u00a0\u00a0 Deben de recibirlo los pacientes con s\u00edntomas y \/o que demuestren un deterioro progresivo de la funci\u00f3n pulmonar. Broncodilatadores y antiinflamatorios de las v\u00edas a\u00e9reas (bronquios) utilizando medicamentos por v\u00eda inhalatoria (spray). El [&hellip;]<\/p>\n","protected":false},"author":208,"featured_media":0,"parent":0,"menu_order":0,"comment_status":"closed","ping_status":"open","template":"","meta":[],"_links":{"self":[{"href":"https:\/\/blogs.sld.cu\/bronquiectasias\/wp-json\/wp\/v2\/pages\/35"}],"collection":[{"href":"https:\/\/blogs.sld.cu\/bronquiectasias\/wp-json\/wp\/v2\/pages"}],"about":[{"href":"https:\/\/blogs.sld.cu\/bronquiectasias\/wp-json\/wp\/v2\/types\/page"}],"author":[{"embeddable":true,"href":"https:\/\/blogs.sld.cu\/bronquiectasias\/wp-json\/wp\/v2\/users\/208"}],"replies":[{"embeddable":true,"href":"https:\/\/blogs.sld.cu\/bronquiectasias\/wp-json\/wp\/v2\/comments?post=35"}],"version-history":[{"count":7,"href":"https:\/\/blogs.sld.cu\/bronquiectasias\/wp-json\/wp\/v2\/pages\/35\/revisions"}],"predecessor-version":[{"id":128,"href":"https:\/\/blogs.sld.cu\/bronquiectasias\/wp-json\/wp\/v2\/pages\/35\/revisions\/128"}],"wp:attachment":[{"href":"https:\/\/blogs.sld.cu\/bronquiectasias\/wp-json\/wp\/v2\/media?parent=35"}],"curies":[{"name":"wp","href":"https:\/\/api.w.org\/{rel}","templated":true}]}}