{"id":41,"date":"2021-05-10T19:00:39","date_gmt":"2021-05-10T19:00:39","guid":{"rendered":"http:\/\/blogs.sld.cu\/bronquiectasias\/?page_id=41"},"modified":"2021-05-28T00:06:32","modified_gmt":"2021-05-28T00:06:32","slug":"medidas-preventivas","status":"publish","type":"page","link":"https:\/\/blogs.sld.cu\/bronquiectasias\/medidas-preventivas\/","title":{"rendered":"Medidas preventivas"},"content":{"rendered":"<ol>\n<li><span style=\"font-family: verdana, geneva; font-size: 10pt;\">Identificar los factores que predisponen a la enfermedad (las causas) y tratarlos precozmente, es sin duda el mejor de los tratamientos y el \u00fanico que puede impedir la aparici\u00f3n de la enfermedad.<\/span><\/li>\n<li><span style=\"font-family: verdana, geneva; font-size: 10pt;\">Universalizaci\u00f3n de la vacunaci\u00f3n infantil (sarampi\u00f3n, tos ferina, tuberculosis)<\/span><\/li>\n<li><span style=\"font-family: verdana, geneva; font-size: 10pt;\">Adecuado control y tratamiento de la tuberculosis, ha demostrado eficacia en la disminuci\u00f3n dr\u00e1stica de nuevos casos de bronquiectasias.<\/span><\/li>\n<li><span style=\"font-family: verdana, geneva; font-size: 10pt;\">Tratamiento correcto de las inmunodeficiencias, incluyendo el VIH.<\/span><\/li>\n<li><span style=\"font-family: verdana, geneva; font-size: 10pt;\">Tratar correctamente la rinosinusitis, la obstrucci\u00f3n bronquial por tumores y cuerpos extra\u00f1os y el reflujo gastroesof\u00e1gico.<\/span><\/li>\n<\/ol>\n","protected":false},"excerpt":{"rendered":"<p>Identificar los factores que predisponen a la enfermedad (las causas) y tratarlos precozmente, es sin duda el mejor de los tratamientos y el \u00fanico que puede impedir la aparici\u00f3n de la enfermedad. Universalizaci\u00f3n de la vacunaci\u00f3n infantil (sarampi\u00f3n, tos ferina, tuberculosis) Adecuado control y tratamiento de la tuberculosis, ha demostrado eficacia en la disminuci\u00f3n dr\u00e1stica [&hellip;]<\/p>\n","protected":false},"author":208,"featured_media":0,"parent":0,"menu_order":0,"comment_status":"closed","ping_status":"open","template":"","meta":[],"_links":{"self":[{"href":"https:\/\/blogs.sld.cu\/bronquiectasias\/wp-json\/wp\/v2\/pages\/41"}],"collection":[{"href":"https:\/\/blogs.sld.cu\/bronquiectasias\/wp-json\/wp\/v2\/pages"}],"about":[{"href":"https:\/\/blogs.sld.cu\/bronquiectasias\/wp-json\/wp\/v2\/types\/page"}],"author":[{"embeddable":true,"href":"https:\/\/blogs.sld.cu\/bronquiectasias\/wp-json\/wp\/v2\/users\/208"}],"replies":[{"embeddable":true,"href":"https:\/\/blogs.sld.cu\/bronquiectasias\/wp-json\/wp\/v2\/comments?post=41"}],"version-history":[{"count":3,"href":"https:\/\/blogs.sld.cu\/bronquiectasias\/wp-json\/wp\/v2\/pages\/41\/revisions"}],"predecessor-version":[{"id":113,"href":"https:\/\/blogs.sld.cu\/bronquiectasias\/wp-json\/wp\/v2\/pages\/41\/revisions\/113"}],"wp:attachment":[{"href":"https:\/\/blogs.sld.cu\/bronquiectasias\/wp-json\/wp\/v2\/media?parent=41"}],"curies":[{"name":"wp","href":"https:\/\/api.w.org\/{rel}","templated":true}]}}