{"id":44,"date":"2021-05-10T19:07:20","date_gmt":"2021-05-10T19:07:20","guid":{"rendered":"http:\/\/blogs.sld.cu\/bronquiectasias\/?page_id=44"},"modified":"2021-05-28T00:19:22","modified_gmt":"2021-05-28T00:19:22","slug":"recursos","status":"publish","type":"page","link":"https:\/\/blogs.sld.cu\/bronquiectasias\/recursos\/","title":{"rendered":"Recursos"},"content":{"rendered":"<h3><span style=\"font-family: verdana, geneva; font-size: 12pt;\">Entrevistas, art\u00edculos y sitios de inter\u00e9s sobre bronquiectasias<\/span><\/h3>\n<p><span style=\"font-size: 10pt; font-family: verdana, geneva;\">Bronquiectasias. Cl\u00ednica Mayo<\/span><\/p>\n<p><span style=\"font-size: 10pt; font-family: verdana, geneva;\">Bronquiectasias. Wikipedia<\/span><\/p>\n<p><span style=\"font-size: 10pt; font-family: verdana, geneva;\">Bronquiectasias. MedLinePlus<\/span><\/p>\n","protected":false},"excerpt":{"rendered":"<p>Entrevistas, art\u00edculos y sitios de inter\u00e9s sobre bronquiectasias Bronquiectasias. Cl\u00ednica Mayo Bronquiectasias. Wikipedia Bronquiectasias. MedLinePlus<\/p>\n","protected":false},"author":208,"featured_media":0,"parent":0,"menu_order":0,"comment_status":"closed","ping_status":"open","template":"","meta":[],"_links":{"self":[{"href":"https:\/\/blogs.sld.cu\/bronquiectasias\/wp-json\/wp\/v2\/pages\/44"}],"collection":[{"href":"https:\/\/blogs.sld.cu\/bronquiectasias\/wp-json\/wp\/v2\/pages"}],"about":[{"href":"https:\/\/blogs.sld.cu\/bronquiectasias\/wp-json\/wp\/v2\/types\/page"}],"author":[{"embeddable":true,"href":"https:\/\/blogs.sld.cu\/bronquiectasias\/wp-json\/wp\/v2\/users\/208"}],"replies":[{"embeddable":true,"href":"https:\/\/blogs.sld.cu\/bronquiectasias\/wp-json\/wp\/v2\/comments?post=44"}],"version-history":[{"count":9,"href":"https:\/\/blogs.sld.cu\/bronquiectasias\/wp-json\/wp\/v2\/pages\/44\/revisions"}],"predecessor-version":[{"id":122,"href":"https:\/\/blogs.sld.cu\/bronquiectasias\/wp-json\/wp\/v2\/pages\/44\/revisions\/122"}],"wp:attachment":[{"href":"https:\/\/blogs.sld.cu\/bronquiectasias\/wp-json\/wp\/v2\/media?parent=44"}],"curies":[{"name":"wp","href":"https:\/\/api.w.org\/{rel}","templated":true}]}}