{"id":68,"date":"2021-05-11T21:48:47","date_gmt":"2021-05-11T21:48:47","guid":{"rendered":"http:\/\/blogs.sld.cu\/bronquiectasias\/?page_id=68"},"modified":"2021-11-20T21:09:04","modified_gmt":"2021-11-20T21:09:04","slug":"glosario-2","status":"publish","type":"page","link":"https:\/\/blogs.sld.cu\/bronquiectasias\/glosario-2\/","title":{"rendered":"Enfermedades del Sistema Respiratorio"},"content":{"rendered":"<p><strong>\u00bb Aer\u00f3bico:<\/strong> Microorganismo que para su crecimiento y metabolismo requiere de ox\u00edgeno<\/p>\n<p><strong>\u00bb Aeroal\u00e9rgenos<\/strong>: Sustancias o part\u00edculas suspendidas en el aire que son capaces de producir reacci\u00f3n al\u00e9rgica en personas sensibles.<\/p>\n<p><strong>\u00bb Al\u00e9rgenos:<\/strong> Sustancias que son capaces de producir reacci\u00f3n al\u00e9rgica en personas sensibles.<\/p>\n<p><strong>\u00bb Alv\u00e9olos pulmonares:<\/strong> Los alv\u00e9olos pulmonares o sacos a\u00e9reos son espacios redondeados huecos que se rellenan de aire y que, en sus paredes muy finas, por la presencia de vasos sangu\u00edneos, ocurre el intercambio gaseoso para que el ox\u00edgeno (O2) llegue a cada c\u00e9lula del organismo.<\/p>\n<p><strong>\u00bb Antibi\u00f3ticos:<\/strong> Medicamentos utilizados para tratar las infecciones por bacterias.<\/p>\n<p><strong>\u00bb Apnea:<\/strong> Suspensi\u00f3n, interrupci\u00f3n o cese transitoria de la respiraci\u00f3n. La Apnea del sue\u00f1o es un trastorno com\u00fan en el que la persona que lo sufre hace una o m\u00e1s pausas en la respiraci\u00f3n o tiene respiraciones superficiales durante el sue\u00f1o.<\/p>\n<p><strong>\u00bb \u00c1rbol respiratorio:<\/strong> Est\u00e1 constituido por los diferentes conductos que conducen el aire hasta los pulmones para ser intercambiado en los alv\u00e9olos pulmonares, lo constituyen, la tr\u00e1quea, los bronquios extra pulmonares, bronquios intrapulmonares, bronquiolos, bronquiolos terminales y bronquiolos respiratorios. Como las ramas de un \u00e1rbol cada vez se van haciendo m\u00e1s peque\u00f1os (microsc\u00f3picos). Todos los conductos desde la tr\u00e1quea hasta los bronquiolos m\u00e1s grandes, presentan cart\u00edlago en sus paredes para evitar que sus paredes se unan y cierre el conducto durante la respiraci\u00f3n. Los bronquiolos, que son muy peque\u00f1os y que est\u00e1n en el interior del pulm\u00f3n, para que el pulm\u00f3n se expanda durante la respiraci\u00f3n no tienen cart\u00edlago en sus paredes.<\/p>\n<div id=\"attachment_90\" style=\"width: 261px\" class=\"wp-caption alignnone\"><a href=\"http:\/\/blogs.sld.cu\/bronquiectasias\/files\/2021\/05\/viasrespiratoriasypulmones.jpg\"><img aria-describedby=\"caption-attachment-90\" loading=\"lazy\" class=\"wp-image-90 size-medium\" src=\"http:\/\/blogs.sld.cu\/bronquiectasias\/files\/2021\/05\/viasrespiratoriasypulmones-251x300.jpg\" alt=\"\" width=\"251\" height=\"300\" srcset=\"https:\/\/blogs.sld.cu\/bronquiectasias\/files\/2021\/05\/viasrespiratoriasypulmones-251x300.jpg 251w, https:\/\/blogs.sld.cu\/bronquiectasias\/files\/2021\/05\/viasrespiratoriasypulmones-250x298.jpg 250w, https:\/\/blogs.sld.cu\/bronquiectasias\/files\/2021\/05\/viasrespiratoriasypulmones.jpg 656w\" sizes=\"(max-width: 251px) 100vw, 251px\" \/><\/a><p id=\"caption-attachment-90\" class=\"wp-caption-text\"><strong>Imagen modificada del Atlas de la estructura microsc\u00f3pica de Eleseiev<\/strong><\/p><\/div>\n<p><strong>\u00bb Asma:<\/strong> El asma es una enfermedad inflamatoria cr\u00f3nica del aparato respiratorio que se caracteriza por una respiraci\u00f3n dif\u00edcil, tos, sensaci\u00f3n de ahogo y ruidos al respirar en el pecho por obstrucci\u00f3n al flujo del aire ya sea de forma espont\u00e1nea o por exposici\u00f3n a sustancias.<\/p>\n<p><strong>\u00bb Bacilo de Koch o de la tuberculosis:<\/strong> Bacterias aer\u00f3bica en forma de bastoncitos que produce la Tuberculosis. Mycobacterium tuberculosis. El nombre de Koch se debe a su descubridor Robert Koch ,(1843-1910) m\u00e9dico alem\u00e1n. Premio Nobel de Medicina en 1905, es considerado el Padre de la Bacteriolog\u00eda.<\/p>\n<p><strong>\u00bb Bacterias:<\/strong> Organismos unicelulares procariotas que presentan un tama\u00f1o de unos pocos micr\u00f3metros (por lo general entre 0,5 y 5 \u03bcm de longitud) y diversas formas coco (redondeados), bacilos (forma tubular), espirilos (forma ondulada). Son causantes de muchas enfermedades en el hombre y en los animales.<\/p>\n<p><strong>\u00bb Broncodilatador:<\/strong> Sustancia o medicamento que sirve para dilatar o aumentar la cavidad de los bronquios, permitiendo as\u00ed el paso del aire.<\/p>\n<p><strong>\u00bb Bronconeumon\u00eda:<\/strong> Inflamaci\u00f3n de la mucosa bronquial y del par\u00e9nquima pulmonar.<\/p>\n<p><strong>\u00bb Bronquiectasia:<\/strong> Es un ensanchamiento (dilataci\u00f3n) irreversible de partes de los conductos respiratorios (bronquios) como consecuencia de una lesi\u00f3n de la pared de las v\u00edas respiratorias.<\/p>\n<p><strong>\u00bb Bronquios:<\/strong> Los bronquios forman parte de las v\u00edas respiratorias o \u00e1rbol bronquial. Son los conductos que se contin\u00faan despu\u00e9s de la tr\u00e1quea y pueden ser extra-pulmonares e intra-pulmonares, seg\u00fan se introducen en el pulm\u00f3n su di\u00e1metro va disminuyendo haci\u00e9ndose cada vez m\u00e1s peque\u00f1os. Los bronquios tienen un epitelio ciliado y gl\u00e1ndulas secretoras de moco, lo que permite la lubricaci\u00f3n de estos conductos.<\/p>\n<p><strong>\u00bb Bronquiolos:<\/strong> Son los conductos que contin\u00faan a los bronquios, su di\u00e1metro es muy peque\u00f1o y no tienen cart\u00edlago en sus paredes, pueden ser bronquiolos terminales, y bronquiolos respiratorios. Este \u00faltimo, se denomina as\u00ed, ya tiene alv\u00e9olos en sus paredes.<\/p>\n<p><strong>\u00bb Brote epid\u00e9mico:<\/strong> Enfermedad con propagaci\u00f3n limitada, m\u00e1s f\u00e1cil de controlar. Aparici\u00f3n de un n\u00famero inusual de casos de una enfermedad cualquiera infecciosa o no. Aparici\u00f3n de una enfermedad en una regi\u00f3n del mundo donde no exist\u00eda<\/p>\n<p><strong>C\u00e1ncer de pulm\u00f3n<\/strong><\/p>\n<p>El c\u00e1ncer de pulm\u00f3n es una enfermedad, en la que se forman, c\u00e9lulas malignas (cancerosas) en los tejidos pulmonares. Existen principalmente dos tipos de c\u00e1ncer de pulm\u00f3n: \u00a0de c\u00e9lulas peque\u00f1as y de c\u00e9lulas no peque\u00f1as.<\/p>\n<p><strong>\u00bb Catarro:<\/strong> (RAE) Es una inflamaci\u00f3n aguda o cr\u00f3nica de las membranas mucosas, con aumento de la secreci\u00f3n habitual de moco, mientras que gripe (influenza) es una enfermedad epid\u00e9mica aguda, acompa\u00f1ada de fiebre y con manifestaciones variadas, especialmente catarrales.<\/p>\n<p><strong>\u00bb Endemia:<\/strong> Es una enfermedad caracter\u00edstica de un espacio geogr\u00e1fico poco extenso. La tuberculosis, la cual contin\u00faa siendo bastante com\u00fan en los pa\u00edses de Am\u00e9rica Latina, es un ejemplo de endemia.<\/p>\n<p><strong>\u00bb Enfermedad epid\u00e9mica:<\/strong> Enfermedad que ataca a gran n\u00famero de individuos simult\u00e1neamente y se propaga por alg\u00fan tiempo en un pa\u00eds.<\/p>\n<p><strong>\u00bb EPOC:<\/strong> Enfermedad pulmonar obstructiva cr\u00f3nica.<\/p>\n<p><strong>\u00bb Expectoraci\u00f3n:<\/strong> Expulsi\u00f3n de las flemas por la garganta.<\/p>\n<p><strong>\u00bb Flema:<\/strong> Secreciones mucosas espesas y pegajosas, secretadas por gl\u00e1ndulas en los sistemas respiratorios y digestivo. Su funci\u00f3n es la protecci\u00f3n de las mucosas. Cuando hay procesos infecciosos, es una forma de expulsar la infecci\u00f3n. Por eso puede haber flema en la garganta y flema en las heces.<\/p>\n<p><strong>\u00bb Fiebre:<\/strong> Aumento de la temperatura corporal por encima de 37o C.<\/p>\n<p><strong>\u00bb Gripe aviar:<\/strong> La gripe aviaria o gripe aviar, tambi\u00e9n denominada como influenza aviar (del ingl\u00e9s), designa a una enfermedad infecciosa v\u00edrica que afecta a las aves, aunque tiene suficiente potencial como para infectar a distintas especies de mam\u00edferos, incluidos el ser humano.<\/p>\n<p><strong>\u00bb Gripe porcina:<\/strong> Es una enfermedad epid\u00e9mica causada por el virus tipo A de la Influenza, tambi\u00e9n llamada Influenza A o H1N1.<\/p>\n<p><strong>\u00bb Hemaglutinina y neuraminidasa:<\/strong> Prote\u00edna de la c\u00e1pside (c\u00e1psula) de los virus de Influenza que le permiten al virus adherirse y penetrar en las c\u00e9lulas para infectarlas y multiplicarse. Por ejemplo, la nueva l\u00ednea de influenza llamada gripe porcina A(H1N1) es una combinaci\u00f3n de virus porcino, aviar y humano, el cual posee hemaglutinina (H) de porcinos y neuraminidasa (N) de humanos y contra la cual tenemos una inmunidad innata baja o casi nula.<\/p>\n<p><strong>\u00bb Hemoptisis:<\/strong> Expectoraci\u00f3n de sangre proveniente de los pulmones o los bronquios causada por alguna lesi\u00f3n de las v\u00edas respiratorias. Hemoptisis tuberculosa.<\/p>\n<p><strong><span class=\"ILfuVd\"><span class=\"hgKElc\">L\u00f3bulos<\/span><\/span>pulmonares<\/strong>: L<span class=\"ILfuVd\"><span class=\"hgKElc\">os pulmones se dividen en <b>l\u00f3bulos<\/b>, el derecho en tres: l\u00f3bulo superior, medio e inferior y el izquierdo en dos: superior e inferior. El aire, que contiene un 21% de ox\u00edgeno, entra por la nariz y la boca, que est\u00e1n conectados a trav\u00e9s de la faringe y la laringe con la tr\u00e1quea.<\/span><\/span><\/p>\n<p><strong>Lobulotomia<\/strong>: Extirpaci\u00f2n quirurgica de los lobulos de los pulmones.<\/p>\n<p><strong>\u00bb Neumon\u00eda:<\/strong> Inflamaci\u00f3n de los pulmones, causada por la infecci\u00f3n de un virus, una bacteria, o un hongo, \u00a0que se caracteriza por la presencia de fiebre alta, escalofr\u00edos, dolor intenso en el costado afectado del t\u00f3rax, tos y expectoraci\u00f3n.<\/p>\n<p><strong>\u00bb Pandemia:<\/strong> Enfermedad epid\u00e9mica que se extiende a muchos pa\u00edses.<\/p>\n<p><strong>Poros pulmonares; <\/strong>Son poros que se localizan en los tabiques pulmonares y que contribuyen a que el aire circule por el interior de los pulmones. Pero ieb, cuando hasy procesos infecciosos, a traves de ellos se puede extender la infeccion a extensas areas de los pulmones,<\/p>\n<p><strong>\u00bb Tos:<\/strong> Sonido repentino, forzado y seco para librar aire y despejar la irritaci\u00f3n en la garganta o las v\u00edas respiratorias.<\/p>\n<p><strong>\u00bb Tr\u00e1quea:<\/strong> \u00d3rgano tubular que conduce el aire hacia los pulmones, primer tramo del \u00e1rbol respiratorio. V\u00eda respiratoria que va desde la laringe a los bronquios, de car\u00e1cter cartilaginoso y membranoso.<\/p>\n<p><strong>\u00bb Tuberculosis:<\/strong> Enfermedad del hombre y de muchas especies animales producida por el bacilo de Koch, en los pulmones y en otras localizaciones como la piel.<\/p>\n<p>&nbsp;<\/p>\n<p>&nbsp;<\/p>\n","protected":false},"excerpt":{"rendered":"<p>\u00bb Aer\u00f3bico: Microorganismo que para su crecimiento y metabolismo requiere de ox\u00edgeno \u00bb Aeroal\u00e9rgenos: Sustancias o part\u00edculas suspendidas en el aire que son capaces de producir reacci\u00f3n al\u00e9rgica en personas sensibles. \u00bb Al\u00e9rgenos: Sustancias que son capaces de producir reacci\u00f3n al\u00e9rgica en personas sensibles. \u00bb Alv\u00e9olos pulmonares: Los alv\u00e9olos pulmonares o sacos a\u00e9reos son espacios [&hellip;]<\/p>\n","protected":false},"author":208,"featured_media":0,"parent":0,"menu_order":0,"comment_status":"closed","ping_status":"closed","template":"","meta":[],"_links":{"self":[{"href":"https:\/\/blogs.sld.cu\/bronquiectasias\/wp-json\/wp\/v2\/pages\/68"}],"collection":[{"href":"https:\/\/blogs.sld.cu\/bronquiectasias\/wp-json\/wp\/v2\/pages"}],"about":[{"href":"https:\/\/blogs.sld.cu\/bronquiectasias\/wp-json\/wp\/v2\/types\/page"}],"author":[{"embeddable":true,"href":"https:\/\/blogs.sld.cu\/bronquiectasias\/wp-json\/wp\/v2\/users\/208"}],"replies":[{"embeddable":true,"href":"https:\/\/blogs.sld.cu\/bronquiectasias\/wp-json\/wp\/v2\/comments?post=68"}],"version-history":[{"count":24,"href":"https:\/\/blogs.sld.cu\/bronquiectasias\/wp-json\/wp\/v2\/pages\/68\/revisions"}],"predecessor-version":[{"id":156,"href":"https:\/\/blogs.sld.cu\/bronquiectasias\/wp-json\/wp\/v2\/pages\/68\/revisions\/156"}],"wp:attachment":[{"href":"https:\/\/blogs.sld.cu\/bronquiectasias\/wp-json\/wp\/v2\/media?parent=68"}],"curies":[{"name":"wp","href":"https:\/\/api.w.org\/{rel}","templated":true}]}}