{"id":25,"date":"2020-06-06T00:26:05","date_gmt":"2020-06-06T00:26:05","guid":{"rendered":"http:\/\/blogs.sld.cu\/cancerpulmon\/?page_id=25"},"modified":"2021-12-17T20:55:20","modified_gmt":"2021-12-17T20:55:20","slug":"acerca-de","status":"publish","type":"page","link":"https:\/\/blogs.sld.cu\/cancerpulmon\/acerca-de\/","title":{"rendered":"Acerca de"},"content":{"rendered":"<div class=\"entry_header\">\n<div class=\"pad\">\n<p><code>La comunidad cient\u00edfica refleja que a finales del siglo XIX los reportes de <strong>c\u00e1ncer de pulm\u00f3n<\/strong> eran anecd\u00f3ticos, y a\u00fan durante las primeras d\u00e9cadas del siglo XX la incidencia de casos era de tres por cada 100 000 habitantes.<\/code><\/p>\n<p>El aumento se produce de manera dram\u00e1tica en la d\u00e9cada de los setenta donde se alcanzan cifras de 446 casos por cada 100 000 hombres entre 55 y 74 a\u00f1os de edad, para ese entonces su relaci\u00f3n con el consumo de tabaco era convincente y en particular con el de cigarrillos, pues si bien el consumo de tabaco se practica desde hace siglos, fue el invento de la m\u00e1quina para hacer cigarros en 1882 por <strong>James Bonsack<\/strong> lo que deton\u00f3 el consumo, pudi\u00e9ndose afirmar que este artefacto \u00e8s el m\u00e1s letal jam\u00e1s fabricado por el hombre, incluso por encima de las armas de fuego.<\/p>\n<p>En 1939, de una serie de 96 pacientes con c\u00e1ncer de pulm\u00f3n, 93 eran fumadores. No obstante, la evidencia adquiri\u00f3 mayor contundencia con las publicaciones de Doll y Hill en Inglaterra y de Wynder y Graham en Estados Unidos. En el reporte ingl\u00e9s, s\u00f3lo dos de 649 hombres con c\u00e1ncer de pulm\u00f3n no hab\u00edan fumado y en el reporte americano ocho de 605. Sin embargo, la misma comunidad cient\u00edfica cuestion\u00f3 los resultados, hecho que s\u00f3lo se explica como un reflejo de la esclavitud a la nicotina y la distorsi\u00f3n del juicio que puede causar una adicci\u00f3n, particularmente a la nicotina, que es una de las sustancias m\u00e1s adictivas que existen.<\/p>\n<p>&nbsp;<\/p>\n<p>Esto involucra al sistema respiratorio, que tiene como funci\u00f3n principal\u00a0 es la respiraci\u00f3n, que requiere de la conducci\u00f3n del aire del exterior a los pulmones, para que pueda ocurrir el intercambio gaseoso, a nivel de los alveolos pulmonares y que llegue a cada c\u00e9lula de nuestro organismo, el ox\u00edgeno(O<sup>2<\/sup> )necesario para desarrollar los procesos fisiol\u00f3gicos, y expulsar el di\u00f3xido de carbono(CO<sub>2<\/sub>) perjudicial a la salud, Por lo tanto, el sistema respiratorio, est\u00e1 constituido por una serie de conductos(tr\u00e1quea y bronquios) que se hacen cada vez m\u00e1s finos, cuando se introducen en los pulmones (bronquios intrapulmonares y bronquiolos). El tejido pulmonar lo constituyen los alveolos o sacos de aire que son cavidades de forma redondeada y huecas, de paredes muy finas y con muchos vasos sangu\u00edneos, en su pared.Los alveolos se comunican por poros en los tabiques.<\/p>\n<pre class=\"entry-title\">Este sitio est\u00e1 dedicado al c\u00e1ncer pulmonar, enfermedad frecuente en nuestro pa\u00eds \r\ny que tiene como uno de los factores de riesgo, el fumar. \r\nEl editor del sitio es el Dr. <a href=\"https:\/\/blogs.sld.cu\/cancerpulmon\/contacto\/\">\u00c1ngel Ren\u00e9 Elejalde Larrinaga<\/a><\/pre>\n<\/div>\n<\/div>\n<div class=\"entry_content entry-content\">\n<div class=\"pad\">\n<div class=\"entry_actions\"><\/div>\n<p>&nbsp;<\/p>\n<\/div>\n<\/div>\n","protected":false},"excerpt":{"rendered":"<p>La comunidad cient\u00edfica refleja que a finales del siglo XIX los reportes de c\u00e1ncer de pulm\u00f3n eran anecd\u00f3ticos, y a\u00fan durante las primeras d\u00e9cadas del siglo XX la incidencia de casos era de tres por cada 100 000 habitantes. El aumento se produce de manera dram\u00e1tica en la d\u00e9cada de los setenta donde se alcanzan [&hellip;]<\/p>\n","protected":false},"author":208,"featured_media":0,"parent":0,"menu_order":0,"comment_status":"closed","ping_status":"closed","template":"","meta":[],"_links":{"self":[{"href":"https:\/\/blogs.sld.cu\/cancerpulmon\/wp-json\/wp\/v2\/pages\/25"}],"collection":[{"href":"https:\/\/blogs.sld.cu\/cancerpulmon\/wp-json\/wp\/v2\/pages"}],"about":[{"href":"https:\/\/blogs.sld.cu\/cancerpulmon\/wp-json\/wp\/v2\/types\/page"}],"author":[{"embeddable":true,"href":"https:\/\/blogs.sld.cu\/cancerpulmon\/wp-json\/wp\/v2\/users\/208"}],"replies":[{"embeddable":true,"href":"https:\/\/blogs.sld.cu\/cancerpulmon\/wp-json\/wp\/v2\/comments?post=25"}],"version-history":[{"count":17,"href":"https:\/\/blogs.sld.cu\/cancerpulmon\/wp-json\/wp\/v2\/pages\/25\/revisions"}],"predecessor-version":[{"id":73,"href":"https:\/\/blogs.sld.cu\/cancerpulmon\/wp-json\/wp\/v2\/pages\/25\/revisions\/73"}],"wp:attachment":[{"href":"https:\/\/blogs.sld.cu\/cancerpulmon\/wp-json\/wp\/v2\/media?parent=25"}],"curies":[{"name":"wp","href":"https:\/\/api.w.org\/{rel}","templated":true}]}}