{"id":32,"date":"2020-06-06T23:31:18","date_gmt":"2020-06-06T23:31:18","guid":{"rendered":"http:\/\/blogs.sld.cu\/cancerpulmon\/?page_id=32"},"modified":"2021-12-17T20:31:33","modified_gmt":"2021-12-17T20:31:33","slug":"cancer-de-pulmon","status":"publish","type":"page","link":"https:\/\/blogs.sld.cu\/cancerpulmon\/cancer-de-pulmon\/","title":{"rendered":"C\u00e1ncer de pulm\u00f3n"},"content":{"rendered":"<p>En la actualidad el c\u00e1ncer de pulm\u00f3n es uno de los c\u00e1nceres diagnosticados con mayor frecuencia y es la principal causa de muerte relacionada con el c\u00e1ncer en todo el mundo y en Cuba, con un estimado de 2 millones de casos nuevos y 1,76 millones de muertes por a\u00f1o. Las mejoras sustanciales en nuestra comprensi\u00f3n de la biolog\u00eda de la enfermedad, la aplicaci\u00f3n de biomarcadores predictivos y los refinamientos en el tratamiento han llevado a un progreso notable en las \u00faltimas dos d\u00e9cadas y han transformado los resultados de muchos pacientes.<\/p>\n<p>El c\u00e1ncer de pulm\u00f3n est\u00e1 constituido por c\u00e9lulas anormales que se agrupan y forman un tumor maligno que crecen con demasiada rapidez, pueden propagarse a otros sitios en el cuerpo y hacen que los \u00f3rganos no funcionen de manera adecuada. A diferencia de las c\u00e9lulas normales, las c\u00e9lulas cancerosas crecen sin orden ni control y destruyen el tejido pulmonar sano que las rodea.<\/p>\n<h2><strong>Clasificaci\u00f3n<\/strong><\/h2>\n<h4>Hay dos tipos principales, c\u00e1ncer de pulm\u00f3n de c\u00e9lulas peque\u00f1as y c\u00e1ncer de pulm\u00f3n de c\u00e9lulas no peque\u00f1as. Estos dos tipos crecen de manera diferente y se tratan de manera diferente. El c\u00e1ncer de pulm\u00f3n de c\u00e9lulas no peque\u00f1as es el tipo m\u00e1s com\u00fan.<\/h4>\n","protected":false},"excerpt":{"rendered":"<p>En la actualidad el c\u00e1ncer de pulm\u00f3n es uno de los c\u00e1nceres diagnosticados con mayor frecuencia y es la principal causa de muerte relacionada con el c\u00e1ncer en todo el mundo y en Cuba, con un estimado de 2 millones de casos nuevos y 1,76 millones de muertes por a\u00f1o. Las mejoras sustanciales en nuestra [&hellip;]<\/p>\n","protected":false},"author":208,"featured_media":0,"parent":0,"menu_order":0,"comment_status":"closed","ping_status":"closed","template":"","meta":[],"_links":{"self":[{"href":"https:\/\/blogs.sld.cu\/cancerpulmon\/wp-json\/wp\/v2\/pages\/32"}],"collection":[{"href":"https:\/\/blogs.sld.cu\/cancerpulmon\/wp-json\/wp\/v2\/pages"}],"about":[{"href":"https:\/\/blogs.sld.cu\/cancerpulmon\/wp-json\/wp\/v2\/types\/page"}],"author":[{"embeddable":true,"href":"https:\/\/blogs.sld.cu\/cancerpulmon\/wp-json\/wp\/v2\/users\/208"}],"replies":[{"embeddable":true,"href":"https:\/\/blogs.sld.cu\/cancerpulmon\/wp-json\/wp\/v2\/comments?post=32"}],"version-history":[{"count":7,"href":"https:\/\/blogs.sld.cu\/cancerpulmon\/wp-json\/wp\/v2\/pages\/32\/revisions"}],"predecessor-version":[{"id":146,"href":"https:\/\/blogs.sld.cu\/cancerpulmon\/wp-json\/wp\/v2\/pages\/32\/revisions\/146"}],"wp:attachment":[{"href":"https:\/\/blogs.sld.cu\/cancerpulmon\/wp-json\/wp\/v2\/media?parent=32"}],"curies":[{"name":"wp","href":"https:\/\/api.w.org\/{rel}","templated":true}]}}