{"id":36,"date":"2020-06-06T23:33:11","date_gmt":"2020-06-06T23:33:11","guid":{"rendered":"http:\/\/blogs.sld.cu\/cancerpulmon\/?page_id=36"},"modified":"2021-12-08T18:27:48","modified_gmt":"2021-12-08T18:27:48","slug":"diagnostico-y","status":"publish","type":"page","link":"https:\/\/blogs.sld.cu\/cancerpulmon\/diagnostico-y\/","title":{"rendered":"Diagn\u00f3stico\/ Tratamiento"},"content":{"rendered":"<p><strong>Diagn\u00f3stico y detecci\u00f3n temprana <\/strong><\/p>\n<h3><strong>Prueba de detecci\u00f3n del c\u00e1ncer de pulm\u00f3n<\/strong><\/h3>\n<p>Para cuando la persona presenta s\u00edntomas, el c\u00e1ncer de pulm\u00f3n ya puede haberse extendido. Una de las razones por las que el c\u00e1ncer de pulm\u00f3n es tan grave es porque, habitualmente, no se lo detecta hasta que ya se ha extendido y es m\u00e1s dif\u00edcil de tratar. La prueba de detecci\u00f3n del c\u00e1ncer de pulm\u00f3n puede ayudar a detectar el c\u00e1ncer en una etapa inicial, cuando puede ser m\u00e1s f\u00e1cil de tratar.<\/p>\n<p>En la actualidad, los estudios demuestran que la tomograf\u00eda computarizada de baja dosis es la \u00fanica herramienta de detecci\u00f3n del c\u00e1ncer de pulm\u00f3n, este examen reduce el riesgo de morir por c\u00e1ncer de pulm\u00f3n. Los individuos que cumplen con los siguientes criterios, se les considera como de <strong>\u201calto riesgo\u201d<\/strong> de contraer c\u00e1ncer de pulm\u00f3n y se recomienda la prueba de detecci\u00f3n:<\/p>\n<ul>\n<li>Fumador activo o con abandono de menos de 15 a\u00f1os.<\/li>\n<li>Tener de 55 a 80 a\u00f1os de edad.<\/li>\n<li>Tener antecedentes de fumar 30 paquetes\/a\u00f1o (esto significa 1 paquete por d\u00eda durante 30 a\u00f1os, 2 paquetes por d\u00eda durante 15 a\u00f1os, etc.).<\/li>\n<\/ul>\n<p>&nbsp;<\/p>\n<p>El beneficio principal de las pruebas de detecci\u00f3n consiste en una menor probabilidad de morir de c\u00e1ncer de pulm\u00f3n, enfermedad que causa muchas muertes en fumadores y ex fumadores. Aun as\u00ed, resulta importante saber que, como con cualquier tipo de prueba de detecci\u00f3n, no toda persona que se haga las pruebas se beneficiar\u00e1. Las pruebas de detecci\u00f3n con LDCT no encontrar\u00e1n todos los c\u00e1nceres de pulm\u00f3n, y no todos los c\u00e1nceres que se detecten estar\u00e1n en etapas iniciales. Adem\u00e1s, la LDCT a menudo encuentra cosas que no resultan ser c\u00e1ncer, pero que requieren evaluaci\u00f3n con m\u00e1s pruebas para saber de qu\u00e9 se trata. Puede que necesite m\u00e1s tomograf\u00edas computarizadas, o pruebas invasivas, como una biopsia de pulm\u00f3n, prueba en la que se extrae un fragmento de tejido de pulm\u00f3n con una aguja o durante cirug\u00eda. Estas pruebas por s\u00ed solas conllevan a riesgo.<\/p>\n<p>Las pruebas de detecci\u00f3n precoz solo se deben realizar en instalaciones que cuenten con el tipo apropiado de tomograf\u00eda y con experiencia en el uso de LDCT para la detecci\u00f3n del c\u00e1ncer de pulm\u00f3n. Adem\u00e1s, la instalaci\u00f3n debe contar con un equipo de especialistas que pueda proveer a los pacientes la atenci\u00f3n y el cuidado posterior adecuados en caso de resultados anormales en los estudios por im\u00e1genes.<\/p>\n<p>Los fumadores, debe recibir orientaci\u00f3n sobre c\u00f3mo dejar de fumar. Se le debe informar sobre su riesgo de c\u00e1ncer de pulm\u00f3n y recomendarle un programa para dejar de fumar.\u00a0Las pruebas de detecci\u00f3n precoz no son sustitutos a dejar de fumar.\u00a0Al dejar de fumar, las personas pueden reducir su riesgo de padecer y de morir a causa de c\u00e1ncer de pulm\u00f3n.<\/p>\n<h3>Tratamiento<\/h3>\n<p>El m\u00e9dico elegir\u00e1 el plan de tratamiento oncol\u00f3gico en funci\u00f3n de varios factores, comoel estado general de salud, el tipo y el estadio del c\u00e1ncer y\u00a0 preferencias del paciente.<\/p>\n<p>En algunos casos, tambi\u00e9n puede elegir no hacer ning\u00fan tratamiento. Por ejemplo, puede decidir que los efectos secundarios del tratamiento no justifican los posibles beneficios. Cuando este sea el caso, el m\u00e9dico podr\u00eda sugerir cuidados paliativos para aliviar el dolor a fin de tratar solamente los s\u00edntomas que provoca el c\u00e1ncer, como el dolor o la falta de aliento.<\/p>\n<p><strong>Cirug\u00eda de c\u00e1ncer de pulm\u00f3n<\/strong><\/p>\n<p>Durante la cirug\u00eda, el cirujano trabaja para extirpar el c\u00e1ncer de pulm\u00f3n y parte del tejido sano circundante. Los procedimientos para eliminar el c\u00e1ncer de pulm\u00f3n son:<\/p>\n<ul>\n<li><strong>Resecci\u00f3n en cu\u00f1a<\/strong> para eliminar una peque\u00f1a parte del pulm\u00f3n donde est\u00e1 el tumor m\u00e1s un tejido sano circundante<\/li>\n<li><strong>Resecci\u00f3n segmentaria<\/strong> para eliminar una parte m\u00e1s grande del pulm\u00f3n, pero no un l\u00f3bulo entero<\/li>\n<li><strong>Lobectom\u00eda<\/strong> para eliminar el l\u00f3bulo entero de un pulm\u00f3n<\/li>\n<li><strong>Neumonectom\u00eda<\/strong> para eliminar un pulm\u00f3n entero<\/li>\n<\/ul>\n<p>Si te sometes a una cirug\u00eda, el cirujano tambi\u00e9n puede eliminar ganglios linf\u00e1ticos del t\u00f3rax, a fin de analizarlos en busca de signos de c\u00e1ncer.<\/p>\n<p>La cirug\u00eda puede ser una opci\u00f3n si su c\u00e1ncer est\u00e1 limitado a los pulmones. Si tienes un tumor pulmonar m\u00e1s grande, el m\u00e9dico puede recomendarte la quimioterapia o la radioterapia antes de la cirug\u00eda para reducir el tumor. Si existe el riesgo de que queden c\u00e9lulas cancerosas despu\u00e9s de la cirug\u00eda o de que el c\u00e1ncer vuelva a aparecer, el m\u00e9dico puede recomendar quimioterapia o radioterapia despu\u00e9s de la cirug\u00eda.<\/p>\n<h3><strong>Radioterapia<\/strong><\/h3>\n<p>La radioterapia usa haces de energ\u00eda de gran potencia, de fuentes como los rayos\u00a0X y los protones, para destruir las c\u00e9lulas cancerosas. Durante la radioterapia, te recuestas sobre una camilla mientras una m\u00e1quina se mueve a tu alrededor y dirige la radiaci\u00f3n a puntos espec\u00edficos del cuerpo.<\/p>\n<p>Para las personas con c\u00e1ncer de pulm\u00f3n localmente avanzado, la radiaci\u00f3n puede utilizarse antes o despu\u00e9s de la cirug\u00eda. A menudo se combina con tratamientos de quimioterapia. Si la cirug\u00eda no es una opci\u00f3n, la quimioterapia y la radioterapia combinadas pueden ser tu tratamiento principal.<\/p>\n<p>En el caso de los c\u00e1nceres de pulm\u00f3n avanzados y los que se han extendido a otras \u00e1reas del cuerpo, la radioterapia puede ayudar a aliviar los s\u00edntomas, como el dolor.<\/p>\n<h3><strong>Quimioterapia<\/strong><\/h3>\n<p>La quimioterapia utiliza medicamentos para destruir las c\u00e9lulas cancerosas. Es posible que te administren uno o m\u00e1s medicamentos de quimioterapia a trav\u00e9s de una vena del brazo (v\u00eda intravenosa) o por v\u00eda oral. Por lo general, se administra una combinaci\u00f3n de medicamentos en una serie de tratamientos, durante un per\u00edodo de semanas a meses, con descansos en el medio, para que puedas recuperarte.<\/p>\n<p>La quimioterapia se suele usar despu\u00e9s de la cirug\u00eda para destruir todas las c\u00e9lulas cancerosas que puedan haber quedado. Se puede utilizar sola o combinada con la radioterapia. La quimioterapia tambi\u00e9n puede utilizarse antes de la cirug\u00eda para reducir el tama\u00f1o de los c\u00e1nceres y facilitar su eliminaci\u00f3n.<\/p>\n<p>En las personas con c\u00e1ncer de pulm\u00f3n avanzado, se puede usar la quimioterapia para aliviar el dolor y otros s\u00edntomas.<\/p>\n<h3><strong>Radioterapia estereot\u00e1ctica corporal<\/strong><\/h3>\n<p>La radioterapia corporal estereot\u00e1ctica, tambi\u00e9n conocida como radiocirug\u00eda, es un tratamiento de radiaci\u00f3n intensa que dirige muchos haces de radiaci\u00f3n al c\u00e1ncer desde muchos \u00e1ngulos. La radioterapia corporal estereot\u00e1ctica se suele completar en una o en unas pocas sesiones de tratamiento.<\/p>\n<p>La radioterapia corporal estereot\u00e1ctica puede ser una opci\u00f3n para las personas con c\u00e1nceres de pulm\u00f3n peque\u00f1os que no pueden someterse a una cirug\u00eda. Tambi\u00e9n puede utilizarse para tratar el c\u00e1ncer de pulm\u00f3n que se propaga a otras partes del cuerpo, incluido el cerebro.<\/p>\n<p><strong>Terapia dirigida con medicamentos<\/strong><\/p>\n<p>Los tratamientos con medicamentos con diana espec\u00edfica se enfocan en anomal\u00edas espec\u00edficas presentes dentro de las c\u00e9lulas cancerosas. Al bloquear estas anomal\u00edas, los tratamientos con medicamentos con diana espec\u00edfica pueden producir la muerte de las c\u00e9lulas cancerosas. Se utilizan muchos medicamentos de terapia dirigida para tratar el c\u00e1ncer de pulm\u00f3n, aunque la mayor\u00eda se reservan para personas con c\u00e1ncer avanzado o recurrente. Algunas terapias dirigidas solo funcionan en personas que tienen c\u00e9lulas cancerosas con ciertas mutaciones gen\u00e9ticas. Las c\u00e9lulas cancerosas pueden examinarse en un laboratorio para comprobar si estos medicamentos podr\u00edan ayudarte.<\/p>\n<p><strong>Inmunoterapia<\/strong><\/p>\n<p>La inmunoterapia utiliza tu sistema inmunitario para combatir el c\u00e1ncer. El sistema inmunitario que lucha contra las enfermedades de tu cuerpo puede no atacar el c\u00e1ncer porque las c\u00e9lulas cancerosas producen prote\u00ednas que las ayudan a esconderse de las c\u00e9lulas del sistema inmunitario. La inmunoterapia interfiere en ese proceso. Los tratamientos de inmunoterapia generalmente se reservan para las personas con c\u00e1ncer de pulm\u00f3n localmente avanzado o c\u00e1ncer que se ha diseminado a otras partes del cuerpo.<\/p>\n<h3><strong>Cuidados paliativos<\/strong><\/h3>\n<p>Las personas con c\u00e1ncer de pulm\u00f3n suelen tener signos y s\u00edntomas del c\u00e1ncer, adem\u00e1s de los efectos secundarios del tratamiento. La atenci\u00f3n m\u00e9dica complementaria, tambi\u00e9n conocida como &#8220;cuidados paliativos&#8221;, es un campo especializado de la medicina que consiste en trabajar con un m\u00e9dico para disminuir al m\u00ednimo los signos y s\u00edntomas.<\/p>\n<p>El m\u00e9dico puede recomendarte que consultes con un equipo de cuidados paliativos poco despu\u00e9s del diagn\u00f3stico, para asegurarse de que est\u00e9s c\u00f3modo durante el tratamiento oncol\u00f3gico y despu\u00e9s de este.<\/p>\n<p>En un estudio, las personas con c\u00e1ncer de pulm\u00f3n avanzado de c\u00e9lulas no peque\u00f1as que comenzaron a recibir atenci\u00f3n complementaria poco despu\u00e9s del diagn\u00f3stico, vivieron m\u00e1s tiempo que las personas que continuaron con los tratamientos, como la quimioterapia y la radiaci\u00f3n. Las que recibieron atenci\u00f3n complementaria informaron una mejor\u00eda en el estado de \u00e1nimo y en la calidad de vida. En promedio, sobrevivieron casi tres meses m\u00e1s que quienes recibieron la atenci\u00f3n est\u00e1ndar.<\/p>\n<p>&nbsp;<\/p>\n<p>&nbsp;<\/p>\n<p>&nbsp;<\/p>\n","protected":false},"excerpt":{"rendered":"<p>Diagn\u00f3stico y detecci\u00f3n temprana Prueba de detecci\u00f3n del c\u00e1ncer de pulm\u00f3n Para cuando la persona presenta s\u00edntomas, el c\u00e1ncer de pulm\u00f3n ya puede haberse extendido. Una de las razones por las que el c\u00e1ncer de pulm\u00f3n es tan grave es porque, habitualmente, no se lo detecta hasta que ya se ha extendido y es m\u00e1s [&hellip;]<\/p>\n","protected":false},"author":208,"featured_media":0,"parent":0,"menu_order":0,"comment_status":"closed","ping_status":"closed","template":"","meta":[],"_links":{"self":[{"href":"https:\/\/blogs.sld.cu\/cancerpulmon\/wp-json\/wp\/v2\/pages\/36"}],"collection":[{"href":"https:\/\/blogs.sld.cu\/cancerpulmon\/wp-json\/wp\/v2\/pages"}],"about":[{"href":"https:\/\/blogs.sld.cu\/cancerpulmon\/wp-json\/wp\/v2\/types\/page"}],"author":[{"embeddable":true,"href":"https:\/\/blogs.sld.cu\/cancerpulmon\/wp-json\/wp\/v2\/users\/208"}],"replies":[{"embeddable":true,"href":"https:\/\/blogs.sld.cu\/cancerpulmon\/wp-json\/wp\/v2\/comments?post=36"}],"version-history":[{"count":8,"href":"https:\/\/blogs.sld.cu\/cancerpulmon\/wp-json\/wp\/v2\/pages\/36\/revisions"}],"predecessor-version":[{"id":112,"href":"https:\/\/blogs.sld.cu\/cancerpulmon\/wp-json\/wp\/v2\/pages\/36\/revisions\/112"}],"wp:attachment":[{"href":"https:\/\/blogs.sld.cu\/cancerpulmon\/wp-json\/wp\/v2\/media?parent=36"}],"curies":[{"name":"wp","href":"https:\/\/api.w.org\/{rel}","templated":true}]}}