{"id":38,"date":"2020-06-06T23:33:55","date_gmt":"2020-06-06T23:33:55","guid":{"rendered":"http:\/\/blogs.sld.cu\/cancerpulmon\/?page_id=38"},"modified":"2021-12-08T17:40:18","modified_gmt":"2021-12-08T17:40:18","slug":"prevencion","status":"publish","type":"page","link":"https:\/\/blogs.sld.cu\/cancerpulmon\/prevencion\/","title":{"rendered":"Prevenci\u00f3n"},"content":{"rendered":"<p><strong>\u00a0<\/strong><\/p>\n<p><strong>PREVENCI\u00d3N EN C\u00c1NCER DE PULM\u00d3N<\/strong><\/p>\n<p>El <strong>c\u00e1ncer de pulm\u00f3<\/strong>n es una enfermedad, en la que se forman, c\u00e9lulas malignas (cancerosas), sobre todo en los tejidos\u00a0 que revisten los sacos aereos o alveolos.\u00a0 Existen principalmente dos tipos de c\u00e1ncer de pulm\u00f3n: \u00a0de<\/p>\n<p><img loading=\"lazy\" class=\"attachment-featured-slide wp-post-image alignnone\" title=\"Rechaz\u00e0ndo un cigarro, ganas en salud\" src=\"https:\/\/blogs.sld.cu\/tabaquismo\/files\/2021\/04\/no-al-cigarro-700x300.jpg\" alt=\"Con ese gesto evitas muchos malos momentos en tu vida\" width=\"700\" height=\"300\" \/><\/p>\n<p>No se pueden prevenir todos los c\u00e1nceres de pulm\u00f3n. Sin embargo, se puede tomar medidas que puedan reducir su riesgo (factores de riesgo) para lograr controlar.<\/p>\n<p><strong>No use tabaco <\/strong><\/p>\n<p>La mejor manera de reducir el riesgo de c\u00e1ncer de pulm\u00f3n es no fumar y evitar el humo de las personas que fuman. Dejar de fumar antes de que surja el c\u00e1ncer, le permite al tejido pulmonar da\u00f1ado repararse por s\u00ed solo. Sin importar la edad o el tiempo que haya fumado, el dejar de fumar puede reducir su riesgo de c\u00e1ncer de pulm\u00f3n y ayudarle a vivir m\u00e1s tiempo.<\/p>\n<p>El control del tabaquismo representa una de las medidas preventivas en salud p\u00fablica de mayor impacto para reducir la mortalidad. Son m\u00faltiples los factores que contribuyen en ello uno de ellos es, por ejemplo, la educaci\u00f3n-; sin embargo, la intervenci\u00f3n m\u00e1s importante para reducir el consumo y proteger a la poblaci\u00f3n no fumadora es, indiscutiblemente, la participaci\u00f3n global incluyendo el estado.<\/p>\n<p><strong>Evitar o limitar la exposici\u00f3n a los agentes que causan c\u00e1ncer. <\/strong><\/p>\n<p>Evitar la exposici\u00f3n a los agentes que se saben causan c\u00e1ncer en el lugar de trabajo y en cualquier otro lugar tambi\u00e9n puede ser \u00fatil. Cuando las personas trabajan donde estas exposiciones son comunes, la exposici\u00f3n debe mantenerse en lo m\u00ednimo.<\/p>\n<p><strong>Alimentaci\u00f3n saludable <\/strong>Una alimentaci\u00f3n saludable con muchas frutas y vegetales tambi\u00e9n puede ayudar a reducir su riesgo de c\u00e1ncer de pulm\u00f3n. Cierta evidencia sugiere que una alimentaci\u00f3n con muchas frutas y vegetales puede ayudar a proteger contra el c\u00e1ncer de pulm\u00f3n tanto a los fumadores como a los no fumadores.<\/p>\n<p>&nbsp;<\/p>\n<p>&nbsp;<\/p>\n<p>&nbsp;<\/p>\n","protected":false},"excerpt":{"rendered":"<p>\u00a0 PREVENCI\u00d3N EN C\u00c1NCER DE PULM\u00d3N El c\u00e1ncer de pulm\u00f3n es una enfermedad, en la que se forman, c\u00e9lulas malignas (cancerosas), sobre todo en los tejidos\u00a0 que revisten los sacos aereos o alveolos.\u00a0 Existen principalmente dos tipos de c\u00e1ncer de pulm\u00f3n: \u00a0de No se pueden prevenir todos los c\u00e1nceres de pulm\u00f3n. Sin embargo, se puede [&hellip;]<\/p>\n","protected":false},"author":208,"featured_media":0,"parent":0,"menu_order":0,"comment_status":"closed","ping_status":"closed","template":"","meta":[],"_links":{"self":[{"href":"https:\/\/blogs.sld.cu\/cancerpulmon\/wp-json\/wp\/v2\/pages\/38"}],"collection":[{"href":"https:\/\/blogs.sld.cu\/cancerpulmon\/wp-json\/wp\/v2\/pages"}],"about":[{"href":"https:\/\/blogs.sld.cu\/cancerpulmon\/wp-json\/wp\/v2\/types\/page"}],"author":[{"embeddable":true,"href":"https:\/\/blogs.sld.cu\/cancerpulmon\/wp-json\/wp\/v2\/users\/208"}],"replies":[{"embeddable":true,"href":"https:\/\/blogs.sld.cu\/cancerpulmon\/wp-json\/wp\/v2\/comments?post=38"}],"version-history":[{"count":6,"href":"https:\/\/blogs.sld.cu\/cancerpulmon\/wp-json\/wp\/v2\/pages\/38\/revisions"}],"predecessor-version":[{"id":104,"href":"https:\/\/blogs.sld.cu\/cancerpulmon\/wp-json\/wp\/v2\/pages\/38\/revisions\/104"}],"wp:attachment":[{"href":"https:\/\/blogs.sld.cu\/cancerpulmon\/wp-json\/wp\/v2\/media?parent=38"}],"curies":[{"name":"wp","href":"https:\/\/api.w.org\/{rel}","templated":true}]}}