{"id":40,"date":"2020-06-06T23:35:08","date_gmt":"2020-06-06T23:35:08","guid":{"rendered":"http:\/\/blogs.sld.cu\/cancerpulmon\/?page_id=40"},"modified":"2021-11-20T22:02:52","modified_gmt":"2021-11-20T22:02:52","slug":"recursos","status":"publish","type":"page","link":"https:\/\/blogs.sld.cu\/cancerpulmon\/recursos\/","title":{"rendered":"Recursos"},"content":{"rendered":"<p><span style=\"font-size: 12pt;\"><strong>Sitios web, entrevistas y art\u00edculos<\/strong> <\/span><\/p>\n<p><strong>\u00a0 <a href=\"https:\/\/cuidateplus.marca.com\/enfermedades\/cancer\/cancer-pulmon.html\">C\u00e1ncer de Pulm\u00f3n: Qu\u00e9 es, Tratamientos, S\u00edntomas e Informaci\u00f3n<\/a><\/strong><\/p>\n<p>https:\/\/cuidateplus.marca.com\/enfermedades\/cancer\/cancer-pulmon.html<\/p>\n<p><strong>\u00a0 <a href=\"https:\/\/medlineplus.gov\/spanish\/lungcancer.html\">C\u00e1ncer de pulm\u00f3n: MedlinePlus en espa\u00f1ol<\/a><\/strong><\/p>\n<p>https:\/\/medlineplus.gov\/spanish\/lungcancer.html<\/p>\n<p><strong>\u00a0<a href=\"https:\/\/es.wikipedia.org\/wiki\/C%C3%A1ncer_de_pulm%C3%B3n\">C\u00e1ncer de pulm\u00f3n &#8211; Wikipedia, la enciclopedia libre<\/a><\/strong><\/p>\n<p>https:\/\/es.wikipedia.org\/wiki\/C\u00e1ncer_de_pulm\u00f3n<\/p>\n<p><strong>\u00a0<a href=\"https:\/\/www.aecc.es\/es\/todo-sobre-cancer\/tipos-cancer\/cancer-pulmon\">C\u00e1ncer de Pulm\u00f3n: Todo lo que Necesitas Saber | AECC<\/a><\/strong><\/p>\n<p>https:\/\/www.aecc.es\/es\/todo-sobre-cancer\/tipos-cancer\/cancer-pulmon<\/p>\n<p><strong>\u00a0<a href=\"https:\/\/www.cancer.org\/es\/cancer\/cancer-de-pulmon.html\">C\u00e1ncer de pulm\u00f3n &#8211; American Cancer Society<\/a><\/strong><\/p>\n<p>https:\/\/www.cancer.org\/es\/cancer\/cancer-de-pulmon.html<\/p>\n<p><strong>\u00a0<a href=\"https:\/\/www.cdc.gov\/spanish\/cancer\/lung\/basic_info\/what-is-lung-cancer.htm\">\u00bfQu\u00e9 es el c\u00e1ncer de pulm\u00f3n? | CDC<\/a><\/strong><\/p>\n<p><strong>\u00a0<a href=\"https:\/\/www.aecc.es\/es\/todo-sobre-cancer\/tipos-cancer\/cancer-pulmon\/sintomas-cancer-pulmon\">C\u00e1ncer de Pulm\u00f3n: S\u00edntomas &#8211; AECC<\/a><\/strong><\/p>\n<p>https:\/\/www.aecc.es\/es\/todo-sobre-cancer\/tipos-cancer\/cancer-pulmon\/&#8230;<\/p>\n<p><strong>\u00a0<a href=\"https:\/\/www.cancer.org\/es\/cancer\/cancer-de-pulmon\/deteccion-diagnostico-clasificacion-por-etapas\/senales-sintomas.html\">Signos y s\u00edntomas del c\u00e1ncer de pulm\u00f3n<\/a><\/strong><\/p>\n<p><strong>\u00a0<a href=\"https:\/\/www.aecc.es\/es\/todo-sobre-cancer\/tipos-cancer\/cancer-pulmon\/evolucion-cancer-pulmon\">C\u00e1ncer de Pulm\u00f3n: Esperanza de Vida y Supervivencia | AECC<\/a><\/strong><\/p>\n<p><strong>\u00a0 <\/strong><a href=\"https:\/\/cuidateplus.marca.com\/enfermedades\/cancer\/cancer-pulmon.html\"><strong>C\u00e1ncer de Pulm\u00f3n: Qu\u00e9 es, Tratamientos, S\u00edntomas e Informaci\u00f3n<\/strong><\/a><\/p>\n<p>https:\/\/cuidateplus.marca.com\/enfermedades\/cancer\/cancer-pulmon.html<\/p>\n<p><strong>\uf0b7\u00a0 <\/strong><a href=\"https:\/\/medlineplus.gov\/spanish\/lungcancer.html\"><strong>C\u00e1ncer de pulm\u00f3n: MedlinePlus en espa\u00f1ol<\/strong><\/a><\/p>\n<p>https:\/\/medlineplus.gov\/spanish\/lungcancer.html<\/p>\n<p><strong>\uf0b7\u00a0 <\/strong><a href=\"https:\/\/es.wikipedia.org\/wiki\/C%C3%A1ncer_de_pulm%C3%B3n\"><strong>C\u00e1ncer de pulm\u00f3n &#8211; Wikipedia, la enciclopedia libre<\/strong><\/a><\/p>\n<p>https:\/\/es.wikipedia.org\/wiki\/C\u00e1ncer_de_pulm\u00f3n<\/p>\n<p><strong>\uf0b7\u00a0 <\/strong><a href=\"https:\/\/www.aecc.es\/es\/todo-sobre-cancer\/tipos-cancer\/cancer-pulmon\"><strong>C\u00e1ncer de Pulm\u00f3n: Todo lo que Necesitas Saber | AECC<\/strong><\/a><\/p>\n<p>https:\/\/www.aecc.es\/es\/todo-sobre-cancer\/tipos-cancer\/cancer-pulmon<\/p>\n<p><strong>\uf0b7\u00a0 <\/strong><a href=\"https:\/\/www.cancer.org\/es\/cancer\/cancer-de-pulmon.html\"><strong>C\u00e1ncer de pulm\u00f3n &#8211; American Cancer Society<\/strong><\/a><\/p>\n<p>https:\/\/www.cancer.org\/es\/cancer\/cancer-de-pulmon.html<\/p>\n<p><strong>\uf0b7\u00a0 <\/strong><a href=\"https:\/\/www.cdc.gov\/spanish\/cancer\/lung\/basic_info\/what-is-lung-cancer.htm\"><strong>\u00bfQu\u00e9 es el c\u00e1ncer de pulm\u00f3n? | CDC<\/strong><\/a><\/p>\n<p>https:\/\/www.cdc.gov\/spanish\/cancer\/lung\/basic_info\/what-is-lung-cancer.htm<\/p>\n<p><strong>\uf0b7\u00a0 <\/strong><a href=\"https:\/\/www.aecc.es\/es\/todo-sobre-cancer\/tipos-cancer\/cancer-pulmon\/sintomas-cancer-pulmon\"><strong>C\u00e1ncer de Pulm\u00f3n: S\u00edntomas &#8211; AECC<\/strong><\/a><\/p>\n<p>https:\/\/www.aecc.es\/es\/todo-sobre-cancer\/tipos-cancer\/cancer-pulmon\/&#8230;<\/p>\n<p><strong>\uf0b7\u00a0 <\/strong><a href=\"https:\/\/www.cancer.org\/es\/cancer\/cancer-de-pulmon\/deteccion-diagnostico-clasificacion-por-etapas\/senales-sintomas.html\"><strong>Signos y s\u00edntomas del c\u00e1ncer de pulm\u00f3n<\/strong><\/a><\/p>\n<p>https:\/\/www.cancer.org\/es\/cancer\/cancer-de-pulmon\/deteccion-diagnostic&#8230;<\/p>\n<p><strong>\uf0b7\u00a0 <\/strong><a href=\"https:\/\/www.aecc.es\/es\/todo-sobre-cancer\/tipos-cancer\/cancer-pulmon\/evolucion-cancer-pulmon\"><strong>C\u00e1ncer de Pulm\u00f3n: Esperanza de Vida y Supervivencia | AECC<\/strong><\/a><\/p>\n","protected":false},"excerpt":{"rendered":"<p>Sitios web, entrevistas y art\u00edculos \u00a0 C\u00e1ncer de Pulm\u00f3n: Qu\u00e9 es, Tratamientos, S\u00edntomas e Informaci\u00f3n https:\/\/cuidateplus.marca.com\/enfermedades\/cancer\/cancer-pulmon.html \u00a0 C\u00e1ncer de pulm\u00f3n: MedlinePlus en espa\u00f1ol https:\/\/medlineplus.gov\/spanish\/lungcancer.html \u00a0C\u00e1ncer de pulm\u00f3n &#8211; Wikipedia, la enciclopedia libre https:\/\/es.wikipedia.org\/wiki\/C\u00e1ncer_de_pulm\u00f3n \u00a0C\u00e1ncer de Pulm\u00f3n: Todo lo que Necesitas Saber | AECC https:\/\/www.aecc.es\/es\/todo-sobre-cancer\/tipos-cancer\/cancer-pulmon \u00a0C\u00e1ncer de pulm\u00f3n &#8211; American Cancer Society https:\/\/www.cancer.org\/es\/cancer\/cancer-de-pulmon.html \u00a0\u00bfQu\u00e9 es el [&hellip;]<\/p>\n","protected":false},"author":208,"featured_media":0,"parent":0,"menu_order":0,"comment_status":"closed","ping_status":"closed","template":"","meta":[],"_links":{"self":[{"href":"https:\/\/blogs.sld.cu\/cancerpulmon\/wp-json\/wp\/v2\/pages\/40"}],"collection":[{"href":"https:\/\/blogs.sld.cu\/cancerpulmon\/wp-json\/wp\/v2\/pages"}],"about":[{"href":"https:\/\/blogs.sld.cu\/cancerpulmon\/wp-json\/wp\/v2\/types\/page"}],"author":[{"embeddable":true,"href":"https:\/\/blogs.sld.cu\/cancerpulmon\/wp-json\/wp\/v2\/users\/208"}],"replies":[{"embeddable":true,"href":"https:\/\/blogs.sld.cu\/cancerpulmon\/wp-json\/wp\/v2\/comments?post=40"}],"version-history":[{"count":5,"href":"https:\/\/blogs.sld.cu\/cancerpulmon\/wp-json\/wp\/v2\/pages\/40\/revisions"}],"predecessor-version":[{"id":66,"href":"https:\/\/blogs.sld.cu\/cancerpulmon\/wp-json\/wp\/v2\/pages\/40\/revisions\/66"}],"wp:attachment":[{"href":"https:\/\/blogs.sld.cu\/cancerpulmon\/wp-json\/wp\/v2\/media?parent=40"}],"curies":[{"name":"wp","href":"https:\/\/api.w.org\/{rel}","templated":true}]}}