{"id":42,"date":"2020-06-06T23:38:48","date_gmt":"2020-06-06T23:38:48","guid":{"rendered":"http:\/\/blogs.sld.cu\/cancerpulmon\/?page_id=42"},"modified":"2021-12-08T18:57:39","modified_gmt":"2021-12-08T18:57:39","slug":"preguntas-frecuentes","status":"publish","type":"page","link":"https:\/\/blogs.sld.cu\/cancerpulmon\/preguntas-frecuentes\/","title":{"rendered":"Preguntas frecuentes"},"content":{"rendered":"<p><strong>Sobre la enfermedad<\/strong><\/p>\n<div class=\"D6j0vc\">\n<div id=\"center_col\" class=\"gXmnc s6JM6d\">\n<div id=\"taw\">\n<div class=\"ULSxyf\">\n<p><strong>\u00bfCu\u00e1ndo se considera curado un c\u00e1ncer?<\/strong><\/p>\n<div class=\"AuVD cUnQKe\" data-it=\"rq\" data-qc=\"CitwcmVndW50YXMgZnJlY3VlbnRlcyBzb2JyZSBjYW5jZXIgZGUgcHVsbW9uEA4YAX3J1TU_\" data-hveid=\"CDYQAA\" data-ved=\"2ahUKEwjO3YL0haj0AhXqSjABHSGeDVoQuU4oAHoECDYQAA\">\n<div class=\"Wt5Tfe\">\n<div id=\"_PX6ZYY7LCeqVwbkPoby20AU53\" data-bs=\"c42QsUoDQRCGiZVMZblgM2VUJBYBjShXWAuKTzC5DHJyu3vZ3TtU7HwH-8NGC6uAbTDb5yksfAznzkgiWthsMfv_8__fAMLmbHpmHY7L-IyaAiHnmMbapOwS9TGAAfRn0_Pmt7AuZRPoinHEWLDz1pBHb4eOq6xig7RifVTQh93Z9KSMdc6NzGBuPYaskFcWLJTtrjLX1iRqvt7twB5sfbnMyKIXnTU-G7EjTEtHMivNMuXhsLsGx3AgjjjRoqehrJQqLQ8HKgTIh1ivYH0nxolEvl1Izd6ipkj_1qGOtUe6dOyzyibq9U5q7vx0NWCrXK2lqTzMOVFP13AE-7_P4eOLCVZTe5IlGeryBqkicyvEiXo_hR5s_yNPWxcoT9T9eKPzCQ\">\n<div>\n<div class=\"wQiwMc ygGdYd related-question-pair\" data-ved=\"2ahUKEwjO3YL0haj0AhXqSjABHSGeDVoQq7kBKAB6BAg5EAA\">\n<div class=\"z9gcx SVyP1c\" data-dcp=\"\" data-lk=\"CijG-CUZIWKU-DCMjEUMv_6WvDyGydeK3XoVRNgzZ-q5zdwa_XHsVIZTGiVjdWFuZG8gc2UgY29uc2lkZXJhIGN1cmFkbyB1biBjw6FuY2Vy\" data-q=\"\u00bfCu\u00e1ndo se considera curado un c\u00e1ncer?\">\n<div class=\"wWOJcd\" tabindex=\"0\" role=\"button\" aria-controls=\"exacc_PX6ZYY7LCeqVwbkPoby20AU60\" aria-expanded=\"true\" aria-labelledby=\"exacc_PX6ZYY7LCeqVwbkPoby20AU59\">\n<div class=\"YsGUOb\"><\/div>\n<div class=\"r21Kzd\" data-hveid=\"CDkQAQ\" data-ved=\"2ahUKEwjO3YL0haj0AhXqSjABHSGeDVoQuk56BAg5EAE\"><\/div>\n<\/div>\n<div id=\"exacc_PX6ZYY7LCeqVwbkPoby20AU60\" class=\"MBtdbb\" data-ved=\"2ahUKEwjO3YL0haj0AhXqSjABHSGeDVoQ7NUEegQIORAD\">\n<div class=\"ymu2Hb\">\n<div id=\"_PX6ZYY7LCeqVwbkPoby20AU61\" class=\"t0bRye r2fjmd\" data-hveid=\"CDkQBA\" data-ved=\"2ahUKEwjO3YL0haj0AhXqSjABHSGeDVoQu04oAHoECDkQBA\">\n<div id=\"WEB_ANSWERS_RESULT_21_PX6ZYY7LCeqVwbkPoby20AU__44\">\n<div class=\"wDYxhc\" data-md=\"61\">\n<div class=\"LGOjhe\" role=\"heading\" data-attrid=\"wa:\/description\" aria-level=\"3\" data-hveid=\"CDgQAA\"><span class=\"ILfuVd\"><span class=\"hgKElc\">En una remisi\u00f3n completa, todos los signos y s\u00edntomas del <b>c\u00e1ncer<\/b> han desaparecido. Si usted presenta una remisi\u00f3n completa por 5 a\u00f1os o m\u00e1s, <b>es<\/b> posible que algunos m\u00e9dicos digan que <b>se<\/b> ha <b>curado<\/b>. Pero algunas c\u00e9lulas cancerosas pueden todav\u00eda permanecer en su cuerpo durante muchos a\u00f1os despu\u00e9s del tratamiento.<\/span><\/span><\/div>\n<div role=\"heading\" data-attrid=\"wa:\/description\" aria-level=\"3\" data-hveid=\"CDgQAA\"><strong>Que diserencias hay entre los dos tipos de cancer?<\/strong><\/div>\n<div role=\"heading\" data-attrid=\"wa:\/description\" aria-level=\"3\" data-hveid=\"CDgQAA\">\n<div class=\"D6j0vc\">\n<div id=\"center_col\" class=\"gXmnc s6JM6d\">\n<div id=\"taw\"><\/div>\n<\/div>\n<\/div>\n<div class=\"ULSxyf\">\n<div class=\"AuVD cUnQKe\" data-it=\"rq\" data-qc=\"CitwcmVndW50YXMgZnJlY3VlbnRlcyBzb2JyZSBjYW5jZXIgZGUgcHVsbW9uEA4YAX3J1TU_\" data-hveid=\"CDYQAA\" data-ved=\"2ahUKEwjO3YL0haj0AhXqSjABHSGeDVoQuU4oAHoECDYQAA\">\n<div class=\"Wt5Tfe\">\n<div id=\"_PX6ZYY7LCeqVwbkPoby20AU53\" data-bs=\"c42QsUoDQRCGiZVMZblgM2VUJBYBjShXWAuKTzC5DHJyu3vZ3TtU7HwH-8NGC6uAbTDb5yksfAznzkgiWthsMfv_8__fAMLmbHpmHY7L-IyaAiHnmMbapOwS9TGAAfRn0_Pmt7AuZRPoinHEWLDz1pBHb4eOq6xig7RifVTQh93Z9KSMdc6NzGBuPYaskFcWLJTtrjLX1iRqvt7twB5sfbnMyKIXnTU-G7EjTEtHMivNMuXhsLsGx3AgjjjRoqehrJQqLQ8HKgTIh1ivYH0nxolEvl1Izd6ipkj_1qGOtUe6dOyzyibq9U5q7vx0NWCrXK2lqTzMOVFP13AE-7_P4eOLCVZTe5IlGeryBqkicyvEiXo_hR5s_yNPWxcoT9T9eKPzCQ\">\n<div>\n<div class=\"wQiwMc ygGdYd related-question-pair\" data-ved=\"2ahUKEwjO3YL0haj0AhXqSjABHSGeDVoQq7kBKAB6BAgzEAA\">\n<div class=\"z9gcx SVyP1c\" data-dcp=\"\" data-lk=\"CihYaNHeG7zjOvtkzyPSSzWwQMh5RqidMXaaMvNKCXHbR1G8CK-a2Fr1GiVjdWFudG9zIHRpcG9zIGRlIGNhbmNlciBkZSBwdWxtb24gaGF5\" data-q=\"\u00bfCu\u00e1les son los tipos de c\u00e1ncer de pulmon?\">\n<div id=\"exacc_PX6ZYY7LCeqVwbkPoby20AU46\" class=\"MBtdbb\" data-ved=\"2ahUKEwjO3YL0haj0AhXqSjABHSGeDVoQ7NUEegQIMxAD\">\n<div class=\"ymu2Hb\">\n<div id=\"_PX6ZYY7LCeqVwbkPoby20AU47\" class=\"t0bRye r2fjmd\" data-hveid=\"CDMQBA\" data-ved=\"2ahUKEwjO3YL0haj0AhXqSjABHSGeDVoQu04oAHoECDMQBA\">\n<div id=\"WEB_ANSWERS_RESULT_18_PX6ZYY7LCeqVwbkPoby20AU__41\">\n<div class=\"wDYxhc\" data-md=\"61\">\n<div class=\"LGOjhe\" role=\"heading\" data-attrid=\"wa:\/description\" aria-level=\"3\" data-hveid=\"CCQQAA\">\n<p><span class=\"ILfuVd\"><span class=\"ILfuVd\"><span class=\"hgKElc\"> Estos dos <b>tipos<\/b> crecen de manera diferente y se tratan de manera diferente. El <b>c\u00e1ncer de pulm\u00f3n<\/b> de c\u00e9lulas no peque\u00f1as es el <b>tipo<\/b> m\u00e1s com\u00fan.El c\u00e1ncer pulmonar de c\u00e9lulas peque\u00f1as es la forma de c\u00e1ncer pulmonar m\u00e1s agresiva<\/span><\/span><\/span><strong>En qu\u00e9 consiste la vacuna cubana contra el c\u00e1ncer de pulm\u00f3n que est\u00e1n probando en EE.UU<\/strong>.?<\/p>\n<div class=\"bbc-1ka88fa e57qer20\" dir=\"ltr\">\n<figure class=\"bbc-1qdcvv9 e6bmn90\"><figcaption class=\"bbc-1t9zlwf eede9f50\" dir=\"ltr\">En Cuba se est\u00e1n desarrollando vacunas para varios tipos de c\u00e1ncer.<\/figcaption>Las m\u00e1s de 5.000 veces que se ha aplicado la vacuna cubana contra el c\u00e1ncer de pulm\u00f3n se\u00f1alan que es capaz de prolongar la vida de pacientes en etapas avanzadas de esta enfermedad.<\/figure>\n<\/div>\n<div class=\"bbc-19j92fr e57qer20\" dir=\"ltr\">Es el <strong>Cimavax<\/strong>, un producto del Centro de Inmunolog\u00eda Molecular (CIM) en La Habana y que tom\u00f3 25 a\u00f1os de investigaci\u00f3n para ser desarrollado.<\/div>\n<pre class=\"bbc-19j92fr e57qer20\" dir=\"ltr\">Los resultados que viene obteniendo desde 2011 son tan alentadores, que el Instituto para el tratamiento del c\u00e1ncer Roswell Park, de Nueva York, se sum\u00f3 al proyecto y colabora con el desarrollo e investigaci\u00f3n de la vacuna cuban<span style=\"font-family: Verdana, Arial, Helvetica, sans-serif; font-size: large;\">CIMAvax-EGF: vacuna terap\u00e9utica contra el c\u00e1ncer de pulm\u00f3n de c\u00e9lulas no peque\u00f1as en estadios avanzados<\/span>.<\/pre>\n<\/div>\n<div role=\"heading\" data-attrid=\"wa:\/description\" aria-level=\"3\" data-hveid=\"CCQQAA\"><\/div>\n<\/div>\n<\/div>\n<\/div>\n<\/div>\n<\/div>\n<\/div>\n<\/div>\n<\/div>\n<\/div>\n<\/div>\n<\/div>\n<\/div>\n<\/div>\n<\/div>\n<\/div>\n<\/div>\n<\/div>\n<\/div>\n<\/div>\n<\/div>\n<\/div>\n<\/div>\n<\/div>\n<\/div>\n<\/div>\n<\/div>\n<\/div>\n<\/div>\n","protected":false},"excerpt":{"rendered":"<p>Sobre la enfermedad \u00bfCu\u00e1ndo se considera curado un c\u00e1ncer? En una remisi\u00f3n completa, todos los signos y s\u00edntomas del c\u00e1ncer han desaparecido. Si usted presenta una remisi\u00f3n completa por 5 a\u00f1os o m\u00e1s, es posible que algunos m\u00e9dicos digan que se ha curado. Pero algunas c\u00e9lulas cancerosas pueden todav\u00eda permanecer en su cuerpo durante muchos [&hellip;]<\/p>\n","protected":false},"author":208,"featured_media":0,"parent":0,"menu_order":0,"comment_status":"closed","ping_status":"closed","template":"","meta":[],"_links":{"self":[{"href":"https:\/\/blogs.sld.cu\/cancerpulmon\/wp-json\/wp\/v2\/pages\/42"}],"collection":[{"href":"https:\/\/blogs.sld.cu\/cancerpulmon\/wp-json\/wp\/v2\/pages"}],"about":[{"href":"https:\/\/blogs.sld.cu\/cancerpulmon\/wp-json\/wp\/v2\/types\/page"}],"author":[{"embeddable":true,"href":"https:\/\/blogs.sld.cu\/cancerpulmon\/wp-json\/wp\/v2\/users\/208"}],"replies":[{"embeddable":true,"href":"https:\/\/blogs.sld.cu\/cancerpulmon\/wp-json\/wp\/v2\/comments?post=42"}],"version-history":[{"count":6,"href":"https:\/\/blogs.sld.cu\/cancerpulmon\/wp-json\/wp\/v2\/pages\/42\/revisions"}],"predecessor-version":[{"id":93,"href":"https:\/\/blogs.sld.cu\/cancerpulmon\/wp-json\/wp\/v2\/pages\/42\/revisions\/93"}],"wp:attachment":[{"href":"https:\/\/blogs.sld.cu\/cancerpulmon\/wp-json\/wp\/v2\/media?parent=42"}],"curies":[{"name":"wp","href":"https:\/\/api.w.org\/{rel}","templated":true}]}}