{"id":10,"date":"2020-02-07T16:17:10","date_gmt":"2020-02-07T16:17:10","guid":{"rendered":"http:\/\/blogs.sld.cu\/cardioncologia\/?page_id=10"},"modified":"2021-03-10T01:04:28","modified_gmt":"2021-03-10T01:04:28","slug":"acerca-de","status":"publish","type":"page","link":"https:\/\/blogs.sld.cu\/cardioncologia\/acerca-de\/","title":{"rendered":"Acerca de"},"content":{"rendered":"<p><span style=\"font-size: 12pt\"><strong><a href=\"http:\/\/blogs.sld.cu\/cardioncologia\/files\/2020\/01\/elicuetara2.jpg\"><img loading=\"lazy\" class=\"  wp-image-119 alignleft\" src=\"http:\/\/blogs.sld.cu\/cardioncologia\/files\/2020\/01\/elicuetara2.jpg\" alt=\"elicuetara2\" width=\"210\" height=\"239\" \/><\/a><\/strong><\/span><span style=\"font-size: 12pt;font-family: verdana, geneva\"><strong>La\u00a0CardioOncolog\u00eda<\/strong>\u00a0es una subespecialidad de la\u00a0<strong>Cardiolog\u00eda<\/strong>, de gran inter\u00e9s\u00a0en la actualidad, pues cada d\u00eda los tratamientos oncol\u00f3gicos son m\u00e1s exitosos, pero a la par, se pueden presentar distintos tipos de enfermedades cardiovasculares.<\/span><\/p>\n<p><span style=\"font-size: 12pt;font-family: verdana, geneva\">El c\u00e1ncer y las enfermedades del coraz\u00f3n, previas\u00a0o posteriores a los tratamientos oncol\u00f3gicos, requieren de\u00a0seguimiento y de la orientaci\u00f3n de los cardionc\u00f3logos, para conducir el tratamiento si es una enfermedad previa al c\u00e1ncer\u00a0o si la misma ha sido producto de los tratamientos oncol\u00f3gicos.<\/span><\/p>\n<p><span style=\"font-size: 12pt;font-family: verdana, geneva\">El\u00a0Centro Nacional de Informaci\u00f3n de Ciencias M\u00e9dicas, que est\u00e1 constituido por un grupo de personas e instituciones que trabajan para que la\u00a0informaci\u00f3n y el conocimiento sanitario lleguen a todos, pone a disposici\u00f3n de la poblaci\u00f3n en general, y de los pacientes oncol\u00f3gicos, informaci\u00f3n sobre cardioncolog\u00eda, sus fundamentos actuales y las perspectivas futuras.<\/span><\/p>\n<p><span style=\"font-size: 12pt;font-family: verdana, geneva\">Su editora es la <strong>Dra Elizabeth Cu\u00e9tara Lugo<\/strong>, Dra. en Ciencias Biol\u00f3gicas y profesora e investigadora titular, que a trav\u00e9s de estas p\u00e1ginas, en la revisi\u00f3n de preguntas y respuestas y en consulta con los especialistas,\u00a0le pueden ayudar a responder las interrogantes que tenga sobre las enfermedades cardiovasculares asociadas o previas a los tratamientos oncol\u00f3gicos.<\/span><\/p>\n","protected":false},"excerpt":{"rendered":"<p>La\u00a0CardioOncolog\u00eda\u00a0es una subespecialidad de la\u00a0Cardiolog\u00eda, de gran inter\u00e9s\u00a0en la actualidad, pues cada d\u00eda los tratamientos oncol\u00f3gicos son m\u00e1s exitosos, pero a la par, se pueden presentar distintos tipos de enfermedades cardiovasculares. El c\u00e1ncer y las enfermedades del coraz\u00f3n, previas\u00a0o posteriores a los tratamientos oncol\u00f3gicos, requieren de\u00a0seguimiento y de la orientaci\u00f3n de los cardionc\u00f3logos, para conducir [&hellip;]<\/p>\n","protected":false},"author":206,"featured_media":0,"parent":0,"menu_order":0,"comment_status":"closed","ping_status":"closed","template":"","meta":[],"_links":{"self":[{"href":"https:\/\/blogs.sld.cu\/cardioncologia\/wp-json\/wp\/v2\/pages\/10"}],"collection":[{"href":"https:\/\/blogs.sld.cu\/cardioncologia\/wp-json\/wp\/v2\/pages"}],"about":[{"href":"https:\/\/blogs.sld.cu\/cardioncologia\/wp-json\/wp\/v2\/types\/page"}],"author":[{"embeddable":true,"href":"https:\/\/blogs.sld.cu\/cardioncologia\/wp-json\/wp\/v2\/users\/206"}],"replies":[{"embeddable":true,"href":"https:\/\/blogs.sld.cu\/cardioncologia\/wp-json\/wp\/v2\/comments?post=10"}],"version-history":[{"count":11,"href":"https:\/\/blogs.sld.cu\/cardioncologia\/wp-json\/wp\/v2\/pages\/10\/revisions"}],"predecessor-version":[{"id":175,"href":"https:\/\/blogs.sld.cu\/cardioncologia\/wp-json\/wp\/v2\/pages\/10\/revisions\/175"}],"wp:attachment":[{"href":"https:\/\/blogs.sld.cu\/cardioncologia\/wp-json\/wp\/v2\/media?parent=10"}],"curies":[{"name":"wp","href":"https:\/\/api.w.org\/{rel}","templated":true}]}}