{"id":33,"date":"2020-02-08T19:37:12","date_gmt":"2020-02-08T19:37:12","guid":{"rendered":"http:\/\/blogs.sld.cu\/cardioncologia\/?page_id=33"},"modified":"2021-03-10T01:06:07","modified_gmt":"2021-03-10T01:06:07","slug":"cardiotoxicidad","status":"publish","type":"page","link":"https:\/\/blogs.sld.cu\/cardioncologia\/cardiotoxicidad\/","title":{"rendered":"Cardiotoxicidad"},"content":{"rendered":"<p class=\"accordion-title\" style=\"background: white;margin: 7.5pt 0cm 7.5pt 0cm\"><span style=\"color: #707070;font-size: 12pt;font-family: verdana, geneva\">La\u00a0<strong>card\u00edotoxicidad\u00a0<\/strong>implica diferentes enfermedades cardiovasculares observadas durante el tratamiento con quimioter\u00e1picos, e involucra tambi\u00e9n los efectos producidos por la radioterapia y las relacionadas a la propia enfermedad neopl\u00e1sica.<\/span><\/p>\n<p style=\"background: white;margin: 7.5pt 0cm 7.5pt 0cm\"><span style=\"color: #707070;font-size: 12pt;font-family: verdana, geneva\">Los factores de riesgo espec\u00edficos asociados con mayor cardiotoxicidad son:<\/span><\/p>\n<p style=\"background: white;margin: 7.5pt 0cm 7.5pt 0cm\"><span style=\"font-size: 12pt;font-family: verdana, geneva\"><span style=\"color: #707070\">Factores gen\u00e9ticos.<\/span><span style=\"color: #707070\"><br \/>\n<\/span><span style=\"color: #707070\">Dosis acumulada.<\/span><span style=\"color: #707070\"><br \/>\n<\/span><span style=\"color: #707070\">Mujeres.<\/span><span style=\"color: #707070\"><br \/>\n<\/span><span style=\"color: #707070\">Pacientes menores de 15 a\u00f1os o mayores de 65 a\u00f1os.<\/span><span style=\"color: #707070\"><br \/>\n<\/span><span style=\"color: #707070\">Hipertensi\u00f3n arterial previa.<\/span><span style=\"color: #707070\"><br \/>\n<\/span><span style=\"color: #707070\">Cardiopat\u00eda isqu\u00e9mica.<\/span><span style=\"color: #707070\"><br \/>\n<\/span><span style=\"color: #707070\">Historia previa de cardiotoxicidad.<\/span><span style=\"color: #707070\"><br \/>\n<\/span><span style=\"color: #707070\">Tratamiento combinado con antitumorales y\/o radioterapia tor\u00e1cica.<\/span><span style=\"color: #707070\"><br \/>\n<\/span><span style=\"color: #707070\">Obesidad.<\/span><span style=\"color: #707070\"><br \/>\n<\/span><span style=\"color: #707070\">Insuficiencia renal.<\/span><span style=\"color: #707070\"><br \/>\n<\/span><span style=\"color: #707070\">Tiempo transcurrido de tratamiento.<\/span><\/span><\/p>\n<p style=\"background: white;margin: 7.5pt 0cm 7.5pt 0cm\"><span style=\"font-size: 12pt;font-family: verdana, geneva\"><strong><span style=\"color: #707070\">\u00bfC\u00f3mo mitigar o\u00a0evitar\u00a0la cardiotoxicidad?\u00a0<\/span><\/strong><\/span><\/p>\n<p style=\"background: white;margin: 7.5pt 0cm 7.5pt 0cm\"><span style=\"color: #707070;font-size: 12pt;font-family: verdana, geneva\">* Monitorear\u00a0la funci\u00f3n\u00a0cardiaca.<\/span><\/p>\n<p style=\"background: white;margin: 7.5pt 0cm 7.5pt 0cm\"><span style=\"color: #707070;font-size: 12pt;font-family: verdana, geneva\">* Limitar las dosis de citost\u00e1ticos en la quimioterapia.<\/span><\/p>\n<p style=\"background: white;margin: 7.5pt 0cm 7.5pt 0cm\"><span style=\"color: #707070;font-size: 12pt;font-family: verdana, geneva\">*\u00a0 Usar\u00a0an\u00e1logos de\u00a0antraciclinas de\u00a0conjunto\u00a0con cardioprotectores.<\/span><\/p>\n<p style=\"background: white;margin: 7.5pt 0cm 7.5pt 0cm\"><span style=\"color: #707070;font-size: 12pt;font-family: verdana, geneva\">* Medici\u00f3n de marcadores tempranos de\u00a0cardiotoxicidad e intervencion preventiva en pacientes de alto riesgo.<\/span><\/p>\n<p style=\"background: white;margin: 7.5pt 0cm 7.5pt 0cm\"><span style=\"font-size: 12pt;font-family: verdana, geneva\"><strong><span style=\"color: #707070\">Recomendaciones b\u00e1sicas para pacientes en relaci\u00f3n a la toxicidad por quimioterapia<\/span><\/strong><\/span><\/p>\n<p style=\"background: white;margin: 7.5pt 0cm 7.5pt 0cm\"><span style=\"font-size: 12pt;font-family: verdana, geneva\"><strong><span style=\"color: #707070\">Informaci\u00f3n \u00fatil para los pacientes y sus familiares<\/span><\/strong><\/span><\/p>\n<p style=\"background: white;margin: 7.5pt 0cm 7.5pt 0cm\"><span style=\"color: #707070;font-size: 12pt;font-family: verdana, geneva\">La quimioterapia forma parte del tratamiento de la mayor\u00eda de las enfermedades oncol\u00f3gicas en alg\u00fan momento de su evoluci\u00f3n. Los f\u00e1rmacos quimioter\u00e1picos pueden administrarse con distintos objetivos:<\/span><\/p>\n<p style=\"background: white;margin: 7.5pt 0cm 7.5pt 0cm\"><span style=\"color: #707070;font-size: 12pt;font-family: verdana, geneva\">Eliminar la enfermedad metast\u00e1sica para evitar recidivas futuras (tratamiento adyuvante), disminuir el tama\u00f1o del tumor previo a la cirug\u00eda (tratamiento neoadyuvante), control de los s\u00edntomas con la intenci\u00f3n de mejorar la calidad de vida y la supervivencia en algunos casos (tratamiento quimioter\u00e1pico paliativo) o con intenci\u00f3n curativa.<\/span><\/p>\n<p style=\"background: white;margin: 7.5pt 0cm 7.5pt 0cm\"><span style=\"color: #707070;font-size: 12pt;font-family: verdana, geneva\">Desafortunadamente, los f\u00e1rmacos utilizados pueden producir efectos secundarios, algunos de los cuales pueden ser graves y otros, a pesar de no constituir un riesgo importante, pueden impactar negativamente en la calidad de vida de nuestros pacientes.<\/span><\/p>\n<p style=\"background: white;margin: 7.5pt 0cm 7.5pt 0cm\"><span style=\"font-size: 12pt;font-family: verdana, geneva\"><strong><span style=\"color: #707070\">Cardiotoxicidad o Toxicidad Cardiaca<\/span><\/strong><\/span><\/p>\n<p style=\"background: white;margin: 7.5pt 0cm 7.5pt 0cm\"><span style=\"color: #707070;font-size: 12pt;font-family: verdana, geneva\">Entre los efectos secundarios de la quimioterapia se encuentra la cardiotoxicidad (toxicidad card\u00edaca). El efecto t\u00f3xico sobre el coraz\u00f3n puede producir da\u00f1o del m\u00fasculo del coraz\u00f3n (son las denominadas miocardiopat\u00edas) o arr\u00edtmias (alteraciones en la actividad el\u00e9ctrica del coraz\u00f3n).<\/span><\/p>\n<p style=\"background: white;margin: 7.5pt 0cm 7.5pt 0cm\"><span style=\"font-size: 12pt;font-family: verdana, geneva\"><a title=\"Miocardiopat\u00edas Quimioinducidas\" href=\"http:\/\/blogs.sld.cu\/cardioncologia\/miocardiopatias-quimioinducidas\/\"><strong><span style=\"color: #54a428\">Miocardiopat\u00edas Quimioinducidas<\/span><\/strong><\/a><\/span><\/p>\n","protected":false},"excerpt":{"rendered":"<p>La\u00a0card\u00edotoxicidad\u00a0implica diferentes enfermedades cardiovasculares observadas durante el tratamiento con quimioter\u00e1picos, e involucra tambi\u00e9n los efectos producidos por la radioterapia y las relacionadas a la propia enfermedad neopl\u00e1sica. Los factores de riesgo espec\u00edficos asociados con mayor cardiotoxicidad son: Factores gen\u00e9ticos. Dosis acumulada. Mujeres. Pacientes menores de 15 a\u00f1os o mayores de 65 a\u00f1os. Hipertensi\u00f3n arterial previa. [&hellip;]<\/p>\n","protected":false},"author":206,"featured_media":0,"parent":0,"menu_order":0,"comment_status":"closed","ping_status":"closed","template":"","meta":[],"_links":{"self":[{"href":"https:\/\/blogs.sld.cu\/cardioncologia\/wp-json\/wp\/v2\/pages\/33"}],"collection":[{"href":"https:\/\/blogs.sld.cu\/cardioncologia\/wp-json\/wp\/v2\/pages"}],"about":[{"href":"https:\/\/blogs.sld.cu\/cardioncologia\/wp-json\/wp\/v2\/types\/page"}],"author":[{"embeddable":true,"href":"https:\/\/blogs.sld.cu\/cardioncologia\/wp-json\/wp\/v2\/users\/206"}],"replies":[{"embeddable":true,"href":"https:\/\/blogs.sld.cu\/cardioncologia\/wp-json\/wp\/v2\/comments?post=33"}],"version-history":[{"count":22,"href":"https:\/\/blogs.sld.cu\/cardioncologia\/wp-json\/wp\/v2\/pages\/33\/revisions"}],"predecessor-version":[{"id":176,"href":"https:\/\/blogs.sld.cu\/cardioncologia\/wp-json\/wp\/v2\/pages\/33\/revisions\/176"}],"wp:attachment":[{"href":"https:\/\/blogs.sld.cu\/cardioncologia\/wp-json\/wp\/v2\/media?parent=33"}],"curies":[{"name":"wp","href":"https:\/\/api.w.org\/{rel}","templated":true}]}}