{"id":1048,"date":"2021-03-25T18:04:17","date_gmt":"2021-03-25T18:04:17","guid":{"rendered":"http:\/\/blogs.sld.cu\/carlosjfinlay\/?page_id=1048"},"modified":"2021-04-15T14:52:34","modified_gmt":"2021-04-15T14:52:34","slug":"documentos-de-homenaje","status":"publish","type":"page","link":"https:\/\/blogs.sld.cu\/carlosjfinlay\/homenajes\/documentos-de-homenaje\/","title":{"rendered":"Documentos de homenaje"},"content":{"rendered":"<p><a href=\"http:\/\/blogs.sld.cu\/carlosjfinlay\/files\/2021\/03\/Carlos-Finlay-and-Yellow-Fever1.png\"><img loading=\"lazy\" class=\" size-medium wp-image-1054 aligncenter\" src=\"http:\/\/blogs.sld.cu\/carlosjfinlay\/files\/2021\/03\/Carlos-Finlay-and-Yellow-Fever1-185x300.png\" alt=\"Carlos Finlay and Yellow Fever\" width=\"185\" height=\"300\" srcset=\"https:\/\/blogs.sld.cu\/carlosjfinlay\/files\/2021\/03\/Carlos-Finlay-and-Yellow-Fever1-185x300.png 185w, https:\/\/blogs.sld.cu\/carlosjfinlay\/files\/2021\/03\/Carlos-Finlay-and-Yellow-Fever1.png 390w\" sizes=\"(max-width: 185px) 100vw, 185px\" \/><\/a><a href=\"http:\/\/blogs.sld.cu\/carlosjfinlay\/files\/2021\/03\/Carlos-Eduardo-Finlay-Shine.jpg\"><img loading=\"lazy\" class=\"  wp-image-1055 alignleft\" src=\"http:\/\/blogs.sld.cu\/carlosjfinlay\/files\/2021\/03\/Carlos-Eduardo-Finlay-Shine-226x300.jpg\" alt=\"Carlos Eduardo Finlay Shine\" width=\"65\" height=\"86\" srcset=\"https:\/\/blogs.sld.cu\/carlosjfinlay\/files\/2021\/03\/Carlos-Eduardo-Finlay-Shine-226x300.jpg 226w, https:\/\/blogs.sld.cu\/carlosjfinlay\/files\/2021\/03\/Carlos-Eduardo-Finlay-Shine.jpg 260w\" sizes=\"(max-width: 65px) 100vw, 65px\" \/><\/a><\/p>\n<p><b>\u00a0Carlos Eduardo Finlay Shine<\/b>. Destacado m\u00e9dico cubano.Profesor de Oftalmolog\u00eda y cirujano en esa especialidad.Es el hijo mayor de Carlos J. Finlay.\u00a0 Su bibliograf\u00eda cient\u00edfica cuenta con m\u00e1s de un centenar de t\u00edtulos y entre sus libros, es de destacar su documentada <a title=\"Biograf\u00eda\" href=\"https:\/\/www.ecured.cu\/Biograf%C3%ADa\">biograf\u00eda<\/a> <a title=\"Carlos J. Finlay and Yellow Fever\" href=\"http:\/\/videosalud2020.sld.cu\/index.php\/videosalud\/index\/manager\/files\/CarlosFinlayandYellowFever.pdf\" target=\"_blank\">Carlos Finlay y la fiebre amarilla<\/a>, edici\u00f3n en ingl\u00e9s (<a title=\"1940\" href=\"https:\/\/www.ecured.cu\/1940\">1940<\/a>) y en espa\u00f1ol (<a title=\"1942\" href=\"https:\/\/www.ecured.cu\/1942\">1942<\/a>).<\/p>\n<p><a href=\"http:\/\/blogs.sld.cu\/carlosjfinlay\/files\/2021\/03\/Finlay-sanitary-pioneer.jpg\"><img loading=\"lazy\" class=\"  wp-image-1074 aligncenter\" src=\"http:\/\/blogs.sld.cu\/carlosjfinlay\/files\/2021\/03\/Finlay-sanitary-pioneer-202x300.jpg\" alt=\"Finlay, sanitary pioneer\" width=\"164\" height=\"244\" srcset=\"https:\/\/blogs.sld.cu\/carlosjfinlay\/files\/2021\/03\/Finlay-sanitary-pioneer-202x300.jpg 202w, https:\/\/blogs.sld.cu\/carlosjfinlay\/files\/2021\/03\/Finlay-sanitary-pioneer.jpg 423w\" sizes=\"(max-width: 164px) 100vw, 164px\" \/><\/a><img loading=\"lazy\" class=\"alignnone  wp-image-1076\" src=\"http:\/\/blogs.sld.cu\/carlosjfinlay\/files\/2021\/03\/Aristides-A.-Moll.jpg\" alt=\"Aristides A. Moll\" width=\"72\" height=\"106\" \/><strong>Ar\u00edstides A. Moll.<\/strong> Nacido en Adjuntas en 1885, muere en Berkeley, California el 5 de marzo de 1964. Se educ\u00f3 en diversos centros de estudio en Francia, Espa\u00f1a y Estados Unidos. Fue maestro en su pueblo natal, pero luego migr\u00f3 de campo laboral para convertirse en subadministrador de aduana en Mayag\u00fcez. Escribi\u00f3 un art\u00edculo titulado &#8220;<a href=\"https:\/\/blogs.sld.cu\/carlosjfinlay\/files\/2021\/03\/bulletin-pan-amer1.pdf\" target=\"_blank\">Finlay, sanitary pioneer and benefactor of mankind<\/a>&#8221; en homenaje al centenario del natalicio de Carlos J. Finlay. Fu\u00e9 publicado este art\u00edculo en la p\u00e1gina 935 del Bulletin of the Pan American Union de diciembre de 1933.<\/p>\n<p><a href=\"http:\/\/blogs.sld.cu\/carlosjfinlay\/files\/2021\/03\/Meetings-in-Commemoration.png\"><img loading=\"lazy\" class=\"  wp-image-1086 aligncenter\" src=\"http:\/\/blogs.sld.cu\/carlosjfinlay\/files\/2021\/03\/Meetings-in-Commemoration-190x300.png\" alt=\"Meetings in Commemoration\" width=\"127\" height=\"201\" srcset=\"https:\/\/blogs.sld.cu\/carlosjfinlay\/files\/2021\/03\/Meetings-in-Commemoration-190x300.png 190w, https:\/\/blogs.sld.cu\/carlosjfinlay\/files\/2021\/03\/Meetings-in-Commemoration.png 398w\" sizes=\"(max-width: 127px) 100vw, 127px\" \/><\/a> <a href=\"http:\/\/blogs.sld.cu\/carlosjfinlay\/files\/2021\/03\/The-Jefferson-Medical-College.png\"><img loading=\"lazy\" class=\"alignnone size-full wp-image-1094\" src=\"http:\/\/blogs.sld.cu\/carlosjfinlay\/files\/2021\/03\/The-Jefferson-Medical-College.png\" alt=\"The Jefferson Medical College\" width=\"162\" height=\"131\" \/><\/a><b> La Universidad Thomas J<\/b><b>efferson<\/b> es una universidad privada en Filadelfia , Pensilvania . Establecida en su forma m\u00e1s temprana en 1824, la universidad se combin\u00f3 oficialmente con la <b>Universidad de Filadelfia<\/b> en 2017. En este sitio entre el 22 y el 23 de septiembre de 1955 se desarroll\u00f3 un evento en conmemoraci\u00f3n al centenario de la graduaci\u00f3n de Carlos J. Finlay. En el programa de dicho evento &#8220;<a href=\"https:\/\/blogs.sld.cu\/carlosjfinlay\/files\/2021\/03\/Meetings-in-commem.pdf\" target=\"_blank\">Meetings in Commemoration of the Centenary Graduation of Carlos Juan Finlay<\/a> &#8221; se public\u00f3 como transcurri\u00f3 el c\u00f3nclave.<\/p>\n<p>&nbsp;<\/p>\n<p>&nbsp;<\/p>\n","protected":false},"excerpt":{"rendered":"<p>\u00a0Carlos Eduardo Finlay Shine. Destacado m\u00e9dico cubano.Profesor de Oftalmolog\u00eda y cirujano en esa especialidad.Es el hijo mayor de Carlos J. Finlay.\u00a0 Su bibliograf\u00eda cient\u00edfica cuenta con m\u00e1s de un centenar de t\u00edtulos y entre sus libros, es de destacar su documentada biograf\u00eda Carlos Finlay y la fiebre amarilla, edici\u00f3n en ingl\u00e9s (1940) y en espa\u00f1ol [&hellip;]<\/p>\n","protected":false},"author":218,"featured_media":0,"parent":462,"menu_order":3,"comment_status":"closed","ping_status":"closed","template":"sidebar-content.php","meta":[],"_links":{"self":[{"href":"https:\/\/blogs.sld.cu\/carlosjfinlay\/wp-json\/wp\/v2\/pages\/1048"}],"collection":[{"href":"https:\/\/blogs.sld.cu\/carlosjfinlay\/wp-json\/wp\/v2\/pages"}],"about":[{"href":"https:\/\/blogs.sld.cu\/carlosjfinlay\/wp-json\/wp\/v2\/types\/page"}],"author":[{"embeddable":true,"href":"https:\/\/blogs.sld.cu\/carlosjfinlay\/wp-json\/wp\/v2\/users\/218"}],"replies":[{"embeddable":true,"href":"https:\/\/blogs.sld.cu\/carlosjfinlay\/wp-json\/wp\/v2\/comments?post=1048"}],"version-history":[{"count":9,"href":"https:\/\/blogs.sld.cu\/carlosjfinlay\/wp-json\/wp\/v2\/pages\/1048\/revisions"}],"predecessor-version":[{"id":1139,"href":"https:\/\/blogs.sld.cu\/carlosjfinlay\/wp-json\/wp\/v2\/pages\/1048\/revisions\/1139"}],"up":[{"embeddable":true,"href":"https:\/\/blogs.sld.cu\/carlosjfinlay\/wp-json\/wp\/v2\/pages\/462"}],"wp:attachment":[{"href":"https:\/\/blogs.sld.cu\/carlosjfinlay\/wp-json\/wp\/v2\/media?parent=1048"}],"curies":[{"name":"wp","href":"https:\/\/api.w.org\/{rel}","templated":true}]}}