{"id":270,"date":"2020-10-27T14:12:33","date_gmt":"2020-10-27T14:12:33","guid":{"rendered":"http:\/\/blogs.sld.cu\/carlosjfinlay\/?page_id=270"},"modified":"2020-11-17T17:05:05","modified_gmt":"2020-11-17T17:05:05","slug":"comprobacion-de-la-teoria","status":"publish","type":"page","link":"https:\/\/blogs.sld.cu\/carlosjfinlay\/comprobacion-de-la-teoria\/","title":{"rendered":"Comprobaci\u00f3n de la Teor\u00eda"},"content":{"rendered":"<p><a href=\"http:\/\/blogs.sld.cu\/carlosjfinlay\/files\/2020\/10\/Comisi\u00f3n-M\u00e9dica-Americana.jpg\"><img loading=\"lazy\" class=\"  wp-image-382 aligncenter\" src=\"http:\/\/blogs.sld.cu\/carlosjfinlay\/files\/2020\/10\/Comisi\u00f3n-M\u00e9dica-Americana.jpg\" alt=\"Comisi\u00f3n M\u00e9dica Americana\" width=\"313\" height=\"319\" \/><\/a><\/p>\n<p>Carlos J. Finlay desempe\u00f1\u00f3 un papel excepcional en la ciencia cubana. Su enorme talento y sus conocimientos cimeros en medicina, su capacidad de hacer uso de otras disciplinas cient\u00edficas, y su hondo amor al trabajo y al estudio, su fidelidad ilimitada a los postulados cient\u00edficos, su clara intuici\u00f3n para elegir el objeto de sus investigaciones, y realizar observaciones correctas y exactas, acertadas s\u00edntesis, conclusiones certeras y nuevos descubrimientos; hacen de \u00e9l una personalidad notable de la ciencia universal. Su gran visi\u00f3n pr\u00e1ctica y su desvelo por salvar a la humanidad de la enfermedad y la muerte, liber\u00e1ndola del acicate de una de las m\u00e1s horrendas y desvastadoras enfermedades, contra la que no hab\u00eda defensa alguna: la fiebre amarilla; le permiti\u00f3 abrir causes para el conocimiento y la erradicaci\u00f3n de otras enfermedades transmisibles por vectores biol\u00f3gicos, y lo acreditan, adem\u00e1s de sabio, como hacedor del progreso social y benefactor de la humanidad.<\/p>\n<p>Las principales conclusiones que aport\u00f3 <i>Finlay<\/i> a la historia m\u00e9dica con sus descubrimientos puede resumirse en:<\/p>\n<ol>\n<ol>\n<li>\u00a0La teor\u00eda cient\u00edfica del contagio de las enfermedades epid\u00e9micas; su modo de propagaci\u00f3n y trasmisi\u00f3n de una persona enferma a un sujeto apto para contraerla, lo cual representa una formulaci\u00f3n estelar, original y exclusiva, sin antecedentes, ni precursores en la historia m\u00e9dica de las enfermedades epid\u00e9rmicas.<\/li>\n<li>La aplicaci\u00f3n de esta teor\u00eda por extensi\u00f3n a todos los seres org\u00e1nicos la enmarca dentro de las ciencias biol\u00f3gicas.<\/li>\n<li>La soluci\u00f3n del problema del contagio, no como cuesti\u00f3n m\u00e9dica, sino como un contenido filos\u00f3fico, como lo revela el hecho de haber tenido que expresarlo mediante la s\u00edntesis dial\u00e9ctica, de las 2 principales corrientes epidemiol\u00f3gicas de su tiempo.<\/li>\n<li>Los resultados de la aplicaci\u00f3n de esta teor\u00eda, en la investigaci\u00f3n del modo de propagaci\u00f3n de la fiebre amarilla, que lo condujo al descubrimiento del Culex mosquito (<i>Aedes aegypty<\/i>) como el vector biol\u00f3gico trasmisor de la enfermedad.<\/li>\n<li>\u00a0La selecci\u00f3n del mosquito <i>Aedes aegypty<\/i> como el \u00fanico agente trasmisor de la fiebre amarilla.<\/li>\n<li>La teor\u00eda del contagio enunciada por \u00e9l tiene un car\u00e1cter eminentemente cient\u00edfico, al poderse establecer de un modo riguroso su comprobaci\u00f3n mediante la experimentaci\u00f3n.<\/li>\n<li>El conocimiento del ciclo evolutivo de la fiebre amarilla, su naturaleza, su cl\u00ednica y su diagn\u00f3stico le permitieron descubrir las formas benignas o larvadas de la fiebre amarilla; sobre su base se experiment\u00f3 en seres humanos, y reproducirla bajo el control cl\u00ednico terap\u00e9utico.<\/li>\n<li>Con la aplicaci\u00f3n de su m\u00e9todo experimental produjo por primera vez, en la historia de la medicina, casos de fiebre amarilla benigna, o intermedios, sin riesgo para la vida del individuo que se prestaba a ser inoculado con mosquitos contaminados.<\/li>\n<li>Sus experiencias cl\u00ednicas, y sus trabajos experimentales, le permitieron adquirir el m\u00e1s completo y cabal conocimiento de la fiebre amarilla como entidad nosol\u00f3gica, reput\u00e1ndose mundialmente como la primera autoridad en esta enfermedad.<\/li>\n<li>El hecho de que su teor\u00eda fuese acogida con reservas e incomprensiones por los cient\u00edficos de su tiempo, tanto en Cuba como en el extranjero, se explic\u00f3 porque su enunciado constitu\u00eda una discontinuidad, un salto cualitativamente brusco en el pensamiento medicocient\u00edfico de la \u00e9poca. Era la subversi\u00f3n total de conceptos mantenidos durante largo tiempo por los sanitarios e higienistas. La oposici\u00f3n se motiv\u00f3 como en el caso de otros grandes descubrimientos, por la inercia mental, por la presi\u00f3n de los criterios establecidos, por viejas ideas que no quer\u00edan abrir cauce a las nuevas, y tambi\u00e9n por ciertos intereses creados en la profesi\u00f3n m\u00e9dica que ven en lo nuevo la p\u00e9rdida de prestigio por la incapacidad de asimilarlas y afectarse en su rango econ\u00f3mico y social; en el caso de los sanitarios, su apego intransigente a los criterios derivados de la polic\u00eda cuarentenaria de la que eran dependientes profesionalmente<\/li>\n<li>La comprobaci\u00f3n de la teor\u00eda, aunque s\u00f3lo fuese de modo parcial, result\u00f3 un est\u00edmulo para desarrollar el cap\u00edtulo de la trasmisi\u00f3n de otras enfermedades; promovi\u00f3 la investigaci\u00f3n interdisciplinaria entre m\u00e9dicos y bi\u00f3logos; cre\u00f3 y desarroll\u00f3 una importante ciencia nueva, la entomolog\u00eda m\u00e9dica; modific\u00f3 sustancialmente los postulados de la profilaxis, de la higiene p\u00fablica y de la medicina preventiva.<\/li>\n<li>Junto con los descubrimientos de <i>Pasteur<\/i> y <i>Koch<\/i> estableci\u00f3 la nueva doctrina de las enfermedades epid\u00e9micas e infecciosas, deviniendo en el enlace necesario para explicar como los g\u00e9rmenes o agentes causales de una enfermedad pod\u00edan penetrar en el organismo humano sano.<\/li>\n<li>Su teor\u00eda se apoyaba en el principio de proteger e impedir la propagaci\u00f3n de las enfermedades, esforz\u00e1ndose por encontrar m\u00e9todos que asegurar\u00e1n la inmunidad del individuo a la fiebre amarilla, bien por la inoculaci\u00f3n directa del mosquito contaminado o por la sueroterapia.<\/li>\n<li>\u00a0De su teor\u00eda se derivaron reglas precisas que \u00e9l mismo prescribi\u00f3 para la erradicaci\u00f3n de la fiebre amarilla mediante la destrucci\u00f3n del vector, y as\u00ed naci\u00f3 uno de los m\u00e9todos m\u00e1s eficaces para la eliminaci\u00f3n de las epidemias, como lo testimonia la erradicaci\u00f3n de la fiebre amarilla en La Habana, Veracruz, Brasil, Nueva Orleans y otras zonas end\u00e9micas, y su efectividad en los casos de epidemias espor\u00e1dicas u ocasionales. La aplicaci\u00f3n de las reglas de la lucha antivector representan en la actualidad, el mejor medio para el control y la extinci\u00f3n de las enfermedades infecciosas; su ejecuci\u00f3n en las diferentes campa\u00f1as promovidas, ha salvado millones de vidas humanas y ha favorecido el progreso econ\u00f3mico y social de las naciones.<\/li>\n<li>\u00a0Los prop\u00f3sitos de EE.UU. de adjudicarse este descubrimiento, aparte de constituir una evidente prueba de robo cient\u00edfico y cultural propio de la acci\u00f3n del imperialismo, fueron tratar de justificar la intromisi\u00f3n en los asuntos internos de una naci\u00f3n, violando los derechos soberanos de la misma. Los m\u00e9dicos integrantes de la comisi\u00f3n militar americana que se prestaron a esta usurpaci\u00f3n faltaron a los principios morales y \u00e9ticos universales que rigen los derechos de la creaci\u00f3n cient\u00edfica y contribuyeron a que se falsearan los postulados de la verdad hist\u00f3rica.<\/li>\n<\/ol>\n<\/ol>\n<p>(Tomado de S\u00e1nchez Dager G, S\u00e1nchez Dager JA, Herrera O. Finlay, cient\u00edfico cubano. Rev Cubana Hig Epidemiol. May-Ago 2000). Disponible en: http:\/\/scielo.sld.cu\/pdf\/hie\/v38n2\/hie09200.pdf)<\/p>\n","protected":false},"excerpt":{"rendered":"<p>Carlos J. Finlay desempe\u00f1\u00f3 un papel excepcional en la ciencia cubana. Su enorme talento y sus conocimientos cimeros en medicina, su capacidad de hacer uso de otras disciplinas cient\u00edficas, y su hondo amor al trabajo y al estudio, su fidelidad ilimitada a los postulados cient\u00edficos, su clara intuici\u00f3n para elegir el objeto de sus investigaciones, [&hellip;]<\/p>\n","protected":false},"author":218,"featured_media":0,"parent":0,"menu_order":2,"comment_status":"closed","ping_status":"closed","template":"sidebar-content.php","meta":[],"_links":{"self":[{"href":"https:\/\/blogs.sld.cu\/carlosjfinlay\/wp-json\/wp\/v2\/pages\/270"}],"collection":[{"href":"https:\/\/blogs.sld.cu\/carlosjfinlay\/wp-json\/wp\/v2\/pages"}],"about":[{"href":"https:\/\/blogs.sld.cu\/carlosjfinlay\/wp-json\/wp\/v2\/types\/page"}],"author":[{"embeddable":true,"href":"https:\/\/blogs.sld.cu\/carlosjfinlay\/wp-json\/wp\/v2\/users\/218"}],"replies":[{"embeddable":true,"href":"https:\/\/blogs.sld.cu\/carlosjfinlay\/wp-json\/wp\/v2\/comments?post=270"}],"version-history":[{"count":17,"href":"https:\/\/blogs.sld.cu\/carlosjfinlay\/wp-json\/wp\/v2\/pages\/270\/revisions"}],"predecessor-version":[{"id":544,"href":"https:\/\/blogs.sld.cu\/carlosjfinlay\/wp-json\/wp\/v2\/pages\/270\/revisions\/544"}],"wp:attachment":[{"href":"https:\/\/blogs.sld.cu\/carlosjfinlay\/wp-json\/wp\/v2\/media?parent=270"}],"curies":[{"name":"wp","href":"https:\/\/api.w.org\/{rel}","templated":true}]}}