{"id":300,"date":"2020-10-27T15:07:07","date_gmt":"2020-10-27T15:07:07","guid":{"rendered":"http:\/\/blogs.sld.cu\/carlosjfinlay\/?page_id=300"},"modified":"2020-11-17T14:04:12","modified_gmt":"2020-11-17T14:04:12","slug":"publicaciones","status":"publish","type":"page","link":"https:\/\/blogs.sld.cu\/carlosjfinlay\/publicaciones\/","title":{"rendered":"Publicaciones"},"content":{"rendered":"<p><a href=\"http:\/\/blogs.sld.cu\/carlosjfinlay\/files\/2020\/10\/15.jpg\"><img loading=\"lazy\" class=\" size-full wp-image-400 aligncenter\" src=\"http:\/\/blogs.sld.cu\/carlosjfinlay\/files\/2020\/10\/15.jpg\" alt=\"15\" width=\"195\" height=\"258\" \/><\/a><\/p>\n<p>Finlay public\u00f3 en total 200 trabajos, pero su etapa de producci\u00f3n mayor fue en la d\u00e9cada de 1880 a 1889, coincidiendo con la etapa del descubrimiento del Mosquito Aedes Aegypti como agente trasmisor de la Fiebre Amarilla.<\/p>\n","protected":false},"excerpt":{"rendered":"<p>Finlay public\u00f3 en total 200 trabajos, pero su etapa de producci\u00f3n mayor fue en la d\u00e9cada de 1880 a 1889, coincidiendo con la etapa del descubrimiento del Mosquito Aedes Aegypti como agente trasmisor de la Fiebre Amarilla.<\/p>\n","protected":false},"author":218,"featured_media":0,"parent":0,"menu_order":4,"comment_status":"closed","ping_status":"closed","template":"sidebar-content.php","meta":[],"_links":{"self":[{"href":"https:\/\/blogs.sld.cu\/carlosjfinlay\/wp-json\/wp\/v2\/pages\/300"}],"collection":[{"href":"https:\/\/blogs.sld.cu\/carlosjfinlay\/wp-json\/wp\/v2\/pages"}],"about":[{"href":"https:\/\/blogs.sld.cu\/carlosjfinlay\/wp-json\/wp\/v2\/types\/page"}],"author":[{"embeddable":true,"href":"https:\/\/blogs.sld.cu\/carlosjfinlay\/wp-json\/wp\/v2\/users\/218"}],"replies":[{"embeddable":true,"href":"https:\/\/blogs.sld.cu\/carlosjfinlay\/wp-json\/wp\/v2\/comments?post=300"}],"version-history":[{"count":10,"href":"https:\/\/blogs.sld.cu\/carlosjfinlay\/wp-json\/wp\/v2\/pages\/300\/revisions"}],"predecessor-version":[{"id":545,"href":"https:\/\/blogs.sld.cu\/carlosjfinlay\/wp-json\/wp\/v2\/pages\/300\/revisions\/545"}],"wp:attachment":[{"href":"https:\/\/blogs.sld.cu\/carlosjfinlay\/wp-json\/wp\/v2\/media?parent=300"}],"curies":[{"name":"wp","href":"https:\/\/api.w.org\/{rel}","templated":true}]}}