{"id":303,"date":"2020-10-27T15:09:15","date_gmt":"2020-10-27T15:09:15","guid":{"rendered":"http:\/\/blogs.sld.cu\/carlosjfinlay\/?page_id=303"},"modified":"2021-06-01T13:49:30","modified_gmt":"2021-06-01T13:49:30","slug":"manual-de-practica-sanitaria","status":"publish","type":"page","link":"https:\/\/blogs.sld.cu\/carlosjfinlay\/publicaciones\/manual-de-practica-sanitaria\/","title":{"rendered":"Manual de Pr\u00e1ctica Sanitaria"},"content":{"rendered":"<p><a id=\"Centenario del Manual de Pr\u00e1ctica Sanitaria\"><\/a><a href=\"http:\/\/blogs.sld.cu\/carlosjfinlay\/files\/2020\/10\/Manual-de-Pr\u00e1ctica-Sanitaria.jpg\"><img loading=\"lazy\" class=\"  wp-image-207 aligncenter\" src=\"http:\/\/blogs.sld.cu\/carlosjfinlay\/files\/2020\/10\/Manual-de-Pr\u00e1ctica-Sanitaria.jpg\" alt=\"Manual de Pr\u00e1ctica Sanitaria\" width=\"246\" height=\"370\" \/><\/a><\/p>\n<p><strong>Manual de Pr\u00e1ctica Sanitaria \/ Health Practice Manual Presentaci\u00f3n.<\/strong><\/p>\n<p>El Manual fue dirigido y anotado por el Dr. Enrique B. Barnet, Jefe Ejecutivo del Departamento de Sanidad de La Habana y Vocal-Secretario de la Junta Superior de Sanidad. Se concibi\u00f3 &#8220;para uso de jefes e inspectores de sanidad, m\u00e9dicos, funcionarios, etc. de la Rep\u00fablica de Cuba&#8221;.<\/p>\n<p>Entre los que redactaron el manual se destacaron Ar\u00edstides Agramonte, Enrique Barnet, Juan Santos Fern\u00e1ndez, Carlos J. Finlay, Jorge Le Roy y Cass\u00e1 y Enrique N\u00fa\u00f1ez.<\/p>\n<p>La edici\u00f3n fue de 3000 ejemplares e impresi\u00f3n excelentes. No aparece sello editorial. El volumen fue de 1114 p\u00e1ginas en su cuerpo central, XXII para Prefacio, Introducci\u00f3n y Tabla de materias y XIV para \u00cdndice Alfab\u00e9tico de Materias, Membres\u00eda de la Junta Superior de Sanidad y Otras Publicaciones relacionar con el tema de la obra.<\/p>\n<p>Se incluyen en el texto numerosas ilustraciones.<\/p>\n<p><a href=\"http:\/\/blogs.sld.cu\/carlosjfinlay\/files\/2020\/10\/Centenario-del-Manual-de-Pr\u00e1ctica-Sanitaria.pdf\">Centenario del Manual de Pr\u00e1ctica Sanitaria<\/a><\/p>\n<p><a title=\"Manual de Pr\u00e1ctica Sanitaria - 1905\" href=\"http:\/\/iiif.infomed.sld.cu\/mirador\/199?view=ImageView&amp;manifest=http%3A%2F%2Fiiif.manifest.sld.cu%2Fbdc%2Fcnicm%2Flibros%2Fmanualpracticasanitaria-1905%2Fmanifest.json&amp;canvas=http%3A%2F%2Fiiif.manifest.sld.cu%2Fbdc%2Fcnicm%2Flibros%2Fmanualpracticasanitaria-1905%2Fcanvas%2Fmanual-0001.tiff.json\">Manual de Pr\u00e1ctica Sanitaria &#8211; 1905<\/a><\/p>\n<p>&nbsp;<\/p>\n","protected":false},"excerpt":{"rendered":"<p>Manual de Pr\u00e1ctica Sanitaria \/ Health Practice Manual Presentaci\u00f3n. El Manual fue dirigido y anotado por el Dr. Enrique B. Barnet, Jefe Ejecutivo del Departamento de Sanidad de La Habana y Vocal-Secretario de la Junta Superior de Sanidad. Se concibi\u00f3 &#8220;para uso de jefes e inspectores de sanidad, m\u00e9dicos, funcionarios, etc. de la Rep\u00fablica de [&hellip;]<\/p>\n","protected":false},"author":218,"featured_media":0,"parent":300,"menu_order":1,"comment_status":"closed","ping_status":"closed","template":"sidebar-content.php","meta":[],"_links":{"self":[{"href":"https:\/\/blogs.sld.cu\/carlosjfinlay\/wp-json\/wp\/v2\/pages\/303"}],"collection":[{"href":"https:\/\/blogs.sld.cu\/carlosjfinlay\/wp-json\/wp\/v2\/pages"}],"about":[{"href":"https:\/\/blogs.sld.cu\/carlosjfinlay\/wp-json\/wp\/v2\/types\/page"}],"author":[{"embeddable":true,"href":"https:\/\/blogs.sld.cu\/carlosjfinlay\/wp-json\/wp\/v2\/users\/218"}],"replies":[{"embeddable":true,"href":"https:\/\/blogs.sld.cu\/carlosjfinlay\/wp-json\/wp\/v2\/comments?post=303"}],"version-history":[{"count":11,"href":"https:\/\/blogs.sld.cu\/carlosjfinlay\/wp-json\/wp\/v2\/pages\/303\/revisions"}],"predecessor-version":[{"id":616,"href":"https:\/\/blogs.sld.cu\/carlosjfinlay\/wp-json\/wp\/v2\/pages\/303\/revisions\/616"}],"up":[{"embeddable":true,"href":"https:\/\/blogs.sld.cu\/carlosjfinlay\/wp-json\/wp\/v2\/pages\/300"}],"wp:attachment":[{"href":"https:\/\/blogs.sld.cu\/carlosjfinlay\/wp-json\/wp\/v2\/media?parent=303"}],"curies":[{"name":"wp","href":"https:\/\/api.w.org\/{rel}","templated":true}]}}