{"id":501,"date":"2020-11-09T19:43:29","date_gmt":"2020-11-09T19:43:29","guid":{"rendered":"http:\/\/blogs.sld.cu\/carlosjfinlay\/?page_id=501"},"modified":"2021-05-27T15:42:56","modified_gmt":"2021-05-27T15:42:56","slug":"biografia-3","status":"publish","type":"page","link":"https:\/\/blogs.sld.cu\/carlosjfinlay\/biografia-3\/","title":{"rendered":"Sinopsis"},"content":{"rendered":"<p><strong>Por: DrC. Enrique Ram\u00f3n Beldarra\u00edn Chaple y Lic. Jos\u00e9 Antonio L\u00f3pez Espinosa.<\/strong><\/p>\n<p>Carlos Juan Finlay es fruto del matrimonio integrado por el doctor Edward Finlay, natural de Escocia, m\u00e9dico graduado de las Universidades de La Habana y Lima, y de Elizabeth de Barr\u00e9s, nacida en Puerto Espa\u00f1a, Trinidad Tobago.<\/p>\n<p>Hizo sus estudios secundarios en Rouen, Francia y se gradu\u00f3 de Doctor en Medicina en 1855 en el Jefferson Medical College de Filadelfia. Incorpor\u00f3 su t\u00edtulo a la Universidad de La Habana en 1857.<\/p>\n<p>Fue miembro de la Real Academia de Ciencias M\u00e9dicas, F\u00edsicas y Naturales y el Secretario de su Secci\u00f3n de Ciencias. En esta corporaci\u00f3n ocupo muchos cargos y recibi\u00f3 varias distinciones y honores por su trabajo cient\u00edfico.<\/p>\n<p>En 1881 dio a conocer en la Conferencia Sanitaria Internacional de Washington su teor\u00eda sobre el contagio de enfermedades, con la cual resolvi\u00f3 de manera admirable las pugnas y contradicciones entre los defensores del contagionismo y del anticontagionismo.<\/p>\n<p>All\u00ed se refiri\u00f3 a la existencia de una corriente demostrable cient\u00edficamente, diferente al contagionismo y al anticontagionismo, y basada en la transmisi\u00f3n de enfermedades de un individuo enfermo a otro sano por conducto de vectores biol\u00f3gicos.<\/p>\n<p>Mediante la aplicaci\u00f3n de esta teor\u00eda a la propagaci\u00f3n de la fiebre amarilla, descubri\u00f3 que el mosquito Aedes Aegypti era el \u00fanico agente capaz de transmitirla.<\/p>\n<p>Finlay cre\u00f3 el m\u00e9todo experimental de producir formas atenuadas de la fiebre amarilla en los seres humanos, lo que no s\u00f3lo le permiti\u00f3 comprobar la veracidad de sus concepciones y descubrimientos, sino tambi\u00e9n iniciar el estudio de los mecanismos inmunol\u00f3gicos de las enfermedades infecto contagiosas. Formul\u00f3 las reglas b\u00e1sicas para la erradicaci\u00f3n del mosquito, con lo que dio inicio al m\u00e9todo sanitario-social conocido como lucha antivectorial que a\u00fan se practica.<\/p>\n<p>Finlay fue un cient\u00edfico integral pues, a su trascendental obra en relaci\u00f3n con la fiebre amarilla, uni\u00f3 su dedicaci\u00f3n al estudio de otras dolencias como la lepra, las enfermedades de la visi\u00f3n, la malaria, el beriberi, la corea, la tuberculosis y el absceso hep\u00e1tico.<\/p>\n<p>Fue \u00e9l incluso quien primero descubri\u00f3 la existencia en Cuba de enfermedades como el bocio exoft\u00e1lmico, la filariasis y la triquinosis; se adelant\u00f3 a Carl von Rokitansky en la afirmaci\u00f3n del origen h\u00eddrico del c\u00f3lera y su observaci\u00f3n sobre el t\u00e9tanos infantil posibilit\u00f3 hacer descender la mortalidad por dicha causa. Formul\u00f3 las reglas b\u00e1sicas para la erradicaci\u00f3n del mosquito, con lo que dio inicio al m\u00e9todo sanitario-social conocido como lucha antivectorial que a\u00fan se practica.<\/p>\n<p>Finlay fue un cient\u00edfico integral pues, a su trascendental obra en relaci\u00f3n con la fiebre amarilla, uni\u00f3 su dedicaci\u00f3n al estudio de otras dolencias como la lepra, las enfermedades de la visi\u00f3n, la malaria, el beriberi, la corea, la tuberculosis y el absceso hep\u00e1tico.<\/p>\n<p>Fue \u00e9l incluso quien primero descubri\u00f3 la existencia en Cuba de enfermedades como el bocio exoft\u00e1lmico, la filariasis y la triquinosis; se adelant\u00f3 a Carl von Rokitansky en la afirmaci\u00f3n del origen h\u00eddrico del c\u00f3lera y su observaci\u00f3n sobre el t\u00e9tanos infantil posibilit\u00f3 hacer descender la mortalidad por dicha causa.<\/p>\n","protected":false},"excerpt":{"rendered":"<p>Por: DrC. Enrique Ram\u00f3n Beldarra\u00edn Chaple y Lic. Jos\u00e9 Antonio L\u00f3pez Espinosa. Carlos Juan Finlay es fruto del matrimonio integrado por el doctor Edward Finlay, natural de Escocia, m\u00e9dico graduado de las Universidades de La Habana y Lima, y de Elizabeth de Barr\u00e9s, nacida en Puerto Espa\u00f1a, Trinidad Tobago. Hizo sus estudios secundarios en Rouen, [&hellip;]<\/p>\n","protected":false},"author":218,"featured_media":0,"parent":0,"menu_order":0,"comment_status":"closed","ping_status":"closed","template":"sidebar-content.php","meta":[],"_links":{"self":[{"href":"https:\/\/blogs.sld.cu\/carlosjfinlay\/wp-json\/wp\/v2\/pages\/501"}],"collection":[{"href":"https:\/\/blogs.sld.cu\/carlosjfinlay\/wp-json\/wp\/v2\/pages"}],"about":[{"href":"https:\/\/blogs.sld.cu\/carlosjfinlay\/wp-json\/wp\/v2\/types\/page"}],"author":[{"embeddable":true,"href":"https:\/\/blogs.sld.cu\/carlosjfinlay\/wp-json\/wp\/v2\/users\/218"}],"replies":[{"embeddable":true,"href":"https:\/\/blogs.sld.cu\/carlosjfinlay\/wp-json\/wp\/v2\/comments?post=501"}],"version-history":[{"count":3,"href":"https:\/\/blogs.sld.cu\/carlosjfinlay\/wp-json\/wp\/v2\/pages\/501\/revisions"}],"predecessor-version":[{"id":542,"href":"https:\/\/blogs.sld.cu\/carlosjfinlay\/wp-json\/wp\/v2\/pages\/501\/revisions\/542"}],"wp:attachment":[{"href":"https:\/\/blogs.sld.cu\/carlosjfinlay\/wp-json\/wp\/v2\/media?parent=501"}],"curies":[{"name":"wp","href":"https:\/\/api.w.org\/{rel}","templated":true}]}}