{"id":550,"date":"2020-11-10T16:22:54","date_gmt":"2020-11-10T16:22:54","guid":{"rendered":"http:\/\/blogs.sld.cu\/carlosjfinlay\/?page_id=550"},"modified":"2021-04-08T16:41:15","modified_gmt":"2021-04-08T16:41:15","slug":"dr-horacio-abascal-vera","status":"publish","type":"page","link":"https:\/\/blogs.sld.cu\/carlosjfinlay\/galeria\/dr-horacio-abascal-vera\/","title":{"rendered":"Dr. Horacio Abascal Vera"},"content":{"rendered":"<p><a href=\"http:\/\/blogs.sld.cu\/carlosjfinlay\/files\/2020\/11\/Horacio-Abascal.jpg\"><img loading=\"lazy\" class=\"  wp-image-467 aligncenter\" src=\"http:\/\/blogs.sld.cu\/carlosjfinlay\/files\/2020\/11\/Horacio-Abascal.jpg\" alt=\"Horacio Abascal\" width=\"266\" height=\"328\" \/><\/a><\/p>\n<p>El 3 de diciembre de 1933 pronunci\u00f3 la Oraci\u00f3n a Finlay por primera vez instaur\u00e1ndose a partir de ese momento el D\u00eda de la Medicina.<\/p>\n<p>Naci\u00f3 el 6 de noviembre de 1899 en la ciudad de La Habana y falleci\u00f3 el 8 de abril de 1964 a los 64 a\u00f1os en la ciudad de Miami. Era especialista en Dermatolog\u00eda y dedic\u00f3 tiempo de estudio a la Historia de la Medicina.<\/p>\n","protected":false},"excerpt":{"rendered":"<p>El 3 de diciembre de 1933 pronunci\u00f3 la Oraci\u00f3n a Finlay por primera vez instaur\u00e1ndose a partir de ese momento el D\u00eda de la Medicina. Naci\u00f3 el 6 de noviembre de 1899 en la ciudad de La Habana y falleci\u00f3 el 8 de abril de 1964 a los 64 a\u00f1os en la ciudad de Miami. [&hellip;]<\/p>\n","protected":false},"author":218,"featured_media":0,"parent":351,"menu_order":6,"comment_status":"closed","ping_status":"closed","template":"monocolumn.php","meta":[],"_links":{"self":[{"href":"https:\/\/blogs.sld.cu\/carlosjfinlay\/wp-json\/wp\/v2\/pages\/550"}],"collection":[{"href":"https:\/\/blogs.sld.cu\/carlosjfinlay\/wp-json\/wp\/v2\/pages"}],"about":[{"href":"https:\/\/blogs.sld.cu\/carlosjfinlay\/wp-json\/wp\/v2\/types\/page"}],"author":[{"embeddable":true,"href":"https:\/\/blogs.sld.cu\/carlosjfinlay\/wp-json\/wp\/v2\/users\/218"}],"replies":[{"embeddable":true,"href":"https:\/\/blogs.sld.cu\/carlosjfinlay\/wp-json\/wp\/v2\/comments?post=550"}],"version-history":[{"count":4,"href":"https:\/\/blogs.sld.cu\/carlosjfinlay\/wp-json\/wp\/v2\/pages\/550\/revisions"}],"predecessor-version":[{"id":641,"href":"https:\/\/blogs.sld.cu\/carlosjfinlay\/wp-json\/wp\/v2\/pages\/550\/revisions\/641"}],"up":[{"embeddable":true,"href":"https:\/\/blogs.sld.cu\/carlosjfinlay\/wp-json\/wp\/v2\/pages\/351"}],"wp:attachment":[{"href":"https:\/\/blogs.sld.cu\/carlosjfinlay\/wp-json\/wp\/v2\/media?parent=550"}],"curies":[{"name":"wp","href":"https:\/\/api.w.org\/{rel}","templated":true}]}}