{"id":554,"date":"2020-11-10T16:46:36","date_gmt":"2020-11-10T16:46:36","guid":{"rendered":"http:\/\/blogs.sld.cu\/carlosjfinlay\/?page_id=554"},"modified":"2021-04-08T17:12:14","modified_gmt":"2021-04-08T17:12:14","slug":"dr-aristides-agramonte","status":"publish","type":"page","link":"https:\/\/blogs.sld.cu\/carlosjfinlay\/galeria\/dr-aristides-agramonte\/","title":{"rendered":"Personalidades que intercambiaron correspondencia"},"content":{"rendered":"<p><a href=\"http:\/\/blogs.sld.cu\/carlosjfinlay\/files\/2020\/10\/Dr.-Aristides-Agramonte-Simoni.jpg\"><img loading=\"lazy\" class=\"  wp-image-384 aligncenter\" src=\"http:\/\/blogs.sld.cu\/carlosjfinlay\/files\/2020\/10\/Dr.-Aristides-Agramonte-Simoni-173x300.jpg\" alt=\"Dr. Aristides Agramonte Simoni\" width=\"204\" height=\"354\" srcset=\"https:\/\/blogs.sld.cu\/carlosjfinlay\/files\/2020\/10\/Dr.-Aristides-Agramonte-Simoni-173x300.jpg 173w, https:\/\/blogs.sld.cu\/carlosjfinlay\/files\/2020\/10\/Dr.-Aristides-Agramonte-Simoni.jpg 188w\" sizes=\"(max-width: 204px) 100vw, 204px\" \/><\/a><\/p>\n<p>Con fecha 12 de abril de 1905 escribi\u00f3 a Finlay para enviarle los datos de los casos de Carroll y Lazear, infectados de fiebre amarilla durante nuestros experimentos en 1900 y 1901.<\/p>\n<p>El Dr. Ar\u00edstides Agramonte Simoni fue un bacteri\u00f3logo, pat\u00f3logo y m\u00e9dico de origen cubano. Naci\u00f3 el 3 de junio de 1868 en Camag\u00fcey. Fue miembro de la Yellow Fever Commission del ej\u00e9rcito estadounidense, en la cual descubri\u00f3 en 1901 la actuaci\u00f3n de los mosquitos en la transmisi\u00f3n de la fiebre amarilla.<\/p>\n<p><a href=\"http:\/\/blogs.sld.cu\/carlosjfinlay\/files\/2020\/10\/Claudio-Delgado-Amestoy.jpg\"><img loading=\"lazy\" class=\" size-full wp-image-381 aligncenter\" src=\"http:\/\/blogs.sld.cu\/carlosjfinlay\/files\/2020\/10\/Claudio-Delgado-Amestoy.jpg\" alt=\"Claudio Delgado Amestoy\" width=\"202\" height=\"276\" \/><\/a><\/p>\n<p>Con fecha 26 de enero de 1901 escribi\u00f3 a Finlay felicit\u00e1ndolo por el triunfo de haber demostrado su teor\u00eda.<\/p>\n<p>El Dr. Claudio Delgado Amestoy fu\u00e9 un m\u00e9dico higienista espa\u00f1ol que vivi\u00f3 toda su vida en Cuba. Colaborador del m\u00e9dico Carlos\u00a0J. Finlay en los estudios sobre la fiebre amarilla.<\/p>\n<p>Naci\u00f3 el 8 de noviembre de 1843 en el pa\u00eds Vasco, Espa\u00f1a y muri\u00f3 el 13 de julio de 1916, a la edad de 72 a\u00f1os en el mismo lugar de bronconeumon\u00eda.<\/p>\n<p>Fue nombrado m\u00e9dico director del Hospital de Higiene del corregimiento de La\u00a0Habana y secretario general de la Sociedad de Estudios Cl\u00ednicos de La\u00a0Habana. Adem\u00e1s de realizarse como bacteri\u00f3logo, practic\u00f3 la cirug\u00eda y fue quien, por primera vez en Cuba, aplic\u00f3 una transfusi\u00f3n de sangre.<\/p>\n<p><a href=\"http:\/\/blogs.sld.cu\/carlosjfinlay\/files\/2020\/10\/Dr.-Ronald-Ross.jpg\"><img loading=\"lazy\" class=\"  wp-image-385 aligncenter\" src=\"http:\/\/blogs.sld.cu\/carlosjfinlay\/files\/2020\/10\/Dr.-Ronald-Ross.jpg\" alt=\"Dr. Ronald Ross\" width=\"199\" height=\"310\" \/><\/a><\/p>\n<p>Escribe una carta a Finlay el 15 de noviembre de 1904 para plantearle que en su condici\u00f3n de Premio Nobel en Medicina lo recomendar\u00eda al Comit\u00e9 del Premio N\u00f3bel de Medicina para el a\u00f1o 1905.<\/p>\n<p>Naci\u00f3 el 13 de mayo de 1857 en Londres y muri\u00f3 el 16 de septiembre de 1932. Fu\u00e9 un naturalista, m\u00e9dico, matem\u00e1tico, zo\u00f3logo, y entomol\u00f3go escoc\u00e9s. Estudi\u00f3 medicina en el Hospital de St. Bartholomew de Londres. M\u00e9dico militar en 1881, once a\u00f1os despu\u00e9s comenz\u00f3 a investigar la transmisi\u00f3n y el control de la malaria. Fue galardonado en 1902 con el Premio Nobel de Fisiolog\u00eda y Medicina. Ross fue elegido miembro de la Royal Society en 1901 y nombrado sir en 1911.<\/p>\n<p><a href=\"http:\/\/blogs.sld.cu\/carlosjfinlay\/files\/2020\/10\/Silas-Weir-Mitchell.jpg\"><img loading=\"lazy\" class=\" size-medium wp-image-391 aligncenter\" src=\"http:\/\/blogs.sld.cu\/carlosjfinlay\/files\/2020\/10\/Silas-Weir-Mitchell-212x300.jpg\" alt=\"Silas Weir Mitchell\" width=\"212\" height=\"300\" srcset=\"https:\/\/blogs.sld.cu\/carlosjfinlay\/files\/2020\/10\/Silas-Weir-Mitchell-212x300.jpg 212w, https:\/\/blogs.sld.cu\/carlosjfinlay\/files\/2020\/10\/Silas-Weir-Mitchell.jpg 220w\" sizes=\"(max-width: 212px) 100vw, 212px\" \/><\/a><\/p>\n<p>Escribi\u00f3 una carta a Finlay con fecha 25 de diciembre de 1888 en la que le confirmaba su creencia en su teor\u00eda.<\/p>\n<p><span class=\"tlid-translation translation\" lang=\"es\"><span class=\"\" title=\"\">Naci\u00f3 el 15 de febrero de 1829 y muri\u00f3 el 4 de enero de 1914. Fue un m\u00e9dico, cient\u00edfico, novelista y poeta estadounidense.<\/span> <span class=\"\" title=\"\">Se le considera el padre de la neurolog\u00eda m\u00e9dica y descubri\u00f3 la causalgia (s\u00edndrome de dolor regional complejo) y la eritromelalgia, y fue pionero en la cura del reposo.<\/span><\/span><\/p>\n<p><a href=\"http:\/\/blogs.sld.cu\/carlosjfinlay\/files\/2020\/10\/Walter-Reed.jpg\"><img loading=\"lazy\" class=\"  wp-image-392 aligncenter\" src=\"http:\/\/blogs.sld.cu\/carlosjfinlay\/files\/2020\/10\/Walter-Reed.jpg\" alt=\"Walter Reed\" width=\"221\" height=\"318\" \/><\/a><\/p>\n<p>Escribi\u00f3 una carta el 7 de octubre de 1900 a Finlay en la que le expresaba que en breve ir\u00eda por su casa para saludarle y expresarle su admiraci\u00f3n por las investigaciones realizadas.<\/p>\n<p>El Mayor Walter Reed fue un m\u00e9dico del ej\u00e9rcito de los Estados Unidos que en 1900 dirigi\u00f3 el equipo que confirm\u00f3 la teor\u00eda que la fiebre amarilla se transmite por el mosquito Aedes aegypti, en vez de por contacto directo.<\/p>\n<p>Naci\u00f3 el 13 de septiembre de 1851, Belroi, Virginia, Estados Unidos y falleci\u00f3 el 22 de noviembre de 1902, Washington D. C., Estados Unidos.<\/p>\n<p><a href=\"http:\/\/blogs.sld.cu\/carlosjfinlay\/files\/2020\/10\/William-Gorgas.jpg\"><img loading=\"lazy\" class=\"  wp-image-393 aligncenter\" src=\"http:\/\/blogs.sld.cu\/carlosjfinlay\/files\/2020\/10\/William-Gorgas.jpg\" alt=\"William Gorgas\" width=\"211\" height=\"297\" \/><\/a><\/p>\n<p>Escribi\u00f3 una misiva al Dr. Finlay preocup\u00e1ndose por la salud del mismo y rearfimando que solo ten\u00eda conocimiento de un investigador que estuviera trabajando el proyecto del mosquito aedes aegypti como trasmisor de la fiebre amarilla, y que ese era el Dr. Carlos J. Finlay.<\/p>\n<p>Fue un m\u00e9dicos estadounidense Caballero Comandante de la Orden de San Miguel y San Jorge KCMG y el vig\u00e9simo segundo Cirujano General de la Armada de los Estados Unidos.<\/p>\n<p>Naci\u00f3 el 3 de octubre de 1854, Toulminville, Mobile, Alabama, Estados Unidos y falleci\u00f3 el 3 de julio de 1920, Londres, Reino Unido.<\/p>\n<p>Se especializ\u00f3 en: malaria, fiebre amarilla, medicina preventiva y establecimiento sanitario.<\/p>\n<p>Fue distinguido con la Medalla por Servicio Distinguido del Ej\u00e9rcito Norteamericano.<\/p>\n","protected":false},"excerpt":{"rendered":"<p>Con fecha 12 de abril de 1905 escribi\u00f3 a Finlay para enviarle los datos de los casos de Carroll y Lazear, infectados de fiebre amarilla durante nuestros experimentos en 1900 y 1901. El Dr. Ar\u00edstides Agramonte Simoni fue un bacteri\u00f3logo, pat\u00f3logo y m\u00e9dico de origen cubano. Naci\u00f3 el 3 de junio de 1868 en Camag\u00fcey. [&hellip;]<\/p>\n","protected":false},"author":218,"featured_media":0,"parent":351,"menu_order":1,"comment_status":"closed","ping_status":"closed","template":"monocolumn.php","meta":[],"_links":{"self":[{"href":"https:\/\/blogs.sld.cu\/carlosjfinlay\/wp-json\/wp\/v2\/pages\/554"}],"collection":[{"href":"https:\/\/blogs.sld.cu\/carlosjfinlay\/wp-json\/wp\/v2\/pages"}],"about":[{"href":"https:\/\/blogs.sld.cu\/carlosjfinlay\/wp-json\/wp\/v2\/types\/page"}],"author":[{"embeddable":true,"href":"https:\/\/blogs.sld.cu\/carlosjfinlay\/wp-json\/wp\/v2\/users\/218"}],"replies":[{"embeddable":true,"href":"https:\/\/blogs.sld.cu\/carlosjfinlay\/wp-json\/wp\/v2\/comments?post=554"}],"version-history":[{"count":9,"href":"https:\/\/blogs.sld.cu\/carlosjfinlay\/wp-json\/wp\/v2\/pages\/554\/revisions"}],"predecessor-version":[{"id":640,"href":"https:\/\/blogs.sld.cu\/carlosjfinlay\/wp-json\/wp\/v2\/pages\/554\/revisions\/640"}],"up":[{"embeddable":true,"href":"https:\/\/blogs.sld.cu\/carlosjfinlay\/wp-json\/wp\/v2\/pages\/351"}],"wp:attachment":[{"href":"https:\/\/blogs.sld.cu\/carlosjfinlay\/wp-json\/wp\/v2\/media?parent=554"}],"curies":[{"name":"wp","href":"https:\/\/api.w.org\/{rel}","templated":true}]}}