{"id":816,"date":"2020-12-03T16:35:19","date_gmt":"2020-12-03T16:35:19","guid":{"rendered":"http:\/\/blogs.sld.cu\/carlosjfinlay\/?page_id=816"},"modified":"2020-12-08T19:18:52","modified_gmt":"2020-12-08T19:18:52","slug":"biografia-2","status":"publish","type":"page","link":"https:\/\/blogs.sld.cu\/carlosjfinlay\/biografia-2\/","title":{"rendered":"Biograf\u00eda"},"content":{"rendered":"<p><a href=\"http:\/\/blogs.sld.cu\/carlosjfinlay\/files\/2020\/10\/13.jpg\"><img loading=\"lazy\" class=\" size-full wp-image-419 aligncenter\" src=\"http:\/\/blogs.sld.cu\/carlosjfinlay\/files\/2020\/10\/13.jpg\" alt=\"13\" width=\"271\" height=\"186\" \/><\/a><\/p>\n<p>Carlos Juan Finlay Barr\u00e9s fue un m\u00e9dico y cient\u00edfico cubano. Descubri\u00f3 y describi\u00f3 la importancia del vector biol\u00f3gico a trav\u00e9s de la teor\u00eda metax\u00e9nica de la transmisi\u00f3n de enfermedades por agentes biol\u00f3gicos, aplic\u00e1ndola a la fiebre a amarilla transmitida por el mosquito Aedes Aegypti.<\/p>\n<p><strong>Informaci\u00f3n general:<\/strong><\/p>\n<p><strong>Personal<\/strong><br \/>\nNombre completo: Carlos Juan Finlay y Barr\u00e9s.<br \/>\nNacionalidad: Cubana y espa\u00f1ola.<br \/>\nNacimiento: 3 de diciembre de 1833. Camag\u00fcey, Cuba.<br \/>\nFallecimiento: 19 de agosto de 1915 (81 a\u00f1os). La Habana, Cuba.<\/p>\n<p><strong>Educaci\u00f3n<\/strong><br \/>\nJefferson Medical College<br \/>\nThomas Jefferson University<\/p>\n<p><strong>Profesional<\/strong><br \/>\nM\u00e9dico y cient\u00edfico<\/p>\n","protected":false},"excerpt":{"rendered":"<p>Carlos Juan Finlay Barr\u00e9s fue un m\u00e9dico y cient\u00edfico cubano. Descubri\u00f3 y describi\u00f3 la importancia del vector biol\u00f3gico a trav\u00e9s de la teor\u00eda metax\u00e9nica de la transmisi\u00f3n de enfermedades por agentes biol\u00f3gicos, aplic\u00e1ndola a la fiebre a amarilla transmitida por el mosquito Aedes Aegypti. Informaci\u00f3n general: Personal Nombre completo: Carlos Juan Finlay y Barr\u00e9s. Nacionalidad: [&hellip;]<\/p>\n","protected":false},"author":218,"featured_media":0,"parent":0,"menu_order":1,"comment_status":"closed","ping_status":"closed","template":"sidebar-content.php","meta":[],"_links":{"self":[{"href":"https:\/\/blogs.sld.cu\/carlosjfinlay\/wp-json\/wp\/v2\/pages\/816"}],"collection":[{"href":"https:\/\/blogs.sld.cu\/carlosjfinlay\/wp-json\/wp\/v2\/pages"}],"about":[{"href":"https:\/\/blogs.sld.cu\/carlosjfinlay\/wp-json\/wp\/v2\/types\/page"}],"author":[{"embeddable":true,"href":"https:\/\/blogs.sld.cu\/carlosjfinlay\/wp-json\/wp\/v2\/users\/218"}],"replies":[{"embeddable":true,"href":"https:\/\/blogs.sld.cu\/carlosjfinlay\/wp-json\/wp\/v2\/comments?post=816"}],"version-history":[{"count":1,"href":"https:\/\/blogs.sld.cu\/carlosjfinlay\/wp-json\/wp\/v2\/pages\/816\/revisions"}],"predecessor-version":[{"id":820,"href":"https:\/\/blogs.sld.cu\/carlosjfinlay\/wp-json\/wp\/v2\/pages\/816\/revisions\/820"}],"wp:attachment":[{"href":"https:\/\/blogs.sld.cu\/carlosjfinlay\/wp-json\/wp\/v2\/media?parent=816"}],"curies":[{"name":"wp","href":"https:\/\/api.w.org\/{rel}","templated":true}]}}