{"id":1180,"date":"2015-08-21T18:31:26","date_gmt":"2015-08-21T18:31:26","guid":{"rendered":"http:\/\/blogs.sld.cu\/cibernetica\/?page_id=1180"},"modified":"2015-08-29T17:49:02","modified_gmt":"2015-08-29T17:49:02","slug":"relacion-humanos-tecnologias","status":"publish","type":"page","link":"https:\/\/blogs.sld.cu\/cibernetica\/ejecute-un-sistema-experto-ya-puede-ser-descargado\/relacion-humanos-tecnologias\/","title":{"rendered":"Relaci\u00f3n humanos tecnolog\u00edas"},"content":{"rendered":"<p><span style=\"text-decoration: underline;\">Capitulo 4: Relacion humanos-tecnologias<\/span><\/p>\n<ul>\n<li>El impacto de las tecnologias (tecnologias emergentes)<\/li>\n<li>De la era natural a la era tecnol\u00f3gica (futuro posthumano)<\/li>\n<li>Relacion simbi\u00f3tica entre humanos y tecnologias. Escenarios futuros (convivencia entre super inteligencias)<\/li>\n<li>Hacia la cooperaci\u00f3n (mutualismo) entre humanos y tecnologias. Enfoque cibern\u00e9tico.<\/li>\n<\/ul>\n","protected":false},"excerpt":{"rendered":"<p>Capitulo 4: Relacion humanos-tecnologias El impacto de las tecnologias (tecnologias emergentes) De la era natural a la era tecnol\u00f3gica (futuro posthumano) Relacion simbi\u00f3tica entre humanos y tecnologias. Escenarios futuros (convivencia entre super inteligencias) Hacia la cooperaci\u00f3n (mutualismo) entre humanos y tecnologias. Enfoque cibern\u00e9tico.<\/p>\n","protected":false},"author":109,"featured_media":0,"parent":638,"menu_order":9,"comment_status":"open","ping_status":"open","template":"","meta":[],"_links":{"self":[{"href":"https:\/\/blogs.sld.cu\/cibernetica\/wp-json\/wp\/v2\/pages\/1180"}],"collection":[{"href":"https:\/\/blogs.sld.cu\/cibernetica\/wp-json\/wp\/v2\/pages"}],"about":[{"href":"https:\/\/blogs.sld.cu\/cibernetica\/wp-json\/wp\/v2\/types\/page"}],"author":[{"embeddable":true,"href":"https:\/\/blogs.sld.cu\/cibernetica\/wp-json\/wp\/v2\/users\/109"}],"replies":[{"embeddable":true,"href":"https:\/\/blogs.sld.cu\/cibernetica\/wp-json\/wp\/v2\/comments?post=1180"}],"version-history":[{"count":2,"href":"https:\/\/blogs.sld.cu\/cibernetica\/wp-json\/wp\/v2\/pages\/1180\/revisions"}],"predecessor-version":[{"id":1235,"href":"https:\/\/blogs.sld.cu\/cibernetica\/wp-json\/wp\/v2\/pages\/1180\/revisions\/1235"}],"up":[{"embeddable":true,"href":"https:\/\/blogs.sld.cu\/cibernetica\/wp-json\/wp\/v2\/pages\/638"}],"wp:attachment":[{"href":"https:\/\/blogs.sld.cu\/cibernetica\/wp-json\/wp\/v2\/media?parent=1180"}],"curies":[{"name":"wp","href":"https:\/\/api.w.org\/{rel}","templated":true}]}}